{"id":77122,"date":"2023-05-31T09:17:34","date_gmt":"2023-05-31T13:17:34","guid":{"rendered":"https:\/\/www.ottawahospital.on.ca\/?page_id=77122"},"modified":"2026-03-17T13:02:32","modified_gmt":"2026-03-17T17:02:32","slug":"possibilites-de-carriere","status":"publish","type":"page","link":"https:\/\/www.ottawahospital.on.ca\/fr\/possibilites-de-carriere\/","title":{"rendered":"Possibilit\u00e9s de carri\u00e8re"},"content":{"rendered":"\n<div class=\"wp-block-media-text alignwide is-stacked-on-mobile is-vertically-aligned-center has-background\" style=\"background-color:#70b9c6;grid-template-columns:30% auto\"><figure class=\"wp-block-media-text__media\"><img decoding=\"async\" width=\"687\" height=\"1000\" src=\"https:\/\/www.ottawahospital.on.ca\/wp-content\/uploads\/2023\/05\/Nurse.png\" alt=\"Nurse\" class=\"wp-image-76999 size-full\" srcset=\"https:\/\/www.ottawahospital.on.ca\/wp-content\/uploads\/2023\/05\/Nurse.png 687w, https:\/\/www.ottawahospital.on.ca\/wp-content\/uploads\/2023\/05\/Nurse-600x873.png 600w, https:\/\/www.ottawahospital.on.ca\/wp-content\/uploads\/2023\/05\/Nurse-206x300.png 206w\" sizes=\"(max-width: 687px) 100vw, 687px\" \/><\/figure><div class=\"wp-block-media-text__content\">\n<div class=\"wp-block-group has-background\" style=\"background-color:#ffffff6e;padding-top:2em;padding-right:2em;padding-bottom:2em;padding-left:2em\"><div class=\"wp-block-group__inner-container is-layout-flow wp-block-group-is-layout-flow\">\n<p style=\"font-size:1.75em;font-style:normal;font-weight:700\"><a href=\"https:\/\/jobposting.ottawahospital.on.ca\/psc\/jobposting\/EMPLOYEE\/HRMS\/c\/HRS_HRAM_FL.HRS_CG_SEARCH_FL.GBL?Page=HRS_APP_SCHJOB_FL&amp;Action=U&amp;FOCUS=Applicant&amp;SiteId=2&amp;languageCD=CFR&amp;\">Carri\u00e8re \u00e0 L\u2019H\u00f4pital d\u2019Ottawa<\/a><\/p>\n<\/div><\/div>\n<\/div><\/div>\n\n\n\n<div class=\"wp-block-cover alignfull is-light\" style=\"min-height:200px;aspect-ratio:unset;\"><span aria-hidden=\"true\" class=\"wp-block-cover__background has-background-dim-100 has-background-dim\" style=\"background-color:#f3f4f9\"><\/span><div class=\"wp-block-cover__inner-container is-layout-flow wp-block-cover-is-layout-flow\">\n<div class=\"wp-block-columns alignwide is-layout-flex wp-container-core-columns-is-layout-9d6595d7 wp-block-columns-is-layout-flex\">\n<div class=\"wp-block-column is-vertically-aligned-top is-layout-flow wp-block-column-is-layout-flow\" style=\"flex-basis:100%\">\n<h2 class=\"wp-block-heading has-text-color\" style=\"color:#295d90;font-size:32px\">Bienvenue! Merci de votre int\u00e9r\u00eat \u00e0 faire carri\u00e8re \u00e0 L\u2019H\u00f4pital d\u2019Ottawa.<\/h2>\n\n\n\n<div class=\"wp-block-buttons is-layout-flex wp-block-buttons-is-layout-flex\">\n<div class=\"wp-block-button is-style-fill\"><a class=\"wp-block-button__link has-white-color has-text-color has-background has-small-font-size has-custom-font-size wp-element-button\" href=\"https:\/\/www.ottawahospital.on.ca\/fr\/possibilites-de-carriere\/presentez-votre-candidature-des-maintenant\/\" style=\"border-radius:0px;background-color:#295d90;font-style:normal;font-weight:700\"><strong>Pr\u00e9sentez votre candidature d\u00e8s maintenant!<\/strong><\/a><\/div>\n<\/div>\n<\/div>\n<\/div>\n<\/div><\/div>\n\n\n\n<div class=\"wp-block-columns margintop20 is-layout-flex wp-container-core-columns-is-layout-9d6595d7 wp-block-columns-is-layout-flex\">\n<div class=\"wp-block-column has-black-color has-text-color has-background is-layout-flow wp-block-column-is-layout-flow\" style=\"background-color:#70b9c6;flex-basis:25%\">\n<p class=\"has-text-align-center padding15 has-black-color has-text-color\" style=\"font-style:normal;font-weight:700\"><a href=\"https:\/\/www.ottawahospital.on.ca\/fr\/possibilites-de-carriere\/soins-infirmiers-et-infirmieres-formees-a-letranger\/\">Soins infirmiers et  infirmi\u00e8res form\u00e9es \u00e0 l\u2019\u00e9tranger<\/a><\/p>\n<\/div>\n\n\n\n<div class=\"wp-block-column padding15 margintop20 has-white-color has-text-color has-background is-layout-flow wp-block-column-is-layout-flow\" style=\"background-color:#70b9c6;flex-basis:25%\">\n<p class=\"has-text-align-center has-black-color has-text-color\" style=\"font-style:normal;font-weight:700\"><a href=\"https:\/\/www.ottawahospital.on.ca\/fr\/possibilites-de-carriere\/poste-de-direction\/\">Poste de direction<\/a><\/p>\n<\/div>\n\n\n\n<div class=\"wp-block-column padding15 margintop20 has-white-color has-text-color has-background is-layout-flow wp-block-column-is-layout-flow\" style=\"background-color:#70b9c6;flex-basis:25%\">\n<p class=\"has-text-align-center has-black-color has-text-color\" style=\"font-style:normal;font-weight:700\"><strong><a href=\"https:\/\/www.ottawahospital.on.ca\/fr\/possibilites-de-carriere\/pourquoi-choisir\/\">Pourquoi choisir L\u2019H\u00f4pital d\u2019Ottawa?<\/a><\/strong><\/p>\n<\/div>\n\n\n\n<div class=\"wp-block-column padding15 margintop20 has-white-color has-text-color has-background is-layout-flow wp-block-column-is-layout-flow\" style=\"background-color:#70b9c6;flex-basis:25%\">\n<p class=\"has-text-align-center has-black-color has-text-color\" style=\"font-style:normal;font-weight:700\"><a href=\"https:\/\/www.ottawahospital.on.ca\/fr\/possibilites-de-carriere\/devenir-benevolat\/\">b\u00e9n\u00e9vole de L\u2019H\u00f4pital d\u2019Ottawa<\/a><\/p>\n<\/div>\n<\/div>\n\n\n\n<div class=\"wp-block-cover alignfull is-light\" style=\"min-height:150px;aspect-ratio:unset;\"><span aria-hidden=\"true\" class=\"wp-block-cover__background has-background-dim-100 has-background-dim\" style=\"background-color:#f3f4f9\"><\/span><div class=\"wp-block-cover__inner-container is-layout-flow wp-block-cover-is-layout-flow\">\n<div class=\"wp-block-columns alignwide is-layout-flex wp-container-core-columns-is-layout-9d6595d7 wp-block-columns-is-layout-flex\">\n<div class=\"wp-block-column is-vertically-aligned-top is-layout-flow wp-block-column-is-layout-flow\" style=\"flex-basis:100%\">\n<h2 class=\"wp-block-heading has-text-color\" style=\"color:#295d90;font-size:32px\">Carri\u00e8res et b\u00e9n\u00e9volat<\/h2>\n\n\n\n<p class=\"has-text-color\" style=\"color:#000000;font-size:1.0625em\"><strong>Join one of Canada&rsquo;s top learning and research hospitals. <\/strong>Pour faire une recherche d\u2019emploi, consulter une offre d\u2019emploi \u00e0 L\u2019H\u00f4pital d\u2019Ottawa ou \u00e0 l\u2019un de ses partenaires ou encore pour soumettre votre candidature, cliquez sur les liens ci-dessous.<\/p>\n<\/div>\n<\/div>\n<\/div><\/div>\n\n\n\n<div class=\"wp-block-buttons margintop10 is-layout-flex wp-block-buttons-is-layout-flex\">\n<div class=\"wp-block-button\"><a class=\"wp-block-button__link has-white-color has-text-color has-background has-small-font-size has-custom-font-size wp-element-button\" href=\"https:\/\/jobposting.ottawahospital.on.ca\/psc\/jobposting\/EMPLOYEE\/HRMS\/c\/HRS_HRAM_FL.HRS_CG_SEARCH_FL.GBL?Page=HRS_APP_SCHJOB_FL&amp;Action=U&amp;FOCUS=Applicant&amp;SiteId=2&amp;languageCD=CFR\" style=\"border-radius:0px;background-color:#295d90;font-style:normal;font-weight:700\" target=\"_blank\" rel=\"noreferrer noopener\"><strong>\u00c0 L\u2019H\u00f4pital<\/strong><\/a><\/div>\n\n\n\n<div class=\"wp-block-button\"><a class=\"wp-block-button__link has-white-color has-text-color has-background has-small-font-size has-custom-font-size wp-element-button\" href=\"fr\/possibilites-de-carriere\/poste-de-direction\/\" style=\"border-radius:0px;background-color:#295d90;font-style:normal;font-weight:700\"><strong>Poste de direction<\/strong><\/a><\/div>\n\n\n\n<div class=\"wp-block-button\"><a class=\"wp-block-button__link has-white-color has-text-color has-background has-small-font-size has-custom-font-size wp-element-button\" href=\"https:\/\/jobposting.ottawahospital.on.ca\/psc\/jobposting\/EMPLOYEE\/HRMS\/c\/HRS_HRAM_FL.HRS_CG_SEARCH_FL.GBL?Page=HRS_APP_SCHJOB_FL&amp;Action=U&amp;FOCUS=Applicant&amp;SiteId=4&amp;languageCD=CFR\" style=\"border-radius:0px;background-color:#295d90;font-style:normal;font-weight:700\" target=\"_blank\" rel=\"noreferrer noopener\"><strong>Nos partenaires<\/strong><\/a><\/div>\n<\/div>\n\n\n\n<div class=\"wp-block-cover alignfull is-light margintop20\" style=\"min-height:150px;aspect-ratio:unset;\"><span aria-hidden=\"true\" class=\"wp-block-cover__background has-background-dim-100 has-background-dim\" style=\"background-color:#f3f4f9\"><\/span><div class=\"wp-block-cover__inner-container is-layout-flow wp-block-cover-is-layout-flow\">\n<div class=\"wp-block-columns alignwide is-layout-flex wp-container-core-columns-is-layout-9d6595d7 wp-block-columns-is-layout-flex\">\n<div class=\"wp-block-column is-vertically-aligned-top nomarginbottom is-layout-flow wp-block-column-is-layout-flow\" style=\"flex-basis:100%\">\n<h2 class=\"wp-block-heading has-text-color\" style=\"color:#295d90;font-size:32px\">Recrutement d\u2019infirmi\u00e8res<\/h2>\n\n\n\n<p class=\"has-text-color\" style=\"color:#000000;font-size:1.0625em\">Joignez-vous \u00e0 l\u2019un des plus grands h\u00f4pitaux d\u2019enseignement au Canada et profitez de nos nombreuses mesures de soutien qui vous aideront \u00e0 obtenir votre titre d\u2019infirmi\u00e8re autoris\u00e9e.&nbsp; Nous nous engageons \u00e0 appuyer les infirmi\u00e8res form\u00e9es \u00e0 l\u2019\u00e9tranger qui perfectionnent leurs comp\u00e9tences professionnelles pour exercer en Ontario.<\/p>\n<\/div>\n<\/div>\n<\/div><\/div>\n\n\n\n<div class=\"wp-block-buttons margintop10 is-layout-flex wp-block-buttons-is-layout-flex\">\n<div class=\"wp-block-button\"><a class=\"wp-block-button__link has-white-color has-text-color has-background has-small-font-size has-custom-font-size wp-element-button\" href=\"https:\/\/jobposting.ottawahospital.on.ca\/psc\/jobposting\/EMPLOYEE\/HRMS\/c\/HRS_HRAM_FL.HRS_CG_SEARCH_FL.GBL?Page=HRS_APP_SCHJOB_FL&amp;Action=U&amp;FOCUS=Applicant&amp;SiteId=2&amp;languageCD=CFR\" style=\"border-radius:0px;background-color:#295d90;font-style:normal;font-weight:700\" target=\"_blank\" rel=\"noreferrer noopener\"><strong>Opportunit\u00e9s de carri\u00e8re en soins infirmiers \u00e0 L\u2019H\u00f4pital<\/strong><\/a><\/div>\n<\/div>\n\n\n\n<div class=\"wp-block-cover alignfull is-light margintop20\" style=\"min-height:75px;aspect-ratio:unset;\"><span aria-hidden=\"true\" class=\"wp-block-cover__background has-background-dim-100 has-background-dim\" style=\"background-color:#f3f4f9\"><\/span><div class=\"wp-block-cover__inner-container is-layout-flow wp-block-cover-is-layout-flow\">\n<div class=\"wp-block-columns alignwide is-layout-flex wp-container-core-columns-is-layout-9d6595d7 wp-block-columns-is-layout-flex\">\n<div class=\"wp-block-column is-vertically-aligned-top is-layout-flow wp-block-column-is-layout-flow\" style=\"flex-basis:100%\">\n<p class=\"has-text-align-center has-text-color\" style=\"color:#000000\"><strong>L\u2019H\u00f4pital d\u2019Ottawa souscrit au principe d\u2019\u00e9quit\u00e9 en mati\u00e8re d\u2019emploi. Il offre sur demande aux personnes ayant une incapacit\u00e9 des mesures d\u2019adaptation dans le cadre du processus de s\u00e9lection et en cours d\u2019emploi au besoin.<\/strong><\/p>\n<\/div>\n<\/div>\n<\/div><\/div>\n\n\n\n<div class=\"wp-block-cover alignfull is-light margintop20\" style=\"min-height:200px;aspect-ratio:unset;\"><span aria-hidden=\"true\" class=\"wp-block-cover__background has-background-dim-100 has-background-dim\" style=\"background-color:#a6be4b\"><\/span><div class=\"wp-block-cover__inner-container is-layout-flow wp-block-cover-is-layout-flow\">\n<div class=\"wp-block-columns alignwide is-layout-flex wp-container-core-columns-is-layout-9d6595d7 wp-block-columns-is-layout-flex\">\n<div class=\"wp-block-column is-vertically-aligned-top is-layout-flow wp-block-column-is-layout-flow\" style=\"flex-basis:100%\">\n<p>L\u2019H\u00f4pital d\u2019Ottawa s\u2019est engag\u00e9 \u00e0 offrir un milieu s\u00e9curitaire au personnel, aux patients et aux visiteurs. Tout candidat \u00e0 un emploi ou au b\u00e9n\u00e9volat \u00e0 L\u2019H\u00f4pital d\u2019Ottawa doit \u00eatre enti\u00e8rement vaccin\u00e9. Les candidats sont \u00e9galement fortement encourag\u00e9s \u00e0 recevoir leur vaccin de rappel contre la COVID-19 lorsqu\u2019ils y ont droit afin de se prot\u00e9ger contre la propagation de la COVID-19. Lors de l\u2019embauche, un document confirmant la vaccination doit \u00eatre fourni. En cas de contre-indication m\u00e9dicale valide ou de toute autre consid\u00e9ration justifiant que la personne ne soit pas vaccin\u00e9e au titre du <em>Code des droits de la personne de l\u2019Ontario<\/em>, un document officiel en t\u00e9moignant devra \u00eatre pr\u00e9sent\u00e9. Sant\u00e9 au travail v\u00e9rifiera alors la preuve de vaccination contre la COVID-19 et (ou) l\u2019exemption, et un compl\u00e9ment d\u2019information pourrait \u00eatre demand\u00e9 au besoin.&nbsp;<\/p>\n<\/div>\n<\/div>\n<\/div><\/div>\n\n\n\n<div class=\"wp-block-cover alignfull is-light margintop20\" style=\"min-height:150px;aspect-ratio:unset;\"><span aria-hidden=\"true\" class=\"wp-block-cover__background has-background-dim-100 has-background-dim\" style=\"background-color:#fdb933\"><\/span><div class=\"wp-block-cover__inner-container is-layout-flow wp-block-cover-is-layout-flow\">\n<div class=\"wp-block-columns alignwide is-layout-flex wp-container-core-columns-is-layout-9d6595d7 wp-block-columns-is-layout-flex\">\n<div class=\"wp-block-column is-vertically-aligned-top is-layout-flow wp-block-column-is-layout-flow\" style=\"flex-basis:100%\">\n<h2 class=\"wp-block-heading has-black-color has-text-color\" style=\"font-size:32px\">Avertissement : offres d\u2019emploi frauduleuses<\/h2>\n\n\n\n<p>L\u2019H\u00f4pital d\u2019Ottawa a appris que de fausses offres d\u2019emploi et lettres d\u2019offre d\u2019emploi circulent dans la collectivit\u00e9, et que des individus d\u00e9clarent faussement repr\u00e9senter L\u2019H\u00f4pital d\u2019Ottawa via ces escroqueries au recrutement. De telles tactiques frauduleuses peuvent sembler cr\u00e9dibles et \u00eatre orchestr\u00e9es par des individus affirmant faussement qu\u2019ils travaillent pour L\u2019H\u00f4pital d\u2019Ottawa. Ces m\u00e9thodes non l\u00e9gitimes visent \u00e0 tenter d\u2019acc\u00e9der ill\u00e9galement \u00e0 vos renseignements personnels ou financiers.<\/p>\n\n\n\n<p><strong><strong>Voici quelques signes de fausses offres d\u2019emploi et lettres d\u2019offre d\u2019emploi :<\/strong><\/strong><\/p>\n\n\n\n<ul class=\"wp-block-list\">\n<li>Des offres d\u2019emploi qui ne sont pas affich\u00e9es sur la page officielle \u00ab Carri\u00e8res \u00bb de L\u2019H\u00f4pital d\u2019Ottawa et sur lesquelles ne figurent pas le logo officiel ou les coordonn\u00e9es de L\u2019H\u00f4pital d\u2019Ottawa.<\/li>\n\n\n\n<li>Des courriels envoy\u00e9s depuis des comptes de courriel comme Gmail, Yahoo ou Outlook.<\/li>\n\n\n\n<li>Une offre d\u2019emploi pour laquelle vous n\u2019avez ni postul\u00e9 ni pass\u00e9 d\u2019entrevue.<\/li>\n\n\n\n<li>Il est demand\u00e9 aux candidats de payer d\u2019avance un certain montant ou de fournir leur num\u00e9ro de carte de cr\u00e9dit ou leurs renseignements bancaires dans le cadre du processus de candidature.<\/li>\n<\/ul>\n\n\n\n<p>La <a href=\"https:\/\/www.ottawahospital.on.ca\/fr\/possibilites-de-carriere\/\" target=\"_blank\" rel=\"noreferrer noopener\">page Carri\u00e8res<\/a>\u00a0sur le site Web de L\u2019H\u00f4pital d\u2019Ottawa est la seule source officielle sur laquelle sont affich\u00e9es toutes les offres d\u2019emploi actuelles. Si vous avez des questions sur un emploi pour lequel vous postulez ou si vous vous interrogez sur la l\u00e9gitimit\u00e9 d\u2019une offre d\u2019emploi que vous avez re\u00e7ue, veuillez communiquer avec le Service des ressources humaines de L\u2019H\u00f4pital d\u2019Ottawa, en composant le 613\u00a0798-5555, poste 16947, le 1\u00a0800\u00a0274-3732 (sans frais en Am\u00e9rique du Nord), ou en \u00e9crivant \u00e0\u00a0<a href=\"mailto:RHSoutien@lho.ca\">RHSoutien@lho.ca<\/a>. Les possibilit\u00e9s d\u2019emploi offertes par l\u2019H\u00f4pital peuvent aussi \u00eatre affich\u00e9es uniquement dans des m\u00e9dias bien connus et des sites d\u2019emploi ayant une tr\u00e8s bonne r\u00e9putation. Conseils pour en <a href=\"https:\/\/www.ottawahospital.on.ca\/fr\/possibilites-de-carriere\/arnaques-a-la-recherche-demploi\/\">savoir plus sur les arnaques \u00e0 la recherche d\u2019emploi<\/a>.<\/p>\n<\/div>\n<\/div>\n<\/div><\/div>\n","protected":false},"excerpt":{"rendered":"<p>Soins infirmiers et infirmi\u00e8res form\u00e9es \u00e0 l\u2019\u00e9tranger Poste de direction Pourquoi choisir L\u2019H\u00f4pital d\u2019Ottawa? b\u00e9n\u00e9vole de L\u2019H\u00f4pital d\u2019Ottawa<\/p>\n","protected":false},"author":25,"featured_media":0,"parent":0,"menu_order":0,"comment_status":"closed","ping_status":"closed","template":"","meta":{"_acf_changed":false,"_mc_calendar":[],"footnotes":""},"class_list":["post-77122","page","type-page","status-publish","hentry"],"acf":[],"wps_subtitle":"","_links":{"self":[{"href":"https:\/\/www.ottawahospital.on.ca\/fr\/wp-json\/wp\/v2\/pages\/77122","targetHints":{"allow":["GET"]}}],"collection":[{"href":"https:\/\/www.ottawahospital.on.ca\/fr\/wp-json\/wp\/v2\/pages"}],"about":[{"href":"https:\/\/www.ottawahospital.on.ca\/fr\/wp-json\/wp\/v2\/types\/page"}],"author":[{"embeddable":true,"href":"https:\/\/www.ottawahospital.on.ca\/fr\/wp-json\/wp\/v2\/users\/25"}],"replies":[{"embeddable":true,"href":"https:\/\/www.ottawahospital.on.ca\/fr\/wp-json\/wp\/v2\/comments?post=77122"}],"version-history":[{"count":2,"href":"https:\/\/www.ottawahospital.on.ca\/fr\/wp-json\/wp\/v2\/pages\/77122\/revisions"}],"predecessor-version":[{"id":277859,"href":"https:\/\/www.ottawahospital.on.ca\/fr\/wp-json\/wp\/v2\/pages\/77122\/revisions\/277859"}],"wp:attachment":[{"href":"https:\/\/www.ottawahospital.on.ca\/fr\/wp-json\/wp\/v2\/media?parent=77122"}],"curies":[{"name":"wp","href":"https:\/\/api.w.org\/{rel}","templated":true}]}}