{"id":76816,"date":"2023-05-12T13:21:14","date_gmt":"2023-05-12T17:21:14","guid":{"rendered":"https:\/\/www.ottawahospital.on.ca\/?page_id=76816"},"modified":"2023-05-12T13:22:53","modified_gmt":"2023-05-12T17:22:53","slug":"dr-gregory-knoll","status":"publish","type":"page","link":"https:\/\/www.ottawahospital.on.ca\/fr\/about-us\/notre-equipe-de-direction\/equipe-de-la-haute-direction\/dr-gregory-knoll\/","title":{"rendered":"Dr Gregory Knoll"},"content":{"rendered":"<div class=\"wp-caption alignleft\" style=\"width: 145px;\"><img decoding=\"async\" class=\"img-responsive wp-image-51249 size-full\" src=\"\/wp-content\/uploads\/2021\/06\/GregKnoll.jpg\" alt=\"Dr. Gregory Knoll\" width=\"135\" height=\"169\" \/><\/p>\n<p class=\"wp-caption-text\"><b>Dr. Gregory Knoll<\/b><br \/>\nChef, D\u00e9partement de m\u00e9decine<\/p>\n<p class=\"wp-caption-text\"><strong>Renseignements<\/strong><br \/>\n613-798-5555 post 82536\/72297<br \/>\n<a href=\"mailto:Gknoll@toh.ca\">Gknoll@toh.ca<\/a><\/p>\n<\/div>\n<p>Greg Knoll est directeur du D\u00e9partement de m\u00e9decine \u00e0 l\u2019Universit\u00e9 d\u2019Ottawa et chef du D\u00e9partement de m\u00e9decine \u00e0 L\u2019H\u00f4pital d\u2019Ottawa et scientifique principal au sein du Programme d\u2019\u00e9pid\u00e9miologie clinique de l\u2019Institut de recherche de l\u2019H\u00f4pital d\u2019Ottawa. Ses recherches portent sur diverses m\u00e9thodologies, dont les revues syst\u00e9matiques, les \u00e9tudes par observation et les essais \u00e0 r\u00e9partition al\u00e9atoire, et ses champs d\u2019int\u00e9r\u00eat comprennent l\u2019\u00e9tude des mesures de la qualit\u00e9 en transplantation r\u00e9nale, le d\u00e9pistage cardiaque pr\u00e9alable \u00e0 la transplantation et les techniques de gestion des complications de la transplantation r\u00e9nale. Le Dr Knoll a si\u00e9g\u00e9 \u00e0 des dizaines de comit\u00e9s, de conseils et de groupes de travail sur l\u2019am\u00e9lioration des soins aux patients insuffisants r\u00e9naux et greff\u00e9s du rein. Il a \u00e9t\u00e9 pr\u00e9sident de la Soci\u00e9t\u00e9 canadienne de transplantation et responsable de programmes aupr\u00e8s du Programme national de recherche en transplantation du Canada. R\u00e9cemment, \u00e0 l\u2019\u00e9chelle provinciale et nationale, il a particip\u00e9 \u00e0 la mise en \u0153uvre de normes de mesure de la qualit\u00e9 et du rendement en transplantation d\u2019organes pleins. Il a aussi \u00e9t\u00e9 copr\u00e9sident des recommandations internationales KDIGO pour l\u2019\u00e9valuation et la gestion des candidats \u00e0 la transplantation r\u00e9nale.<\/p>\n","protected":false},"excerpt":{"rendered":"<p>Dr. Gregory Knoll Chef, D\u00e9partement de m\u00e9decine Renseignements 613-798-5555 post 82536\/72297 Gknoll@toh.ca Greg Knoll est directeur du D\u00e9partement de m\u00e9decine \u00e0 l\u2019Universit\u00e9 d\u2019Ottawa et chef du D\u00e9partement de m\u00e9decine \u00e0 L\u2019H\u00f4pital d\u2019Ottawa et scientifique principal au sein du Programme d\u2019\u00e9pid\u00e9miologie clinique de l\u2019Institut de recherche de l\u2019H\u00f4pital d\u2019Ottawa. Ses recherches portent sur diverses m\u00e9thodologies, dont [&hellip;]<\/p>\n","protected":false},"author":25,"featured_media":0,"parent":4550,"menu_order":30,"comment_status":"closed","ping_status":"closed","template":"","meta":{"_acf_changed":false,"_mc_calendar":[],"footnotes":""},"class_list":["post-76816","page","type-page","status-publish","hentry"],"acf":[],"wps_subtitle":"","_links":{"self":[{"href":"https:\/\/www.ottawahospital.on.ca\/fr\/wp-json\/wp\/v2\/pages\/76816","targetHints":{"allow":["GET"]}}],"collection":[{"href":"https:\/\/www.ottawahospital.on.ca\/fr\/wp-json\/wp\/v2\/pages"}],"about":[{"href":"https:\/\/www.ottawahospital.on.ca\/fr\/wp-json\/wp\/v2\/types\/page"}],"author":[{"embeddable":true,"href":"https:\/\/www.ottawahospital.on.ca\/fr\/wp-json\/wp\/v2\/users\/25"}],"replies":[{"embeddable":true,"href":"https:\/\/www.ottawahospital.on.ca\/fr\/wp-json\/wp\/v2\/comments?post=76816"}],"version-history":[{"count":0,"href":"https:\/\/www.ottawahospital.on.ca\/fr\/wp-json\/wp\/v2\/pages\/76816\/revisions"}],"up":[{"embeddable":true,"href":"https:\/\/www.ottawahospital.on.ca\/fr\/wp-json\/wp\/v2\/pages\/4550"}],"wp:attachment":[{"href":"https:\/\/www.ottawahospital.on.ca\/fr\/wp-json\/wp\/v2\/media?parent=76816"}],"curies":[{"name":"wp","href":"https:\/\/api.w.org\/{rel}","templated":true}]}}