{"id":76793,"date":"2023-05-12T09:43:06","date_gmt":"2023-05-12T13:43:06","guid":{"rendered":"https:\/\/www.ottawahospital.on.ca\/?page_id=76793"},"modified":"2023-05-12T09:43:12","modified_gmt":"2023-05-12T13:43:12","slug":"nous-joindre-2","status":"publish","type":"page","link":"https:\/\/www.ottawahospital.on.ca\/fr\/services-cliniques\/deptpgrmcs\/departements\/anesthesiologie\/unite-de-medecine-hyperbare\/nous-joindre-2\/","title":{"rendered":"Nous joindre"},"content":{"rendered":"\n<p><strong>Heures d\u2019ouverture&nbsp;:<\/strong> Du lundi au vendredi, de 7&nbsp;h \u00e0&nbsp;15&nbsp;h<\/p>\n\n\n\n<p><strong><u>Courriel<\/u><\/strong><strong>&nbsp;:<\/strong> <a href=\"mailto:hyperbaricmed@lho.ca\">hyperbaricmed@lho.ca<\/a><\/p>\n\n\n\n<p><strong>T\u00e9l\u00e9phone&nbsp;:<\/strong> 613&nbsp;737-8966<\/p>\n\n\n\n<p><strong>T\u00e9l\u00e9copieur&nbsp;:<\/strong> 613&nbsp;737-8965<\/p>\n\n\n\n<p>\u00c0 l\u2019attention des m\u00e9decins traitants&nbsp;: pour la couverture d\u2019urgence de 24&nbsp;heures, veuillez consulter le processus de demande de consultation ci-dessous.<\/p>\n\n\n\n<h2 class=\"wp-block-heading\">Demande de consultation non urgente :<\/h2>\n\n\n\n<p>Patients hospitalis\u00e9s (\u00e9tablissement ATLAS \/ H\u00f4pital&nbsp;d\u2019Ottawa)&nbsp;:<\/p>\n\n\n\n<ol class=\"wp-block-list\" type=\"1\">\n<li>Demande dans EPIC : CON509 (Inpatient Consult Hyperbaric Medicine)<\/li>\n\n\n\n<li>Il faut aussi appeler l\u2019Unit\u00e9 de m\u00e9decine hyperbare au 613&nbsp;737-8966 en semaine pendant les heures d\u2019ouverture pour confirmer la r\u00e9ception de la demande.<\/li>\n<\/ol>\n\n\n\n<p>Patients externes (\u00e9tablissement ATLAS \/ H\u00f4pital&nbsp;d\u2019Ottawa)&nbsp;:<\/p>\n\n\n\n<ol class=\"wp-block-list\" type=\"1\">\n<li>Demande dans EPIC : S\u00e9lectionner \u00ab&nbsp;Orders for Ambulatory Care\/Visit&nbsp;\u00bb ET<\/li>\n\n\n\n<li>Nouvelle demande : REF282 (Ambulatory Referral to Hyperbaric Medicine)<\/li>\n\n\n\n<li>Si vous n\u2019avez pas obtenu de r\u00e9ponse dans un d\u00e9lai de 3 jours ouvrables, appelez l\u2019Unit\u00e9 de m\u00e9decine hyperbare au 613&nbsp;737-8966 en semaine pendant les heures d\u2019ouverture.<\/li>\n<\/ol>\n\n\n\n<p>Demande de consultation pour patients externes :<\/p>\n\n\n\n<ol class=\"wp-block-list\" type=\"1\">\n<li>T\u00e9l\u00e9copiez la demande au 613&nbsp;737-8965<\/li>\n\n\n\n<li>***plateforme Ocean \u00e0 venir<\/li>\n<\/ol>\n\n\n\n<h2 class=\"wp-block-heading\">Demande de consultation urgente en dehors des heures d\u2019ouverture&nbsp;:<\/h2>\n\n\n\n<p>\u00c9tablissement ATLAS \/ H\u00f4pital&nbsp;d\u2019Ottawa&nbsp;:<\/p>\n\n\n\n<ol class=\"wp-block-list\" type=\"1\">\n<li>Demande dans EPIC : CON509 (Inpatient Consult Hyperbaric Medicine) et<\/li>\n\n\n\n<li>Communiquez par t\u00e9l\u00e9avertisseur avec le m\u00e9decin de garde de l\u2019Unit\u00e9 de l\u2019Unit\u00e9 de m\u00e9decine hyperbare par l\u2019entremise du service de rep\u00e9rage de l\u2019H\u00f4pital au 613&nbsp;737-8899, poste&nbsp;78222.<\/li>\n<\/ol>\n\n\n\n<p>\u00c9tablissement externe&nbsp;:<\/p>\n\n\n\n<ol class=\"wp-block-list\" type=\"1\">\n<li>Appelez CRITICALL Ontario au 1\u00a0800\u00a0668-4357 et t\u00e9l\u00e9copiez la demande de consultation au<br>613\u00a0737-8965.<\/li>\n<\/ol>\n\n\n\n<p><strong>Pour toute question non urgente, veuillez appeler l\u2019Unit\u00e9 de m\u00e9decine hyperbare<br>durant les heures d\u2019ouverture habituelles.<\/strong><\/p>\n\n\n\n<p><strong>En cas d\u2019urgence apr\u00e8s les heures d\u2019ouverture, allez \u00e0 l\u2019Urgence la plus proche.\u00c0 l\u2019attention des m\u00e9decins faisant des demandes de consultation d\u2019urgence en dehors des heures\u00a0d\u2019ouverture\u00a0: veuillez appeler CRITICALL Ontario au 1 800 668-4357.<\/strong><\/p>\n\n\n\n<h2 class=\"wp-block-heading\">Emplacement<\/h2>\n\n\n\n<p><strong>L\u2019H\u00f4pital\u00a0d\u2019Ottawa, <\/strong><a href=\"https:\/\/www.ottawahospital.on.ca\/en\/documents\/2021\/05\/generalcampuslevel2_feb2013-wcag.pdf\/\"><strong>Campus G\u00e9n\u00e9ral, Niveau 2<\/strong><\/a><strong>, M2392<\/strong>.<\/p>\n\n\n\n<p><strong>Directions\u00a0:<\/strong><\/p>\n\n\n\n<ul class=\"wp-block-list\">\n<li>Depuis le stationnement, suivez les panneaux menant \u00e0 l\u2019Aile des soins critiques et au Centre de canc\u00e9rologie pour vous rendre \u00e0 l\u2019arri\u00e8re de l\u2019\u00e9difice.<\/li>\n\n\n\n<li>Au premier arr\u00eat, tournez \u00e0 gauche, puis \u00e0 droite vers les barri\u00e8res de stationnement. N\u2019oubliez pas de prendre votre permis de stationnement pour pouvoir payer en partant.<\/li>\n\n\n\n<li>Utilisez l\u2019un des ascenseurs derri\u00e8re les escaliers pour monter au Niveau 2, continuez tout droit en sortant de l\u2019ascenseur, et passez devant deux piliers ronds des Soins intensifs.<\/li>\n\n\n\n<li>\u00c0 l\u2019intersection du couloir, allez \u00e0 gauche vers les portes automatiques bleues, puis empruntez la prochaine porte automatique \u00e0 droite.<\/li>\n\n\n\n<li>Vous verrez le panneau de l\u2019Unit\u00e9 de m\u00e9decine hyperbare au plafond, en avant de la porte.<\/li>\n\n\n\n<li>Veuillez vous munir de votre carte d\u2019assurance-sant\u00e9 et, le cas \u00e9ch\u00e9ant, de la liste de vos m\u00e9dicaments.<\/li>\n\n\n\n<li>Si vous avez besoin d\u2019aide pour nous trouver, adressez-vous \u00e0 un b\u00e9n\u00e9vole portant un gilet bleu, ou appelez-nous au 613&nbsp;737-8966. Nos lignes t\u00e9l\u00e9phoniques sont ouvertes entre 7&nbsp;h&nbsp;et 15&nbsp;h, du lundi au vendredi.<\/li>\n<\/ul>\n","protected":false},"excerpt":{"rendered":"<p>Heures d\u2019ouverture&nbsp;: Du lundi au vendredi, de 7&nbsp;h \u00e0&nbsp;15&nbsp;h Courriel&nbsp;: hyperbaricmed@lho.ca T\u00e9l\u00e9phone&nbsp;: 613&nbsp;737-8966 T\u00e9l\u00e9copieur&nbsp;: 613&nbsp;737-8965 \u00c0 l\u2019attention des m\u00e9decins traitants&nbsp;: pour la couverture d\u2019urgence de 24&nbsp;heures, veuillez consulter le processus de demande de consultation ci-dessous. Demande de consultation non urgente : Patients hospitalis\u00e9s (\u00e9tablissement ATLAS \/ H\u00f4pital&nbsp;d\u2019Ottawa)&nbsp;: Patients externes (\u00e9tablissement ATLAS \/ H\u00f4pital&nbsp;d\u2019Ottawa)&nbsp;: Demande de [&hellip;]<\/p>\n","protected":false},"author":25,"featured_media":0,"parent":10572,"menu_order":3,"comment_status":"closed","ping_status":"closed","template":"","meta":{"_acf_changed":false,"_mc_calendar":[],"footnotes":""},"class_list":["post-76793","page","type-page","status-publish","hentry"],"acf":[],"wps_subtitle":"","_links":{"self":[{"href":"https:\/\/www.ottawahospital.on.ca\/fr\/wp-json\/wp\/v2\/pages\/76793","targetHints":{"allow":["GET"]}}],"collection":[{"href":"https:\/\/www.ottawahospital.on.ca\/fr\/wp-json\/wp\/v2\/pages"}],"about":[{"href":"https:\/\/www.ottawahospital.on.ca\/fr\/wp-json\/wp\/v2\/types\/page"}],"author":[{"embeddable":true,"href":"https:\/\/www.ottawahospital.on.ca\/fr\/wp-json\/wp\/v2\/users\/25"}],"replies":[{"embeddable":true,"href":"https:\/\/www.ottawahospital.on.ca\/fr\/wp-json\/wp\/v2\/comments?post=76793"}],"version-history":[{"count":0,"href":"https:\/\/www.ottawahospital.on.ca\/fr\/wp-json\/wp\/v2\/pages\/76793\/revisions"}],"up":[{"embeddable":true,"href":"https:\/\/www.ottawahospital.on.ca\/fr\/wp-json\/wp\/v2\/pages\/10572"}],"wp:attachment":[{"href":"https:\/\/www.ottawahospital.on.ca\/fr\/wp-json\/wp\/v2\/media?parent=76793"}],"curies":[{"name":"wp","href":"https:\/\/api.w.org\/{rel}","templated":true}]}}