{"id":7658,"date":"2016-11-16T12:33:26","date_gmt":"2016-11-16T17:33:26","guid":{"rendered":"http:\/\/52.229.122.34\/fr\/?page_id=7658"},"modified":"2026-01-26T16:14:41","modified_gmt":"2026-01-26T21:14:41","slug":"enterocoque-resistant-a-la-vancomycine-erv","status":"publish","type":"page","link":"https:\/\/www.ottawahospital.on.ca\/fr\/qualite-et-securite\/rendre-compte\/rapport-sur-les-indicateurs\/enterocoque-resistant-a-la-vancomycine-erv\/","title":{"rendered":"Ent\u00e9rocoque r\u00e9sistant \u00e0 la vancomycine (ERV)"},"content":{"rendered":"<p>ERV est l\u2019abr\u00e9viation d\u2019ent\u00e9rocoque r\u00e9sistant \u00e0 la vancomycine. La vancomycine est un antibiotique utilis\u00e9 pour traiter certaines infections. L\u2019ent\u00e9rocoque est une bact\u00e9rie commune qui se trouve normalement dans la partie inf\u00e9rieure de l\u2019intestin. Certaines personnes peuvent d\u00e9velopper une infection caus\u00e9e par cette bact\u00e9rie et avoir besoin de traitements. Seuls quelques antibiotiques, dont la vancomycine, permettent de traiter efficacement les infections aux ent\u00e9rocoques. Si l\u2019ent\u00e9rocoque d\u00e9veloppe une r\u00e9sistance \u00e0 la vancomycine (ent\u00e9rocoque r\u00e9sistant \u00e0 la vancomycine), cet antibiotique ne peut plus d\u00e9truire la bact\u00e9rie. Cependant, il existe d\u2019autres antibiotiques capables de traiter les infections \u00e0 l\u2019ERV.<\/p>\n<ul>\n<li><a href=\"https:\/\/www.ottawahospital.on.ca\/en\/documents\/2017\/01\/mrsa-pt-info-fr-2017.pdf\" target=\"_blank\" rel=\"noopener noreferrer\">Info patient &#8211; SARM<\/a><\/li>\n<li><a href=\"#VRE\">Taux d\u2019infection \u00e0 l\u2019ERV \u00e0 L\u2019H\u00f4pital d\u2019Ottawa<\/a><\/li>\n<li><a href=\"https:\/\/www.hqontario.ca\/Rendement-du-syst%C3%A8me\/Rendement-du-secteur-des-soins-en-milieu-hospitalier\" target=\"_blank\" rel=\"noopener noreferrer\">Les taux de tous les h\u00f4pitaux de l&rsquo;Ontario<\/a><\/li>\n<\/ul>\n<h2 id=\"VRE\">Taux d&rsquo;infection \u00e0 l&rsquo;ERV<\/h2>\n<div class=\"table-responsive\" style=\"font-size: 11px;\">\n<table class=\"text-center table\" title=\"Taux d'infection \u00e0 l'ERV\"><caption class=\"hidecontent\">Taux d&rsquo;infection \u00e0 l&rsquo;ERV<\/caption>\n<tbody>\n<tr>\n<th style=\"background-color: #0033a0; color: #fff; width: 132px;\" scope=\"col\">\u00a0<\/th>\n<th style=\"background-color: #0033a0; color: #fff; width: 195px;\" colspan=\"3\" scope=\"col\">Campus Civic<\/th>\n<th style=\"background-color: #0033a0; color: #fff; width: 194px;\" colspan=\"3\" scope=\"col\">Campus G\u00e9n\u00e9ral<\/th>\n<th style=\"background-color: #0033a0; color: #fff; width: 200px;\" colspan=\"3\" scope=\"col\">Centre de r\u00e9adaptation<\/th>\n<\/tr>\n<tr>\n<th scope=\"col\">Trimestre<\/th>\n<th style=\"width: 64px;\" scope=\"col\">Cas d&rsquo;inf. nosoc.<\/th>\n<th style=\"width: 62px;\" scope=\"col\">*Jours-patient<\/th>\n<th style=\"width: 69px;\" scope=\"col\">Incidence \/ 1 000 jours- patient<\/th>\n<th style=\"width: 61px;\" scope=\"col\">Cas d&rsquo;inf. nosoc.<\/th>\n<th style=\"width: 62px;\" scope=\"col\">*Jours-patient<\/th>\n<th style=\"width: 71px;\" scope=\"col\">Incidence \/ 1 000 jours- patient<\/th>\n<th style=\"width: 67px;\" scope=\"col\">Cas d&rsquo;inf. nosoc.<\/th>\n<th style=\"width: 62px;\" scope=\"col\">*Jours-patient<\/th>\n<th style=\"width: 71px;\" scope=\"col\">Incidence \/ 1 000 jours-patient<\/th>\n<\/tr>\n<tr>\n<th class=\"text-left\" style=\"text-align: left; color: #0033a0;\" colspan=\"10\" scope=\"col\">Ann\u00e9e financi\u00e8re 2025-2026<\/th>\n<\/tr>\n<tr>\n<th class=\"text-left\" style=\"text-align: left;\" scope=\"row\">T1 &#8211; Avril \u00e0 juin<\/th>\n<td style=\"text-align: center;\">&lt;5<\/td>\n<td style=\"text-align: center;\">60,751<\/td>\n<td style=\"text-align: center;\">0.03<\/td>\n<td style=\"text-align: center;\">&lt;5<\/td>\n<td style=\"text-align: center;\">58,351<\/td>\n<td style=\"text-align: center;\">0.07<\/td>\n<td style=\"text-align: center;\">0<\/td>\n<td style=\"text-align: center;\">6,083<\/td>\n<td style=\"text-align: center;\">0.00<\/td>\n<\/tr>\n<tr>\n<th class=\"text-left\" style=\"text-align: left;\" scope=\"row\">T2 &#8211; Juillet \u00e0 sept.<\/th>\n<td style=\"text-align: center;\">&lt;5<\/td>\n<td style=\"text-align: center;\">61,487<\/td>\n<td style=\"text-align: center;\">0.02<\/td>\n<td style=\"text-align: center;\">&lt;5<\/td>\n<td style=\"text-align: center;\">59,816<\/td>\n<td style=\"text-align: center;\">0.07<\/td>\n<td style=\"text-align: center;\">0<\/td>\n<td style=\"text-align: center;\">6,264<\/td>\n<td style=\"text-align: center;\">0.00<\/td>\n<\/tr>\n<tr>\n<th class=\"text-left\" style=\"text-align: left;\" scope=\"row\">T3 &#8211; Oct. \u00e0 d\u00e9c.<\/th>\n<td style=\"text-align: center;\">&lt;5<\/td>\n<td style=\"text-align: center;\">62,895<\/td>\n<td style=\"text-align: center;\">0.02<\/td>\n<td style=\"text-align: center;\">9<\/td>\n<td style=\"text-align: center;\">59,749<\/td>\n<td style=\"text-align: center;\">0.15<\/td>\n<td style=\"text-align: center;\">0<\/td>\n<td style=\"text-align: center;\">6,156<\/td>\n<td style=\"text-align: center;\">0.00<\/td>\n<\/tr>\n<tr>\n<th class=\"text-left\" style=\"text-align: left;\" scope=\"row\">T4 &#8211; Janv. \u00e0 mars<\/th>\n<td style=\"text-align: center;\">\u00a0<\/td>\n<td style=\"text-align: center;\">\u00a0<\/td>\n<td style=\"text-align: center;\">\u00a0<\/td>\n<td style=\"text-align: center;\">\u00a0<\/td>\n<td style=\"text-align: center;\">\u00a0<\/td>\n<td style=\"text-align: center;\">\u00a0<\/td>\n<td style=\"text-align: center;\">\u00a0<\/td>\n<td style=\"text-align: center;\">\u00a0<\/td>\n<td style=\"text-align: center;\">\u00a0<\/td>\n<\/tr>\n<\/tbody>\n<\/table>\n<\/div>\n\n\n<p><\/p>\n","protected":false},"excerpt":{"rendered":"<p>ERV est l\u2019abr\u00e9viation d\u2019ent\u00e9rocoque r\u00e9sistant \u00e0 la vancomycine. La vancomycine est un antibiotique utilis\u00e9 pour traiter certaines infections. L\u2019ent\u00e9rocoque est une bact\u00e9rie commune qui se trouve normalement dans la partie inf\u00e9rieure de l\u2019intestin. Certaines personnes peuvent d\u00e9velopper une infection caus\u00e9e par cette bact\u00e9rie et avoir besoin de traitements. Seuls quelques antibiotiques, dont la vancomycine, permettent [&hellip;]<\/p>\n","protected":false},"author":25,"featured_media":0,"parent":1966,"menu_order":8,"comment_status":"closed","ping_status":"closed","template":"","meta":{"_acf_changed":false,"_mc_calendar":[],"footnotes":""},"class_list":["post-7658","page","type-page","status-publish","hentry"],"acf":[],"wps_subtitle":"","_links":{"self":[{"href":"https:\/\/www.ottawahospital.on.ca\/fr\/wp-json\/wp\/v2\/pages\/7658","targetHints":{"allow":["GET"]}}],"collection":[{"href":"https:\/\/www.ottawahospital.on.ca\/fr\/wp-json\/wp\/v2\/pages"}],"about":[{"href":"https:\/\/www.ottawahospital.on.ca\/fr\/wp-json\/wp\/v2\/types\/page"}],"author":[{"embeddable":true,"href":"https:\/\/www.ottawahospital.on.ca\/fr\/wp-json\/wp\/v2\/users\/25"}],"replies":[{"embeddable":true,"href":"https:\/\/www.ottawahospital.on.ca\/fr\/wp-json\/wp\/v2\/comments?post=7658"}],"version-history":[{"count":0,"href":"https:\/\/www.ottawahospital.on.ca\/fr\/wp-json\/wp\/v2\/pages\/7658\/revisions"}],"up":[{"embeddable":true,"href":"https:\/\/www.ottawahospital.on.ca\/fr\/wp-json\/wp\/v2\/pages\/1966"}],"wp:attachment":[{"href":"https:\/\/www.ottawahospital.on.ca\/fr\/wp-json\/wp\/v2\/media?parent=7658"}],"curies":[{"name":"wp","href":"https:\/\/api.w.org\/{rel}","templated":true}]}}