{"id":7637,"date":"2016-11-16T12:18:12","date_gmt":"2016-11-16T17:18:12","guid":{"rendered":"http:\/\/52.229.122.34\/fr\/?page_id=7637"},"modified":"2026-04-20T14:00:00","modified_gmt":"2026-04-20T18:00:00","slug":"infections-du-champ-operatoire","status":"publish","type":"page","link":"https:\/\/www.ottawahospital.on.ca\/fr\/qualite-et-securite\/rendre-compte\/rapport-sur-les-indicateurs\/infections-du-champ-operatoire\/","title":{"rendered":"Infections du champ op\u00e9ratoire"},"content":{"rendered":"<p>L\u2019infection du champ op\u00e9ratoire, c\u2019est l\u2019infection qui survient \u00e0 l\u2019endroit de l\u2019incision chirurgicale (coupure). L\u2019infection peut \u00eatre caus\u00e9e par des bact\u00e9ries qui s\u2019infiltrent dans la plaie. M\u00eame si elle peut survenir n\u2019importe quand, l\u2019infection se produit g\u00e9n\u00e9ralement peu de temps apr\u00e8s l\u2019op\u00e9ration, habituellement dans un d\u00e9lai de 30 jours. Il arrive \u00e9galement qu\u2019elle se d\u00e9clare beaucoup plus tard, particuli\u00e8rement si on a ins\u00e9r\u00e9 un implant (p. ex. remplacement d\u2019une articulation).<\/p>\n<p>Les infections du champ op\u00e9ratoire sont parmi les infections les plus souvent acquises \u00e0 l\u2019h\u00f4pital. Elles sont mineures dans plusieurs cas, mais elles peuvent parfois prolonger la dur\u00e9e de l\u2019hospitalisation ou m\u00eame exiger une r\u00e9admission. En tant que patient, vous pouvez r\u00e9duire les risques d\u2019infection en suivant toutes les directives pr\u00e9op\u00e9ratoires de votre chirurgien et de votre \u00e9quipe de soins et en ne rasant pas l\u2019endroit o\u00f9 on fera l\u2019incision.<\/p>\n<p>Pour en savoir plus, consultez les sites suivants : <a href=\"https:\/\/www.health.gov.on.ca\/fr\/public\/programs\/patient_safety\/\" target=\"_blank\" rel=\"noopener noreferrer\">https:\/\/www.health.gov.on.ca\/fr\/public\/programs\/patient_safety\/<\/a>, <a href=\"https:\/\/www.oha.com\/quality-safety-and-patient-and-family-centred-care\" target=\"_blank\" rel=\"noopener noreferrer\">www.oha.com\/quality-safety-and-patient-and-family-centred-care<\/a> et <a href=\"https:\/\/www.oha.com\/Documents\/English%20-%20Pamphlet.pdf\" target=\"_blank\" rel=\"noopener noreferrer\">www.oha.com\/Documents\/English%20-%20Pamphlet.pdf<\/a>.<\/p>\n<p>Pour certaines op\u00e9rations, comme l\u2019arthroplastie (remplacement d\u2019une articulation), l\u2019un des meilleurs moyens de r\u00e9duire les risques d\u2019infection est de donner un antibiotique au patient juste avant l\u2019op\u00e9ration. Gr\u00e2ce \u00e0 cet indicateur, on peut suivre l\u2019une des plus importantes mesures de pr\u00e9vention des infections du champ op\u00e9ratoire, soit celle d\u2019administrer l\u2019antibiotique au bon moment, juste avant une arthroplastie de la hanche ou du genou.<\/p>\n<p>Les rapports publics sur cet indicateur r\u00e9v\u00e9leront le pourcentage de patients qui subissent pour la premi\u00e8re fois une arthroplastie de la hanche ou du genou et qui re\u00e7oivent un antibiotique au bon moment, c\u2019est-\u00e0-dire juste avant la chirurgie. Il est important de noter que cet indicateur ne mesure pas les infections du champ op\u00e9ratoire.<\/p>\n<h2>Taux de pr\u00e9vention des infections du champ op\u00e9ratoire<\/h2>\n<p>Chaque trois mois, tous les h\u00f4pitaux ontariens qui pratiquent des arthroplasties de la hanche ou du genou doivent afficher publiquement leur taux de pr\u00e9vention des infections du champ op\u00e9ratoire. Ce taux est calcul\u00e9 selon la formule suivante :<\/p>\n<p><img decoding=\"async\" class=\"aligncenter size-full wp-image-7625 img-responsive\" src=\"\/wp-content\/uploads\/2016\/11\/SSI_fr.jpg\" alt=\"ssi_fr\" width=\"500\" height=\"167\" srcset=\"https:\/\/www.ottawahospital.on.ca\/wp-content\/uploads\/2016\/11\/SSI_fr.jpg 500w, https:\/\/www.ottawahospital.on.ca\/wp-content\/uploads\/2016\/11\/SSI_fr-300x100.jpg 300w\" sizes=\"(max-width: 500px) 100vw, 500px\" \/><\/p>\n<h2>Taux de pr\u00e9vention des infections du champ op\u00e9ratoire \u00e0 L\u2019H\u00f4pital d\u2019Ottawa<\/h2>\n<h3>Pr\u00e9vention des infections du champ op\u00e9ratoire (arthroplasties de la hanche et du genou)<\/h3>\n<div class=\"table-responsive\" style=\"font-size: 11px;\">\n<p><!--\n\n\n<tr>\n\n\n<th style=\"width: 132px;\" scope=\"col\">&nbsp;<\/th>\n\n\n\n\n<th style=\"width: 195px;\" colspan=\"3\" scope=\"col\">Campus Civic<\/th>\n\n\n\n\n<th style=\"width: 194px;\" colspan=\"3\" scope=\"col\">Campus G\u00e9n\u00e9ral<\/th>\n\n\n<\/tr>\n\n\n--><\/p>\n<table class=\"text-center table\" style=\"height: 322px;\" title=\"Pr\u00e9vention des infections du champ op\u00e9ratoire (arthroplasties de la hanche et du genou)\" width=\"730\">\n<caption class=\"hidecontent\">Pr\u00e9vention des infections du champ op\u00e9ratoire (arthroplasties de la hanche et du genou)<\/caption>\n<tbody>\n<tr>\n<th style=\"background-color: #0033a0; color: #fff; width: 132px;\" scope=\"col\"><\/th>\n<th style=\"background-color: #0033a0; color: #fff; width: 195px;\" colspan=\"3\" scope=\"col\">Campus Civic<\/th>\n<th style=\"background-color: #0033a0; color: #fff; width: 194px;\" colspan=\"3\" scope=\"col\">Campus G\u00e9n\u00e9ral<\/th>\n<\/tr>\n<tr>\n<th scope=\"col\">2023\/2024<\/th>\n<th style=\"width: 64px;\" scope=\"col\">Nombre de patients ayant re\u00e7u un antibiotique prophylactique<\/th>\n<th style=\"width: 62px;\" scope=\"col\">Nombre de patients ayant re\u00e7u un antibiotique prophylactique au bon moment<\/th>\n<th style=\"width: 61px;\" scope=\"col\">% de patients ayant re\u00e7u un antibiotique au bon moment avant la chirurgie<\/th>\n<th style=\"width: 62px;\" scope=\"col\">Nombre de patients ayant re\u00e7u un antibiotique prophylactique<\/th>\n<th style=\"width: 71px;\" scope=\"col\">Nombre de patients ayant re\u00e7u un antibiotique prophylactique au bon moment<\/th>\n<th style=\"width: 67px;\" scope=\"col\">% de patients ayant re\u00e7u un antibiotique au bon moment avant la chirurgie<\/th>\n<\/tr>\n<tr>\n<th class=\"text-left\" scope=\"row\">T1 &#8211; Avril \u00e0 juin<\/th>\n<td style=\"text-align: center;\">0<\/td>\n<td style=\"text-align: center;\">0<\/td>\n<td style=\"text-align: center;\">&#8211;<\/td>\n<td style=\"text-align: center;\">247<\/td>\n<td style=\"text-align: center;\">246<\/td>\n<td style=\"text-align: center;\">99.62%<\/td>\n<\/tr>\n<tr>\n<th class=\"text-left\" scope=\"row\">T2 &#8211; Juillet \u00e0 sept.<\/th>\n<td style=\"text-align: center;\">0<\/td>\n<td style=\"text-align: center;\">0<\/td>\n<td style=\"text-align: center;\">&#8211;<\/td>\n<td style=\"text-align: center;\">167<\/td>\n<td style=\"text-align: center;\">165<\/td>\n<td style=\"text-align: center;\">98.80%<\/td>\n<\/tr>\n<tr>\n<th class=\"text-left\" scope=\"row\">T3 &#8211; Oct. \u00e0 d\u00e9c.<\/th>\n<td style=\"text-align: center;\">0<\/td>\n<td style=\"text-align: center;\">0<\/td>\n<td style=\"text-align: center;\">&#8211;<\/td>\n<td style=\"text-align: center;\">162<\/td>\n<td style=\"text-align: center;\">162<\/td>\n<td style=\"text-align: center;\">100%<\/td>\n<\/tr>\n<tr>\n<th class=\"text-left\" scope=\"row\">T4 &#8211; Janv. \u00e0 mars<\/th>\n<td style=\"text-align: center;\">0<\/td>\n<td style=\"text-align: center;\">0<\/td>\n<td style=\"text-align: center;\">&#8211;<\/td>\n<td style=\"text-align: center;\">170<\/td>\n<td style=\"text-align: center;\">168<\/td>\n<td style=\"text-align: center;\">98.82%<\/td>\n<\/tr>\n<tr style=\"background-color: #ededed;\">\n<th class=\"text-left\" scope=\"row\">Depuis le d\u00e9but<br \/>\nde l&rsquo;ann\u00e9e 2023-24<\/th>\n<td style=\"text-align: center;\">0<\/td>\n<td style=\"text-align: center;\">0<\/td>\n<td style=\"text-align: center;\">&#8211;<\/td>\n<td style=\"text-align: center;\">746<\/td>\n<td style=\"text-align: center;\">741<\/td>\n<td style=\"text-align: center;\">99.33%<\/td>\n<\/tr>\n<\/tbody>\n<\/table>\n<\/div>\n","protected":false},"excerpt":{"rendered":"<p>L\u2019infection du champ op\u00e9ratoire, c\u2019est l\u2019infection qui survient \u00e0 l\u2019endroit de l\u2019incision chirurgicale (coupure). L\u2019infection peut \u00eatre caus\u00e9e par des bact\u00e9ries qui s\u2019infiltrent dans la plaie. M\u00eame si elle peut survenir n\u2019importe quand, l\u2019infection se produit g\u00e9n\u00e9ralement peu de temps apr\u00e8s l\u2019op\u00e9ration, habituellement dans un d\u00e9lai de 30 jours. Il arrive \u00e9galement qu\u2019elle se d\u00e9clare [&hellip;]<\/p>\n","protected":false},"author":25,"featured_media":0,"parent":1966,"menu_order":7,"comment_status":"closed","ping_status":"closed","template":"","meta":{"_acf_changed":false,"_mc_calendar":[],"footnotes":""},"class_list":["post-7637","page","type-page","status-publish","hentry"],"acf":[],"wps_subtitle":"","_links":{"self":[{"href":"https:\/\/www.ottawahospital.on.ca\/fr\/wp-json\/wp\/v2\/pages\/7637","targetHints":{"allow":["GET"]}}],"collection":[{"href":"https:\/\/www.ottawahospital.on.ca\/fr\/wp-json\/wp\/v2\/pages"}],"about":[{"href":"https:\/\/www.ottawahospital.on.ca\/fr\/wp-json\/wp\/v2\/types\/page"}],"author":[{"embeddable":true,"href":"https:\/\/www.ottawahospital.on.ca\/fr\/wp-json\/wp\/v2\/users\/25"}],"replies":[{"embeddable":true,"href":"https:\/\/www.ottawahospital.on.ca\/fr\/wp-json\/wp\/v2\/comments?post=7637"}],"version-history":[{"count":1,"href":"https:\/\/www.ottawahospital.on.ca\/fr\/wp-json\/wp\/v2\/pages\/7637\/revisions"}],"predecessor-version":[{"id":278443,"href":"https:\/\/www.ottawahospital.on.ca\/fr\/wp-json\/wp\/v2\/pages\/7637\/revisions\/278443"}],"up":[{"embeddable":true,"href":"https:\/\/www.ottawahospital.on.ca\/fr\/wp-json\/wp\/v2\/pages\/1966"}],"wp:attachment":[{"href":"https:\/\/www.ottawahospital.on.ca\/fr\/wp-json\/wp\/v2\/media?parent=7637"}],"curies":[{"name":"wp","href":"https:\/\/api.w.org\/{rel}","templated":true}]}}