{"id":7612,"date":"2016-11-16T12:03:32","date_gmt":"2016-11-16T17:03:32","guid":{"rendered":"http:\/\/52.229.122.34\/fr\/?page_id=7612"},"modified":"2026-01-27T11:22:46","modified_gmt":"2026-01-27T16:22:46","slug":"liste-de-verification-dune-chirurgie-securitaire","status":"publish","type":"page","link":"https:\/\/www.ottawahospital.on.ca\/fr\/qualite-et-securite\/rendre-compte\/rapport-sur-les-indicateurs\/liste-de-verification-dune-chirurgie-securitaire\/","title":{"rendered":"Liste de v\u00e9rification d&rsquo;une chirurgie s\u00e9curitaire"},"content":{"rendered":"<p>Afin de poursuivre l&rsquo;initiative du gouvernement en mati\u00e8re de s\u00e9curit\u00e9 des patients, L&rsquo;H\u00f4pital d&rsquo;Ottawa pr\u00e9sente un rapport de son taux de conformit\u00e9 \u00e0 l&rsquo;utilisation de la liste de v\u00e9rification d&rsquo;une chirurgie s\u00e9curitaire.<\/p>\n<p>Une liste de v\u00e9rification d&rsquo;une chirurgie s\u00e9curitaire couvre les t\u00e2ches que doivent effectuer l&rsquo;\u00e9quipe chirurgicale et les \u00e9l\u00e9ments les plus courants en salle d&rsquo;op\u00e9ration. Il a \u00e9t\u00e9 d\u00e9montr\u00e9 que l&rsquo;utilisation d&rsquo;une telle liste r\u00e9duit les taux de mortalit\u00e9 et de complications chez les patients. Les \u00e9quipes chirurgicales doivent examiner cette liste d&rsquo;une page \u00e0 trois moments cl\u00e9s\u00a0:<\/p>\n<ol>\n<li>avant l&rsquo;anesth\u00e9sie, en pr\u00e9sence de tous les membres de l&rsquo;\u00e9quipe<\/li>\n<li>avant de pratiquer la premi\u00e8re incision initiale<\/li>\n<li>avant de refermer l&rsquo;incision, en pr\u00e9sence de tous les membres de l&rsquo;\u00e9quipe.<\/li>\n<\/ol>\n<p>L&rsquo;H\u00f4pital d&rsquo;Ottawa utilise une liste de v\u00e9rification d&rsquo;une chirurgie s\u00e9curitaire depuis 2005, et utilise la liste officielle impos\u00e9e par la province depuis juin\u00a02009. La mise en \u0153uvre de la nouvelle liste de v\u00e9rification d&rsquo;une chirurgie s\u00e9curitaire \u00e0 L&rsquo;H\u00f4pital d&rsquo;Ottawa am\u00e9liorera la s\u00e9curit\u00e9 globale des patients, le travail d&rsquo;\u00e9quipe et la communication, et permettra aux \u00e9quipes chirurgicales d&rsquo;atteindre des objectifs de rendement qui surpassent les normes.<\/p>\n<p>Les professionnels de la sant\u00e9 d\u00e9vou\u00e9s qui travaillent \u00e0 L&rsquo;H\u00f4pital d&rsquo;Ottawa s&rsquo;engagent \u00e0 offrir les meilleurs soins possible aux patients et sont persuad\u00e9s que le programme de divulgation publique suscitera l&rsquo;am\u00e9lioration de la qualit\u00e9 des soins et de la s\u00e9curit\u00e9 des patients tout en renfor\u00e7ant la confiance du public.<\/p>\n<h2>Divulgation publique du taux de conformit\u00e9 \u00e0 l&rsquo;utilisation des listes de v\u00e9rification d&rsquo;une chirurgie s\u00e9curitaire<\/h2>\n<p>La surveillance et le soutien continu du processus d&rsquo;adoption sont essentiels pour assurer l&rsquo;adh\u00e9rence des professionnels de la sant\u00e9 \u00e0 l&rsquo;utilisation d&rsquo;une liste de v\u00e9rification d&rsquo;une chirurgie s\u00e9curitaire. Tous les h\u00f4pitaux de l&rsquo;Ontario qui proc\u00e8dent \u00e0 des chirurgies ont l&rsquo;obligation de faire conna\u00eetre au public et au gouvernement provincial leur taux de conformit\u00e9 \u00e0 l&rsquo;utilisation de la liste.<\/p>\n<h2>Taux d&rsquo;utilisation de la Liste de v\u00e9rification d&rsquo;une chirurgie s\u00e9curitaire pour les patients allant au bloc op\u00e9ratoire<\/h2>\n<div class=\"table-responsive\" style=\"font-size: 11px;\">\n<table class=\"text-center table\" title=\"Taux d'utilisation de la Liste de v\u00e9rification d'une chirurgie s\u00e9curitaire pour les patients allant au bloc op\u00e9ratoire\"><caption style=\"display: none;\">Taux d&rsquo;utilisation de la Liste de v\u00e9rification d&rsquo;une chirurgie s\u00e9curitaire pour les patients allant au bloc op\u00e9ratoire<\/caption>\n<tbody>\n<tr style=\"background-color: #002776; color: #fff;\">\n<th style=\"width: 132px;\" scope=\"col\">\u00a0<\/th>\n<th style=\"width: 195px;\" colspan=\"3\" scope=\"col\">Campus Civic<\/th>\n<th style=\"width: 194px;\" colspan=\"3\" scope=\"col\">Campus G\u00e9n\u00e9ral<\/th>\n<th style=\"width: 200px;\" colspan=\"3\" scope=\"col\">Campus Riverside<\/th>\n<\/tr>\n<tr>\n<th style=\"height: 90px;\" scope=\"col\">2025\/2026<\/th>\n<th style=\"height: 90px; width: 64px;\" scope=\"col\">Nombre de cas<\/th>\n<th style=\"height: 91px; width: 62px;\" scope=\"col\">Nombre de cas o\u00f9 on a utilis\u00e9 la Liste de v\u00e9rification<\/th>\n<th style=\"height: 90px; width: 69px;\" scope=\"col\">Pourcentage<\/th>\n<th style=\"height: 90px; width: 61px;\" scope=\"col\">Nombre de cas<\/th>\n<th style=\"height: 90px; width: 62px;\" scope=\"col\">Nombre de cas o\u00f9 on a utilis\u00e9 la Liste de v\u00e9rification<\/th>\n<th style=\"height: 90px; width: 71px;\" scope=\"col\">Pourcentage<\/th>\n<th style=\"height: 90px; width: 67px;\" scope=\"col\">Nombre de cas<\/th>\n<th style=\"height: 90px; width: 62px;\" scope=\"col\">Nombre de cas o\u00f9 on a utilis\u00e9 la Liste de v\u00e9rification<\/th>\n<th style=\"height: 90px; width: 71px;\" scope=\"col\">Pourcentage<\/th>\n<\/tr>\n<tr>\n<th class=\"text-left\" style=\"text-align: left;\" scope=\"row\">T1 &#8211; Avril \u00e0 juin<\/th>\n<td style=\"text-align: center;\">2,723<\/td>\n<td style=\"text-align: center;\">2,714<\/td>\n<td style=\"text-align: center;\">99.7%<\/td>\n<td style=\"text-align: center;\">3,858<\/td>\n<td style=\"text-align: center;\">3,858<\/td>\n<td style=\"text-align: center;\">100.0%<\/td>\n<td style=\"text-align: center;\">3,910<\/td>\n<td style=\"text-align: center;\">3,909<\/td>\n<td style=\"text-align: center;\">100.0%<\/td>\n<\/tr>\n<tr>\n<th class=\"text-left\" style=\"text-align: left;\" scope=\"row\">T2 &#8211; Juillet \u00e0 septembre<\/th>\n<td style=\"text-align: center;\">2,625<\/td>\n<td style=\"text-align: center;\">2,622<\/td>\n<td style=\"text-align: center;\">99.9%<\/td>\n<td style=\"text-align: center;\">3,491<\/td>\n<td style=\"text-align: center;\">3,491<\/td>\n<td style=\"text-align: center;\">100.0%<\/td>\n<td style=\"text-align: center;\">3,188<\/td>\n<td style=\"text-align: center;\">3,188<\/td>\n<td style=\"text-align: center;\">100.0%<\/td>\n<\/tr>\n<tr>\n<th class=\"text-left\" style=\"text-align: left;\" scope=\"row\">T3 &#8211; Octobre \u00e0 d\u00e9cembre<\/th>\n<td style=\"text-align: center;\">2,730<\/td>\n<td style=\"text-align: center;\">2,725<\/td>\n<td style=\"text-align: center;\">99.8%<\/td>\n<td style=\"text-align: center;\">3,677<\/td>\n<td style=\"text-align: center;\">3,667<\/td>\n<td style=\"text-align: center;\">100.0%<\/td>\n<td style=\"text-align: center;\">3,602<\/td>\n<td style=\"text-align: center;\">3,602<\/td>\n<td style=\"text-align: center;\">100.0%<\/td>\n<\/tr>\n<tr>\n<th class=\"text-left\" style=\"text-align: left;\" scope=\"row\">T4 &#8211; Janvier \u00e0 mars<\/th>\n<td style=\"text-align: center;\">\u00a0<\/td>\n<td style=\"text-align: center;\">\u00a0<\/td>\n<td style=\"text-align: center;\">\u00a0<\/td>\n<td style=\"text-align: center;\">\u00a0<\/td>\n<td style=\"text-align: center;\">\u00a0<\/td>\n<td style=\"text-align: center;\">\u00a0<\/td>\n<td style=\"text-align: center;\">\u00a0<\/td>\n<td style=\"text-align: center;\">\u00a0<\/td>\n<td style=\"text-align: center;\">\u00a0<\/td>\n<\/tr>\n<tr style=\"background-color: #ededed;\">\n<th class=\"text-left\" scope=\"row\">Depuis le d\u00e9but de l&rsquo;ann\u00e9ee financi\u00e8re<\/th>\n<td style=\"text-align: center;\">8,078<\/td>\n<td style=\"text-align: center;\">8,061<\/td>\n<td style=\"text-align: center;\">99.8%<\/td>\n<td style=\"text-align: center;\">11,016<\/td>\n<td style=\"text-align: center;\">11,016<\/td>\n<td style=\"text-align: center;\">100.0%<\/td>\n<td style=\"text-align: center;\">10,700<\/td>\n<td style=\"text-align: center;\">10,699<\/td>\n<td style=\"text-align: center;\">100.0%<\/td>\n<\/tr>\n<\/tbody>\n<\/table>\n<\/div>\n\n\n<p><\/p>\n","protected":false},"excerpt":{"rendered":"<p>Afin de poursuivre l&rsquo;initiative du gouvernement en mati\u00e8re de s\u00e9curit\u00e9 des patients, L&rsquo;H\u00f4pital d&rsquo;Ottawa pr\u00e9sente un rapport de son taux de conformit\u00e9 \u00e0 l&rsquo;utilisation de la liste de v\u00e9rification d&rsquo;une chirurgie s\u00e9curitaire. Une liste de v\u00e9rification d&rsquo;une chirurgie s\u00e9curitaire couvre les t\u00e2ches que doivent effectuer l&rsquo;\u00e9quipe chirurgicale et les \u00e9l\u00e9ments les plus courants en salle [&hellip;]<\/p>\n","protected":false},"author":25,"featured_media":0,"parent":1966,"menu_order":6,"comment_status":"closed","ping_status":"closed","template":"","meta":{"_acf_changed":false,"_mc_calendar":[],"footnotes":""},"class_list":["post-7612","page","type-page","status-publish","hentry"],"acf":[],"wps_subtitle":"","_links":{"self":[{"href":"https:\/\/www.ottawahospital.on.ca\/fr\/wp-json\/wp\/v2\/pages\/7612","targetHints":{"allow":["GET"]}}],"collection":[{"href":"https:\/\/www.ottawahospital.on.ca\/fr\/wp-json\/wp\/v2\/pages"}],"about":[{"href":"https:\/\/www.ottawahospital.on.ca\/fr\/wp-json\/wp\/v2\/types\/page"}],"author":[{"embeddable":true,"href":"https:\/\/www.ottawahospital.on.ca\/fr\/wp-json\/wp\/v2\/users\/25"}],"replies":[{"embeddable":true,"href":"https:\/\/www.ottawahospital.on.ca\/fr\/wp-json\/wp\/v2\/comments?post=7612"}],"version-history":[{"count":0,"href":"https:\/\/www.ottawahospital.on.ca\/fr\/wp-json\/wp\/v2\/pages\/7612\/revisions"}],"up":[{"embeddable":true,"href":"https:\/\/www.ottawahospital.on.ca\/fr\/wp-json\/wp\/v2\/pages\/1966"}],"wp:attachment":[{"href":"https:\/\/www.ottawahospital.on.ca\/fr\/wp-json\/wp\/v2\/media?parent=7612"}],"curies":[{"name":"wp","href":"https:\/\/api.w.org\/{rel}","templated":true}]}}