{"id":75702,"date":"2023-02-22T09:29:57","date_gmt":"2023-02-22T14:29:57","guid":{"rendered":"https:\/\/www.ottawahospital.on.ca\/?page_id=75702"},"modified":"2023-02-22T09:30:03","modified_gmt":"2023-02-22T14:30:03","slug":"dr-kwadwo-kyeremanteng","status":"publish","type":"page","link":"https:\/\/www.ottawahospital.on.ca\/fr\/about-us\/notre-equipe-de-direction\/equipe-de-la-haute-direction\/dr-kwadwo-kyeremanteng\/","title":{"rendered":"Dr Kwadwo Kyeremanteng"},"content":{"rendered":"<div class=\"wp-block-image is-style-default\">\n<figure class=\"alignleft size-full\"><img decoding=\"async\" width=\"201\" height=\"251\" src=\"https:\/\/www.ottawahospital.on.ca\/wp-content\/uploads\/2022\/09\/Dr.-Kwadwo-Kyeremanteng.jpg\" alt=\"Dr. Kwadwo Kyeremanteng\" class=\"wp-image-73536\"\/><figcaption class=\"wp-element-caption\"><strong>D<sup>r<\/sup>\u00a0Kwadwo Kyeremanteng<\/strong>, chef du D\u00e9partement des soins critiques \u00e0 L\u2019H\u00f4pital d\u2019Ottawa<\/figcaption><\/figure>\n<\/div>\n\n\n<p>Le D<sup>r<\/sup>\u00a0Kwadwo Kyeremanteng, chef du D\u00e9partement des soins critiques \u00e0 L\u2019H\u00f4pital d\u2019Ottawa, prend soin des patients les plus malades \u00e0 l\u2019Unit\u00e9 de soins intensifs. Ses int\u00e9r\u00eats en recherche convergent vers l\u2019utilisation optimale des ressources et l\u2019am\u00e9lioration de l\u2019acc\u00e8s aux soins palliatifs dans cette unit\u00e9. C\u2019est pourquoi il a fond\u00e9 le r\u00e9seau d\u2019optimisation des ressources, un groupe de recherche multidisciplinaire qui s\u2019efforce de r\u00e9duire les d\u00e9penses dans ce secteur de la sant\u00e9 sans compromettre les soins. En septembre\u00a02019, le D<sup>r<\/sup>\u00a0Kyeremanteng a lanc\u00e9 une s\u00e9rie de balados aujourd\u2019hui en plein essor, intitul\u00e9e \u00ab\u00a0Solving Healthcare with Kwadwo Kyeremanteng\u00a0\u00bb. Les entrevues et les \u00e9changes portent sur l\u2019am\u00e9lioration des soins de sant\u00e9 au Canada. Reposant sur les valeurs de la rentabilit\u00e9, de la dignit\u00e9 et de la justice, les balados remettent en question le statu quo, explorant sans tabous les lacunes, les pr\u00e9somptions et les perspectives vari\u00e9es dans la r\u00e9solution des probl\u00e8mes du syst\u00e8me de sant\u00e9 canadien. Pendant la pand\u00e9mie de COVID\u201119, le D<sup>r<\/sup>\u00a0Kyeremanteng a cr\u00e9\u00e9 la plateforme virtuelle \u00ab\u00a0Solving Wellness\u00a0\u00bb o\u00f9 les professionnels de la sant\u00e9 peuvent trouver des ressources sur la sant\u00e9 et le mieux-\u00eatre, notamment sur l\u2019\u00e9puisement professionnel, la forme physique et les autosoins.<\/p>\n","protected":false},"excerpt":{"rendered":"<p>Le Dr\u00a0Kwadwo Kyeremanteng, chef du D\u00e9partement des soins critiques \u00e0 L\u2019H\u00f4pital d\u2019Ottawa, prend soin des patients les plus malades \u00e0 l\u2019Unit\u00e9 de soins intensifs. Ses int\u00e9r\u00eats en recherche convergent vers l\u2019utilisation optimale des ressources et l\u2019am\u00e9lioration de l\u2019acc\u00e8s aux soins palliatifs dans cette unit\u00e9. C\u2019est pourquoi il a fond\u00e9 le r\u00e9seau d\u2019optimisation des ressources, un [&hellip;]<\/p>\n","protected":false},"author":25,"featured_media":0,"parent":4550,"menu_order":31,"comment_status":"closed","ping_status":"closed","template":"","meta":{"_acf_changed":false,"_mc_calendar":[],"footnotes":""},"class_list":["post-75702","page","type-page","status-publish","hentry"],"acf":[],"wps_subtitle":"","_links":{"self":[{"href":"https:\/\/www.ottawahospital.on.ca\/fr\/wp-json\/wp\/v2\/pages\/75702","targetHints":{"allow":["GET"]}}],"collection":[{"href":"https:\/\/www.ottawahospital.on.ca\/fr\/wp-json\/wp\/v2\/pages"}],"about":[{"href":"https:\/\/www.ottawahospital.on.ca\/fr\/wp-json\/wp\/v2\/types\/page"}],"author":[{"embeddable":true,"href":"https:\/\/www.ottawahospital.on.ca\/fr\/wp-json\/wp\/v2\/users\/25"}],"replies":[{"embeddable":true,"href":"https:\/\/www.ottawahospital.on.ca\/fr\/wp-json\/wp\/v2\/comments?post=75702"}],"version-history":[{"count":0,"href":"https:\/\/www.ottawahospital.on.ca\/fr\/wp-json\/wp\/v2\/pages\/75702\/revisions"}],"up":[{"embeddable":true,"href":"https:\/\/www.ottawahospital.on.ca\/fr\/wp-json\/wp\/v2\/pages\/4550"}],"wp:attachment":[{"href":"https:\/\/www.ottawahospital.on.ca\/fr\/wp-json\/wp\/v2\/media?parent=75702"}],"curies":[{"name":"wp","href":"https:\/\/api.w.org\/{rel}","templated":true}]}}