{"id":75692,"date":"2023-02-16T10:21:50","date_gmt":"2023-02-16T15:21:50","guid":{"rendered":"https:\/\/www.ottawahospital.on.ca\/?page_id=75692"},"modified":"2024-03-05T14:00:17","modified_gmt":"2024-03-05T19:00:17","slug":"michelle-chiu","status":"publish","type":"page","link":"https:\/\/www.ottawahospital.on.ca\/fr\/about-us\/notre-equipe-de-direction\/equipe-de-la-haute-direction\/michelle-chiu\/","title":{"rendered":"Michelle Chiu"},"content":{"rendered":"<div class=\"wp-block-image is-style-default\">\n<figure class=\"alignleft size-full\"><img decoding=\"async\" width=\"135\" height=\"169\" src=\"https:\/\/www.ottawahospital.on.ca\/wp-content\/uploads\/2022\/09\/Profile-pictures-Michelle-Chiu.jpg\" alt=\"Michelle Chiu\" class=\"wp-image-73525\"\/><figcaption class=\"wp-element-caption\"><strong>Michelle Chiu, MD, FRCPC<\/strong> <br>Directrice et cheffe int\u00e9rimaire<br>Professeure agr\u00e9g\u00e9e<br>D\u00e9partement d\u2019anesth\u00e9siologie et de m\u00e9decine de la douleur<\/figcaption><\/figure>\n<\/div>\n\n\n<p>La Dre Michelle Chiu a compl\u00e9t\u00e9 sa formation en anesth\u00e9siologie \u00e0 l&rsquo;Universit\u00e9 d&rsquo;Ottawa. Elle a approfondi sa formation par une sursp\u00e9cialit\u00e9 en anesth\u00e9siologie r\u00e9gionale \u00e0 l&rsquo;Universit\u00e9 Monash (Melbourne, Australie), o\u00f9 elle a \u00e9galement obtenu une formation sp\u00e9cialis\u00e9e en en simulation et en \u00e9ducation m\u00e9dicale. Ses int\u00e9r\u00eats acad\u00e9miques sont ax\u00e9s sur l&rsquo;enseignement m\u00e9dical, la simulation, l&rsquo;\u00e9valuation des comp\u00e9tences et le d\u00e9veloppement du corps enseignant.<\/p>\n\n\n\n<p>Elle est cheffe int\u00e9rimaire et directrice du d\u00e9partement d&rsquo;anesth\u00e9siologie et de m\u00e9decine de la douleur (DAMD) de l&rsquo;H\u00f4pital d&rsquo;Ottawa et de l&rsquo;Universit\u00e9 d&rsquo;Ottawa, avec une nomination conjointe au D\u00e9partement d&rsquo;innovation en \u00e9ducation m\u00e9dicale. Auparavant, elle \u00e9tait cheffe adjointe, en charge de l&rsquo;\u00e9ducation du DAMD, o\u00f9 elle supervisait toutes les activit\u00e9s \u00e9ducatives du d\u00e9partement, et directrice de la simulation du DAMD, o\u00f9 elle \u00e9tait responsable de l&rsquo;\u00e9laboration, de la coordination et de la mise en \u0153uvre de l&rsquo;\u00e9ducation fond\u00e9e sur la simulation pour les \u00e9tudiants, les r\u00e9sidents, les professeurs et les professionnels param\u00e9dicaux.<\/p>\n\n\n\n<p>Elle est l&rsquo;ancienne pr\u00e9sidente du Comit\u00e9 du programme national canadien de simulation en anesth\u00e9sie (CanNASC) ; ce travail a abouti \u00e0 l&rsquo;\u00e9laboration et \u00e0 la mise en \u0153uvre d&rsquo;une strat\u00e9gie nationale fond\u00e9e sur la simulation pour l&rsquo;\u00e9valuation des comp\u00e9tences des \u00e9tudiants de troisi\u00e8me cycle qui est requise pour leur certification par le Coll\u00e8ge Royal des M\u00e9decins et Chirurgiens du Canada (CRMCC). Elle a \u00e9t\u00e9 directrice de l&rsquo;\u00e9laboration du mat\u00e9riel d&rsquo;examen pour le comit\u00e9 d&rsquo;examen du Coll\u00e8ge Royal d&rsquo;anesth\u00e9siologie pendant 8 ans, o\u00f9 elle a dirig\u00e9 l&rsquo;introduction d&rsquo;une \u00e9valuation \u00e0 enjeux \u00e9lev\u00e9s des comp\u00e9tences intrins\u00e8ques CanMEDS lors des examens de certification. Elle est l&rsquo;une des deux \u00e9ducatrices en simulation du CRMCC au Canada, travaillant \u00e0 \u00e9tendre le r\u00f4le, l&rsquo;utilisation et l&rsquo;int\u00e9gration de la simulation dans l&rsquo;\u00e9ducation post-universitaire, le d\u00e9veloppement professionnel continu et les syst\u00e8mes de soins de sant\u00e9.<\/p>\n","protected":false},"excerpt":{"rendered":"<p>La Dre Michelle Chiu a compl\u00e9t\u00e9 sa formation en anesth\u00e9siologie \u00e0 l&rsquo;Universit\u00e9 d&rsquo;Ottawa. Elle a approfondi sa formation par une sursp\u00e9cialit\u00e9 en anesth\u00e9siologie r\u00e9gionale \u00e0 l&rsquo;Universit\u00e9 Monash (Melbourne, Australie), o\u00f9 elle a \u00e9galement obtenu une formation sp\u00e9cialis\u00e9e en en simulation et en \u00e9ducation m\u00e9dicale. Ses int\u00e9r\u00eats acad\u00e9miques sont ax\u00e9s sur l&rsquo;enseignement m\u00e9dical, la simulation, l&rsquo;\u00e9valuation [&hellip;]<\/p>\n","protected":false},"author":25,"featured_media":0,"parent":4550,"menu_order":0,"comment_status":"closed","ping_status":"closed","template":"","meta":{"_acf_changed":false,"_mc_calendar":[],"footnotes":""},"class_list":["post-75692","page","type-page","status-publish","hentry"],"acf":[],"wps_subtitle":"","_links":{"self":[{"href":"https:\/\/www.ottawahospital.on.ca\/fr\/wp-json\/wp\/v2\/pages\/75692","targetHints":{"allow":["GET"]}}],"collection":[{"href":"https:\/\/www.ottawahospital.on.ca\/fr\/wp-json\/wp\/v2\/pages"}],"about":[{"href":"https:\/\/www.ottawahospital.on.ca\/fr\/wp-json\/wp\/v2\/types\/page"}],"author":[{"embeddable":true,"href":"https:\/\/www.ottawahospital.on.ca\/fr\/wp-json\/wp\/v2\/users\/25"}],"replies":[{"embeddable":true,"href":"https:\/\/www.ottawahospital.on.ca\/fr\/wp-json\/wp\/v2\/comments?post=75692"}],"version-history":[{"count":0,"href":"https:\/\/www.ottawahospital.on.ca\/fr\/wp-json\/wp\/v2\/pages\/75692\/revisions"}],"up":[{"embeddable":true,"href":"https:\/\/www.ottawahospital.on.ca\/fr\/wp-json\/wp\/v2\/pages\/4550"}],"wp:attachment":[{"href":"https:\/\/www.ottawahospital.on.ca\/fr\/wp-json\/wp\/v2\/media?parent=75692"}],"curies":[{"name":"wp","href":"https:\/\/api.w.org\/{rel}","templated":true}]}}