{"id":75463,"date":"2023-01-31T14:03:47","date_gmt":"2023-01-31T19:03:47","guid":{"rendered":"https:\/\/www.ottawahospital.on.ca\/?page_id=75463"},"modified":"2023-02-01T11:25:33","modified_gmt":"2023-02-01T16:25:33","slug":"accelerer-la-decouverte","status":"publish","type":"page","link":"https:\/\/www.ottawahospital.on.ca\/fr\/about-us\/plan-strategique\/accelerer-la-decouverte\/","title":{"rendered":"Acc\u00e9l\u00e9rer la d\u00e9couverte"},"content":{"rendered":"<div class=\"wp-block-image is-style-default\">\n<figure class=\"aligncenter size-full is-resized\"><img decoding=\"async\" src=\"https:\/\/www.ottawahospital.on.ca\/wp-content\/uploads\/2023\/01\/Accelerate-Illustration.jpg\" alt=\"\" class=\"wp-image-75209\" width=\"457\" srcset=\"https:\/\/www.ottawahospital.on.ca\/wp-content\/uploads\/2023\/01\/Accelerate-Illustration.jpg 914w, https:\/\/www.ottawahospital.on.ca\/wp-content\/uploads\/2023\/01\/Accelerate-Illustration-600x427.jpg 600w, https:\/\/www.ottawahospital.on.ca\/wp-content\/uploads\/2023\/01\/Accelerate-Illustration-300x213.jpg 300w, https:\/\/www.ottawahospital.on.ca\/wp-content\/uploads\/2023\/01\/Accelerate-Illustration-768x546.jpg 768w\" sizes=\"(max-width: 914px) 100vw, 914px\" \/><\/figure>\n<\/div>\n\n\n<h2 class=\"has-text-align-center has-text-color has-large-font-size wp-block-heading\" style=\"color:#da1c5c\"><strong>ACC\u00c9L\u00c9RER<\/strong><\/h2>\n\n\n\n<h4 class=\"has-text-align-center negmargintop25 has-text-color has-medium-font-size wp-block-heading\" style=\"color:#295d90\">la d\u00e9couverte<\/h4>\n\n\n\n<p><em>Orientation strat\u00e9gique&nbsp;n<sup>o<\/sup>&nbsp;4<\/em><strong> \u2013 <\/strong>Acc\u00e9l\u00e9rer la d\u00e9couverte<strong>: Poursuivre des recherches de pointe cons\u00e9quentes pour faire \u0153uvre de pionnier dans la cr\u00e9ation de nouveaux outils et traitements b\u00e9n\u00e9fiques aux patients et pour relever notre stature de chef de file mondial en recherche et en enseignement.<\/strong><\/p>\n\n\n\n<ol class=\"wp-block-list\" type=\"1\">\n<li><em>Priorit\u00e9 strat\u00e9gique&nbsp;\u2013 <\/em><strong>Donner de l\u2019espoir aux patients en nous engageant \u00e0 r\u00e9aliser de la recherche avant-gardiste<\/strong> \u2013 Donner aux patients et \u00e0 leurs \u00eatres chers de nouveaux espoirs gr\u00e2ce \u00e0 la recherche qui rend possible les soins de sant\u00e9 de demain, en nous concentrant sur les perc\u00e9es d\u00e9coulant des travaux de recherche ax\u00e9s sur la conception et l\u2019innovation pratique.\n<ul class=\"wp-block-list\">\n<li><a href=\"https:\/\/www.ohri.ca\/About\/OHRIStrategicPlanFR.pdf\" target=\"_blank\" rel=\"noreferrer noopener\"><strong>Plan strat\u00e9gique de l\u2019institut de recherche de l\u2019h\u00f4pital d\u2019ottawa<\/strong><\/a><\/li>\n\n\n\n<li><strong><a href=\"https:\/\/www.irho.ca\/\/OurResearch\/research_priorities.asp\" target=\"_blank\" rel=\"noreferrer noopener\">Priorit\u00e9s strat\u00e9giques de recherche de l\u2019h\u00f4pital d\u2019ottawa<\/a><\/strong><\/li>\n<\/ul>\n<\/li>\n\n\n\n<li><em>Priorit\u00e9 strat\u00e9gique&nbsp;<\/em><strong>\u2013 Promouvoir la formation multidisciplinaire \u2013<\/strong> Former la prochaine g\u00e9n\u00e9ration de professionnels de la sant\u00e9 en privil\u00e9giant l\u2019excellence de l\u2019apprentissage au sein d\u2019une \u00e9quipe multidisciplinaire, l\u2019exp\u00e9rience des apprenants et la transmission du savoir en collaboration avec des partenaires en \u00e9ducation.<\/li>\n\n\n\n<li><em>Priorit\u00e9 strat\u00e9gique&nbsp;<\/em><strong>\u2013 Diriger la plateforme de l\u2019innovation \u2013 <\/strong>\u00catre le chef de file en mati\u00e8re d\u2019innovation en sant\u00e9, tout en pr\u00e9sentant Ottawa comme un \u00e9cosyst\u00e8me d\u2019innovation florissant.<\/li>\n<\/ol>\n","protected":false},"excerpt":{"rendered":"<p>ACC\u00c9L\u00c9RER la d\u00e9couverte Orientation strat\u00e9gique&nbsp;no&nbsp;4 \u2013 Acc\u00e9l\u00e9rer la d\u00e9couverte: Poursuivre des recherches de pointe cons\u00e9quentes pour faire \u0153uvre de pionnier dans la cr\u00e9ation de nouveaux outils et traitements b\u00e9n\u00e9fiques aux patients et pour relever notre stature de chef de file mondial en recherche et en enseignement.<\/p>\n","protected":false},"author":25,"featured_media":0,"parent":75318,"menu_order":3,"comment_status":"closed","ping_status":"closed","template":"","meta":{"_acf_changed":false,"_mc_calendar":[],"footnotes":""},"class_list":["post-75463","page","type-page","status-publish","hentry"],"acf":[],"wps_subtitle":"","_links":{"self":[{"href":"https:\/\/www.ottawahospital.on.ca\/fr\/wp-json\/wp\/v2\/pages\/75463","targetHints":{"allow":["GET"]}}],"collection":[{"href":"https:\/\/www.ottawahospital.on.ca\/fr\/wp-json\/wp\/v2\/pages"}],"about":[{"href":"https:\/\/www.ottawahospital.on.ca\/fr\/wp-json\/wp\/v2\/types\/page"}],"author":[{"embeddable":true,"href":"https:\/\/www.ottawahospital.on.ca\/fr\/wp-json\/wp\/v2\/users\/25"}],"replies":[{"embeddable":true,"href":"https:\/\/www.ottawahospital.on.ca\/fr\/wp-json\/wp\/v2\/comments?post=75463"}],"version-history":[{"count":0,"href":"https:\/\/www.ottawahospital.on.ca\/fr\/wp-json\/wp\/v2\/pages\/75463\/revisions"}],"up":[{"embeddable":true,"href":"https:\/\/www.ottawahospital.on.ca\/fr\/wp-json\/wp\/v2\/pages\/75318"}],"wp:attachment":[{"href":"https:\/\/www.ottawahospital.on.ca\/fr\/wp-json\/wp\/v2\/media?parent=75463"}],"curies":[{"name":"wp","href":"https:\/\/api.w.org\/{rel}","templated":true}]}}