{"id":75458,"date":"2023-01-31T13:44:37","date_gmt":"2023-01-31T18:44:37","guid":{"rendered":"https:\/\/www.ottawahospital.on.ca\/?page_id=75458"},"modified":"2023-01-31T13:44:41","modified_gmt":"2023-01-31T18:44:41","slug":"cultiver-notre-responsabilite-sociale","status":"publish","type":"page","link":"https:\/\/www.ottawahospital.on.ca\/fr\/about-us\/plan-strategique\/cultiver-notre-responsabilite-sociale\/","title":{"rendered":"Cultiver notre responsabilit\u00e9 sociale"},"content":{"rendered":"<div class=\"wp-block-image is-style-default\">\n<figure class=\"aligncenter size-full is-resized\"><img decoding=\"async\" src=\"https:\/\/www.ottawahospital.on.ca\/wp-content\/uploads\/2023\/01\/Nurture-Illustration.jpg\" alt=\"\" class=\"wp-image-75207\" width=\"402\" height=\"285\" srcset=\"https:\/\/www.ottawahospital.on.ca\/wp-content\/uploads\/2023\/01\/Nurture-Illustration.jpg 914w, https:\/\/www.ottawahospital.on.ca\/wp-content\/uploads\/2023\/01\/Nurture-Illustration-600x427.jpg 600w, https:\/\/www.ottawahospital.on.ca\/wp-content\/uploads\/2023\/01\/Nurture-Illustration-300x213.jpg 300w, https:\/\/www.ottawahospital.on.ca\/wp-content\/uploads\/2023\/01\/Nurture-Illustration-768x546.jpg 768w\" sizes=\"(max-width: 402px) 100vw, 402px\" \/><\/figure>\n<\/div>\n\n\n<h2 class=\"has-text-align-center has-text-color has-large-font-size wp-block-heading\" style=\"color:#70b9c6\"><strong>CULTIVER<\/strong><\/h2>\n\n\n\n<h4 class=\"has-text-align-center negmargintop25 has-text-color has-medium-font-size wp-block-heading\" style=\"color:#295d90\">notre responsabilit\u00e9 sociale<\/h4>\n\n\n\n<p><em>Orientation strat\u00e9gique&nbsp;n<sup>o<\/sup>&nbsp;3<\/em><strong> \u2013 <\/strong>Cultiver notre responsabilit\u00e9 sociale<strong>\u2013 Tout ce que nous faisons repose sur une profonde responsabilit\u00e9 sociale \u00e0 l\u2019\u00e9gard de notre collectivit\u00e9 afin d\u2019am\u00e9liorer la sant\u00e9 de notre population diversifi\u00e9e et d\u2019assainir notre plan\u00e8te.<\/strong><\/p>\n\n\n\n<ol class=\"wp-block-list\" type=\"1\">\n<li><em>Priorit\u00e9 strat\u00e9gique&nbsp;<\/em><strong>\u2013 Susciter l\u2019engagement des communaut\u00e9s autochtones \u2013 <\/strong>Poursuivre notre chemin vers la r\u00e9conciliation pour affronter le racisme syst\u00e9mique, la discrimination et les iniquit\u00e9s omnipr\u00e9sents dans le syst\u00e8me de sant\u00e9 et promouvoir une culture d\u2019appartenance pour que tout un chacun puisse avoir un acc\u00e8s \u00e9quitable, et sans discrimination, \u00e0 des soins s\u00e9curitaires qui respectent le savoir traditionnel et vivant des peuples autochtones en mati\u00e8re de sant\u00e9.<\/li>\n\n\n\n<li><em>Priorit\u00e9 strat\u00e9gique\u00a0<\/em><strong>\u2013 Promouvoir l\u2019\u00e9quit\u00e9, la diversit\u00e9, l\u2019inclusion et l\u2019accessibilit\u00e9 \u2013<\/strong> Traiter du racisme syst\u00e9mique, de la discrimination et des iniquit\u00e9s omnipr\u00e9sents dans le syst\u00e8me de sant\u00e9 et promouvoir une culture d\u2019appartenance pour tous o\u00f9 nous encouragerons l\u2019accessibilit\u00e9, l\u2019\u00e9quit\u00e9, la diversit\u00e9 et l\u2019inclusion, \u00e0 l\u2019image des personnes que nous servons.<\/li>\n\n\n\n<li><em>Priorit\u00e9 strat\u00e9gique\u00a0<\/em>\u2013 <strong>Montrer l\u2019exemple en mati\u00e8re de g\u00e9rance de l\u2019environnement dans le domaine de la sant\u00e9\u00a0<\/strong>\u2013 Devenir un chef de file dans le domaine des soins de sant\u00e9 durables en misant sur les bienfaits d\u2019une plan\u00e8te en meilleure sant\u00e9 pour le mieux-\u00eatre des patients et de la collectivit\u00e9.<\/li>\n\n\n\n<li><em>Priorit\u00e9 strat\u00e9gique\u00a0<\/em>\u2013<strong> Assurer une g\u00e9rance et une durabilit\u00e9 financi\u00e8rement responsables \u2013<\/strong> Maintenir une solidit\u00e9 financi\u00e8re et la souplesse n\u00e9cessaires pour offrir des soins de calibre mondial gr\u00e2ce \u00e0 une planification financi\u00e8re strat\u00e9gique et \u00e0 des partenariats favorisant des d\u00e9bouch\u00e9s \u00e9conomiques.<\/li>\n\n\n\n<li><em>Priorit\u00e9 strat\u00e9gique\u00a0\u2013<\/em><strong> Mobiliser le soutien communautaire \u2013 <\/strong>Souligner la confiance et l\u2019appui d\u2019une collectivit\u00e9 g\u00e9n\u00e9reuse, et avec la Fondation de l\u2019H\u00f4pital d\u2019Ottawa, tirer parti de cet esprit philanthropique et volontariste pour s\u2019assurer que la collectivit\u00e9 continue d\u2019avoir acc\u00e8s \u00e0 des soins de calibre mondial.<\/li>\n<\/ol>\n","protected":false},"excerpt":{"rendered":"<p>CULTIVER notre responsabilit\u00e9 sociale Orientation strat\u00e9gique&nbsp;no&nbsp;3 \u2013 Cultiver notre responsabilit\u00e9 sociale\u2013 Tout ce que nous faisons repose sur une profonde responsabilit\u00e9 sociale \u00e0 l\u2019\u00e9gard de notre collectivit\u00e9 afin d\u2019am\u00e9liorer la sant\u00e9 de notre population diversifi\u00e9e et d\u2019assainir notre plan\u00e8te.<\/p>\n","protected":false},"author":25,"featured_media":0,"parent":75318,"menu_order":2,"comment_status":"closed","ping_status":"closed","template":"","meta":{"_acf_changed":false,"_mc_calendar":[],"footnotes":""},"class_list":["post-75458","page","type-page","status-publish","hentry"],"acf":[],"wps_subtitle":"","_links":{"self":[{"href":"https:\/\/www.ottawahospital.on.ca\/fr\/wp-json\/wp\/v2\/pages\/75458","targetHints":{"allow":["GET"]}}],"collection":[{"href":"https:\/\/www.ottawahospital.on.ca\/fr\/wp-json\/wp\/v2\/pages"}],"about":[{"href":"https:\/\/www.ottawahospital.on.ca\/fr\/wp-json\/wp\/v2\/types\/page"}],"author":[{"embeddable":true,"href":"https:\/\/www.ottawahospital.on.ca\/fr\/wp-json\/wp\/v2\/users\/25"}],"replies":[{"embeddable":true,"href":"https:\/\/www.ottawahospital.on.ca\/fr\/wp-json\/wp\/v2\/comments?post=75458"}],"version-history":[{"count":0,"href":"https:\/\/www.ottawahospital.on.ca\/fr\/wp-json\/wp\/v2\/pages\/75458\/revisions"}],"up":[{"embeddable":true,"href":"https:\/\/www.ottawahospital.on.ca\/fr\/wp-json\/wp\/v2\/pages\/75318"}],"wp:attachment":[{"href":"https:\/\/www.ottawahospital.on.ca\/fr\/wp-json\/wp\/v2\/media?parent=75458"}],"curies":[{"name":"wp","href":"https:\/\/api.w.org\/{rel}","templated":true}]}}