{"id":75449,"date":"2023-01-31T13:36:37","date_gmt":"2023-01-31T18:36:37","guid":{"rendered":"https:\/\/www.ottawahospital.on.ca\/?page_id=75449"},"modified":"2023-01-31T13:37:35","modified_gmt":"2023-01-31T18:37:35","slug":"optimiser-le-potentiel-des-personnes","status":"publish","type":"page","link":"https:\/\/www.ottawahospital.on.ca\/fr\/about-us\/plan-strategique\/optimiser-le-potentiel-des-personnes\/","title":{"rendered":"Optimiser le potentiel des personnes"},"content":{"rendered":"<div class=\"wp-block-image is-style-default\">\n<figure class=\"aligncenter size-full is-resized\"><img decoding=\"async\" src=\"https:\/\/www.ottawahospital.on.ca\/wp-content\/uploads\/2023\/01\/Ignite-Illustration.jpg\" alt=\"Optimiser le potentiel des personnes\" class=\"wp-image-75201\" width=\"457\" height=\"325\" srcset=\"https:\/\/www.ottawahospital.on.ca\/wp-content\/uploads\/2023\/01\/Ignite-Illustration.jpg 914w, https:\/\/www.ottawahospital.on.ca\/wp-content\/uploads\/2023\/01\/Ignite-Illustration-600x427.jpg 600w, https:\/\/www.ottawahospital.on.ca\/wp-content\/uploads\/2023\/01\/Ignite-Illustration-300x213.jpg 300w, https:\/\/www.ottawahospital.on.ca\/wp-content\/uploads\/2023\/01\/Ignite-Illustration-768x546.jpg 768w\" sizes=\"(max-width: 457px) 100vw, 457px\" \/><\/figure>\n<\/div>\n\n\n<h2 class=\"has-text-align-center has-text-color has-large-font-size wp-block-heading\" style=\"color:#c15c2e\"><strong>OPTIMISER<\/strong><\/h2>\n\n\n\n<h4 class=\"has-text-align-center negmargintop25 has-text-color has-medium-font-size wp-block-heading\" style=\"color:#295d90\">le potentiel de chaque personne<\/h4>\n\n\n\n<p><em>Orientation strat\u00e9gique&nbsp;n<sup>o<\/sup>&nbsp;2<\/em><strong> \u2013 Optimiser le potentiel des personnes&nbsp;: Favoriser un milieu de travail qui inspire la fiert\u00e9, l\u2019ambition et l\u2019\u00e9panouissement.<\/strong><\/p>\n\n\n\n<ol class=\"wp-block-list\" type=\"1\">\n<li><em>Priorit\u00e9 strat\u00e9gique&nbsp;<\/em><strong>\u2013 Cr\u00e9er les leaders de la rel\u00e8ve \u2013 <\/strong>Former des dirigeants ax\u00e9s sur la personne et qui incarnent les valeurs et la vision de L\u2019H\u00f4pital d\u2019Ottawa en mobilisant les employ\u00e9s, les m\u00e9decins et les b\u00e9n\u00e9voles et en les appuyant gr\u00e2ce \u00e0 la formation continue, l\u2019apprentissage et le mentorat.<\/li>\n\n\n\n<li><em>Priorit\u00e9 strat\u00e9gique\u00a0<\/em><strong>\u2013 Favoriser la planification et le maintien des effectifs \u2013 <\/strong>Dynamiser l\u2019avenir de la prestation des soins gr\u00e2ce \u00e0 des mod\u00e8les de novateurs qui soutiennent les membres performants du personnel dans l\u2019atteinte de leur plein potentiel.<\/li>\n\n\n\n<li><em>Priorit\u00e9 strat\u00e9gique\u00a0<\/em><strong>\u2013 Promouvoir l\u2019engagement, le mieux-\u00eatre et la sant\u00e9 des effectifs \u2013 <\/strong>Cr\u00e9er un milieu de travail qui est \u00e0 la fois inspirant, motivant et s\u00e9curitaire, au sein duquel chaque membre du personnel trouve un sens et un but \u00e0 son travail, et ce, tout en prenant soin des gens comme ils le feraient pour un \u00eatre cher.<\/li>\n<\/ol>\n","protected":false},"excerpt":{"rendered":"<p>OPTIMISER le potentiel de chaque personne Orientation strat\u00e9gique&nbsp;no&nbsp;2 \u2013 Optimiser le potentiel des personnes&nbsp;: Favoriser un milieu de travail qui inspire la fiert\u00e9, l\u2019ambition et l\u2019\u00e9panouissement.<\/p>\n","protected":false},"author":25,"featured_media":0,"parent":75318,"menu_order":1,"comment_status":"closed","ping_status":"closed","template":"","meta":{"_acf_changed":false,"_mc_calendar":[],"footnotes":""},"class_list":["post-75449","page","type-page","status-publish","hentry"],"acf":[],"wps_subtitle":"","_links":{"self":[{"href":"https:\/\/www.ottawahospital.on.ca\/fr\/wp-json\/wp\/v2\/pages\/75449","targetHints":{"allow":["GET"]}}],"collection":[{"href":"https:\/\/www.ottawahospital.on.ca\/fr\/wp-json\/wp\/v2\/pages"}],"about":[{"href":"https:\/\/www.ottawahospital.on.ca\/fr\/wp-json\/wp\/v2\/types\/page"}],"author":[{"embeddable":true,"href":"https:\/\/www.ottawahospital.on.ca\/fr\/wp-json\/wp\/v2\/users\/25"}],"replies":[{"embeddable":true,"href":"https:\/\/www.ottawahospital.on.ca\/fr\/wp-json\/wp\/v2\/comments?post=75449"}],"version-history":[{"count":0,"href":"https:\/\/www.ottawahospital.on.ca\/fr\/wp-json\/wp\/v2\/pages\/75449\/revisions"}],"up":[{"embeddable":true,"href":"https:\/\/www.ottawahospital.on.ca\/fr\/wp-json\/wp\/v2\/pages\/75318"}],"wp:attachment":[{"href":"https:\/\/www.ottawahospital.on.ca\/fr\/wp-json\/wp\/v2\/media?parent=75449"}],"curies":[{"name":"wp","href":"https:\/\/api.w.org\/{rel}","templated":true}]}}