{"id":75441,"date":"2023-01-31T13:22:44","date_gmt":"2023-01-31T18:22:44","guid":{"rendered":"https:\/\/www.ottawahospital.on.ca\/?page_id=75441"},"modified":"2023-01-31T14:05:45","modified_gmt":"2023-01-31T19:05:45","slug":"rehausser-la-qualite-des-soins","status":"publish","type":"page","link":"https:\/\/www.ottawahospital.on.ca\/fr\/about-us\/plan-strategique\/rehausser-la-qualite-des-soins\/","title":{"rendered":"<strong>Rehausser la qualit\u00e9 des soins<\/strong>"},"content":{"rendered":"<div class=\"wp-block-image is-style-default\">\n<figure class=\"aligncenter size-full is-resized\"><img decoding=\"async\" src=\"https:\/\/www.ottawahospital.on.ca\/wp-content\/uploads\/2023\/01\/enrich-illustration.jpg\" alt=\"Rehausser la qualit\u00e9 des soins\" class=\"wp-image-75199\" width=\"457\" height=\"325\" srcset=\"https:\/\/www.ottawahospital.on.ca\/wp-content\/uploads\/2023\/01\/enrich-illustration.jpg 914w, https:\/\/www.ottawahospital.on.ca\/wp-content\/uploads\/2023\/01\/enrich-illustration-600x427.jpg 600w, https:\/\/www.ottawahospital.on.ca\/wp-content\/uploads\/2023\/01\/enrich-illustration-300x213.jpg 300w, https:\/\/www.ottawahospital.on.ca\/wp-content\/uploads\/2023\/01\/enrich-illustration-768x546.jpg 768w\" sizes=\"(max-width: 457px) 100vw, 457px\" \/><\/figure>\n<\/div>\n\n\n<h2 class=\"has-text-align-center has-text-color has-large-font-size wp-block-heading\" style=\"color:#a6be4b\"><strong>REHAUSSER<\/strong><\/h2>\n\n\n\n<h4 class=\"has-text-align-center negmargintop25 has-text-color has-medium-font-size wp-block-heading\" style=\"color:#295d90\">la qualit\u00e9 des soins<\/h4>\n\n\n\n<p><em>Orientation strat\u00e9gique&nbsp;n<sup>o<\/sup>&nbsp;1<\/em><strong> \u2013 Rehausser la qualit\u00e9 des soins : Nous stimulerons la croissance d\u2019un syst\u00e8me de sant\u00e9 vigoureux et bas\u00e9 sur des soins int\u00e9gr\u00e9s \u00e0 l\u2019ensemble de notre r\u00e9seau de partenaires de soins et de services sociaux.<\/strong><\/p>\n\n\n\n<ol class=\"wp-block-list\" type=\"1\">\n<li><em>Priorit\u00e9 strat\u00e9gique&nbsp;<\/em><strong>\u2013 Renforcer les soins ax\u00e9s sur le patient partenaire et une culture d\u2019engagement concret<\/strong> \u2013 Donner aux patients et \u00e0 leurs partenaires de soins les moyens de participer activement aux soins que nous offrons et mandater tous les travailleurs \u00e0 L\u2019H\u00f4pital d\u2019Ottawa pour fournir la meilleure exp\u00e9rience possible aux patients.<\/li>\n\n\n\n<li><em>Priorit\u00e9 strat\u00e9gique\u00a0<\/em><strong>\u2013 Am\u00e9liorer l\u2019acc\u00e8s aux soins pour chaque patient <\/strong>\u2013 Nous engager les premiers dans l\u2019\u00e9laboration d\u2019approches nouvelles et novatrices en mati\u00e8re de prestation de soins et miser sur les partenariats locaux pour nous assurer que chaque patient ait acc\u00e8s aux soins dont il a besoin, au moment o\u00f9 il en a besoin.<\/li>\n\n\n\n<li><em>Priorit\u00e9 strat\u00e9gique\u00a0<\/em><strong>\u2013 \u00c9tendre les partenariats dans l\u2019ensemble du continuum de soins <\/strong>\u2013 \u00c9laborer un syst\u00e8me solide et int\u00e9gr\u00e9 de soins de sant\u00e9 dans la r\u00e9gion en collaboration avec un large \u00e9ventail de partenaires afin de r\u00e9pondre aux besoins des communaut\u00e9s que nous servons.<\/li>\n\n\n\n<li><em>Priorit\u00e9 strat\u00e9gique<\/em> <strong>\u2013 Dynamiser l\u2019\u00e9volution num\u00e9rique des soins de sant\u00e9\u00a0<\/strong>\u2013 Am\u00e9liorer les r\u00e9sultats en mati\u00e8re de sant\u00e9 pour les populations que nous servons gr\u00e2ce \u00e0 une automatisation s\u00e9curitaire des processus de soins et op\u00e9rationnels.<\/li>\n\n\n\n<li><em>Priorit\u00e9 strat\u00e9gique\u00a0<strong>\u2013<\/strong><\/em><strong> Accro\u00eetre le d\u00e9veloppement et la modernisation des infrastructures\u00a0\u2013 <\/strong>Nous doter et entretenir des infrastructures de calibre mondial pour r\u00e9pondre aux besoins de notre collectivit\u00e9 et promouvoir la prestation des soins de sant\u00e9.<\/li>\n<\/ol>\n","protected":false},"excerpt":{"rendered":"<p>REHAUSSER la qualit\u00e9 des soins Orientation strat\u00e9gique&nbsp;no&nbsp;1 \u2013 Rehausser la qualit\u00e9 des soins : Nous stimulerons la croissance d\u2019un syst\u00e8me de sant\u00e9 vigoureux et bas\u00e9 sur des soins int\u00e9gr\u00e9s \u00e0 l\u2019ensemble de notre r\u00e9seau de partenaires de soins et de services sociaux.<\/p>\n","protected":false},"author":25,"featured_media":0,"parent":75318,"menu_order":0,"comment_status":"closed","ping_status":"closed","template":"","meta":{"_acf_changed":false,"_mc_calendar":[],"footnotes":""},"class_list":["post-75441","page","type-page","status-publish","hentry"],"acf":[],"wps_subtitle":"","_links":{"self":[{"href":"https:\/\/www.ottawahospital.on.ca\/fr\/wp-json\/wp\/v2\/pages\/75441","targetHints":{"allow":["GET"]}}],"collection":[{"href":"https:\/\/www.ottawahospital.on.ca\/fr\/wp-json\/wp\/v2\/pages"}],"about":[{"href":"https:\/\/www.ottawahospital.on.ca\/fr\/wp-json\/wp\/v2\/types\/page"}],"author":[{"embeddable":true,"href":"https:\/\/www.ottawahospital.on.ca\/fr\/wp-json\/wp\/v2\/users\/25"}],"replies":[{"embeddable":true,"href":"https:\/\/www.ottawahospital.on.ca\/fr\/wp-json\/wp\/v2\/comments?post=75441"}],"version-history":[{"count":0,"href":"https:\/\/www.ottawahospital.on.ca\/fr\/wp-json\/wp\/v2\/pages\/75441\/revisions"}],"up":[{"embeddable":true,"href":"https:\/\/www.ottawahospital.on.ca\/fr\/wp-json\/wp\/v2\/pages\/75318"}],"wp:attachment":[{"href":"https:\/\/www.ottawahospital.on.ca\/fr\/wp-json\/wp\/v2\/media?parent=75441"}],"curies":[{"name":"wp","href":"https:\/\/api.w.org\/{rel}","templated":true}]}}