{"id":7537,"date":"2016-11-16T11:02:29","date_gmt":"2016-11-16T16:02:29","guid":{"rendered":"http:\/\/52.229.122.34\/fr\/?page_id=7537"},"modified":"2022-02-10T08:09:27","modified_gmt":"2022-02-10T13:09:27","slug":"liens","status":"publish","type":"page","link":"https:\/\/www.ottawahospital.on.ca\/fr\/patients-et-visiteurs\/soutien-et-suivi\/soins-spirituels\/liens\/","title":{"rendered":"Liens"},"content":{"rendered":"<h2>Association canadienne de soins spirituels<\/h2>\n<p><a href=\"https:\/\/www.spiritualcare.ca\" target=\"_blank\" rel=\"noopener\">L\u2019Association canadienne de soins spirituels<\/a> est un organisme national multiconfessionnel vou\u00e9 \u00e0 la formation, \u00e0 la certification et \u00e0 l\u2019appui des intervenants en soins spirituels. Elle fournit des programmes \u00e9ducatifs pour les non-initi\u00e9s et les membres du clerg\u00e9 qui se pr\u00e9parent \u00e0 devenir aum\u00f4nier, conseiller pastoral, ministre, pr\u00eatre ou travailleur pastoral au sein de la collectivit\u00e9. Elle fournit \u00e9galement des formations et certifications aux superviseurs et aux sp\u00e9cialistes. L\u2019ACSS pr\u00e9conise une approche holistique vis-\u00e0-vis de la sant\u00e9 et du d\u00e9veloppement personnel et s\u2019attarde particuli\u00e8rement aux soins spirituels et religieux.<\/p>\n<h2>Ordre des psychoth\u00e9rapeutes autoris\u00e9s de l\u2019Ontario<\/h2>\n<p><a href=\"https:\/\/www.crpo.ca\" target=\"_blank\" rel=\"noopener\">L\u2019Ordre Ordre des psychoth\u00e9rapeutes autoris\u00e9s de l\u2019Ontario<\/a> r\u00e9git ses membres inscrits pour assurer la protection du public. Il a pour mission d\u2019\u00e9laborer des normes et des proc\u00e9dures r\u00e9gissant les psychoth\u00e9rapeutes dans l\u2019int\u00e9r\u00eat du public en s\u2019effor\u00e7ant d\u2019assurer un exercice comp\u00e9tent et \u00e9thique de la profession selon un cadre de responsabilisation.<\/p>\n<h2>Canadian Multi-faith Federation (CMF)<\/h2>\n<p>Organisme sans but lucratif, la <a href=\"https:\/\/www.cmfsrc.ca\" target=\"_blank\" rel=\"noopener\">Canadian Multifaith Federation<\/a> fait de la recherche, de l\u2019\u00e9ducation et de la d\u00e9fense des droits en mati\u00e8re de diversit\u00e9 spirituelle et religieuse. Elle a pour mission d\u2019offrir des services aux Canadiens et de d\u00e9fendre leurs droits concernant des dossiers spirituels et religieux.<\/p>\n","protected":false},"excerpt":{"rendered":"<p>Association canadienne de soins spirituels L\u2019Association canadienne de soins spirituels est un organisme national multiconfessionnel vou\u00e9 \u00e0 la formation, \u00e0 la certification et \u00e0 l\u2019appui des intervenants en soins spirituels. Elle fournit des programmes \u00e9ducatifs pour les non-initi\u00e9s et les membres du clerg\u00e9 qui se pr\u00e9parent \u00e0 devenir aum\u00f4nier, conseiller pastoral, ministre, pr\u00eatre ou travailleur [&hellip;]<\/p>\n","protected":false},"author":25,"featured_media":0,"parent":5029,"menu_order":7,"comment_status":"closed","ping_status":"closed","template":"","meta":{"_acf_changed":false,"_mc_calendar":[],"footnotes":""},"class_list":["post-7537","page","type-page","status-publish","hentry"],"acf":[],"wps_subtitle":"","_links":{"self":[{"href":"https:\/\/www.ottawahospital.on.ca\/fr\/wp-json\/wp\/v2\/pages\/7537","targetHints":{"allow":["GET"]}}],"collection":[{"href":"https:\/\/www.ottawahospital.on.ca\/fr\/wp-json\/wp\/v2\/pages"}],"about":[{"href":"https:\/\/www.ottawahospital.on.ca\/fr\/wp-json\/wp\/v2\/types\/page"}],"author":[{"embeddable":true,"href":"https:\/\/www.ottawahospital.on.ca\/fr\/wp-json\/wp\/v2\/users\/25"}],"replies":[{"embeddable":true,"href":"https:\/\/www.ottawahospital.on.ca\/fr\/wp-json\/wp\/v2\/comments?post=7537"}],"version-history":[{"count":0,"href":"https:\/\/www.ottawahospital.on.ca\/fr\/wp-json\/wp\/v2\/pages\/7537\/revisions"}],"up":[{"embeddable":true,"href":"https:\/\/www.ottawahospital.on.ca\/fr\/wp-json\/wp\/v2\/pages\/5029"}],"wp:attachment":[{"href":"https:\/\/www.ottawahospital.on.ca\/fr\/wp-json\/wp\/v2\/media?parent=7537"}],"curies":[{"name":"wp","href":"https:\/\/api.w.org\/{rel}","templated":true}]}}