{"id":7521,"date":"2016-11-16T10:44:57","date_gmt":"2016-11-16T15:44:57","guid":{"rendered":"http:\/\/52.229.122.34\/fr\/?page_id=7521"},"modified":"2023-10-20T08:59:21","modified_gmt":"2023-10-20T12:59:21","slug":"nous-joindre","status":"publish","type":"page","link":"https:\/\/www.ottawahospital.on.ca\/fr\/patients-et-visiteurs\/soutien-et-suivi\/questions-dethique\/nous-joindre\/","title":{"rendered":"Nous joindre"},"content":{"rendered":"<h2>Pour nous joindre<\/h2>\n<ul>\n<li>Il faut \u00e9crire \u00e0\u00a0<a href=\"mailto:ethique@lho.ca\" target=\"_blank\" rel=\"noreferrer noopener\">ethique@lho.ca<\/a>\u00a0ou composer le 613 722-7000.<\/li>\n<li>Nous sommes disponibles du lundi au vendredi, de 9 h \u00e0 17 h.<\/li>\n<li>Nos services sont offerts en personne, au t\u00e9l\u00e9phone ou en ligne afin d\u2019\u00eatre accessibles \u00e0 tous.<\/li>\n<\/ul>\n<h2>Notre \u00e9quipe<\/h2>\n<p><strong>Michael Kekewich<\/strong>, directeur, Centre de bio\u00e9thique Champlain, Service d\u2019\u00e9thique clinique et organisationnelle, Pr\u00e9vention et contr\u00f4le des infections, Aide m\u00e9dicale \u00e0 mourir<\/p>\n<p><strong>Dr Saumil Dholakia<\/strong>, directeur m\u00e9dical, \u00c9thique<\/p>\n<p><strong>Ali Ladak<\/strong>, \u00e9thicien<\/p>\n<p><strong>Bridie Hamilton<\/strong>, \u00e9thicienne<\/p>\n","protected":false},"excerpt":{"rendered":"<p>Pour nous joindre Il faut \u00e9crire \u00e0\u00a0ethique@lho.ca\u00a0ou composer le 613 722-7000. Nous sommes disponibles du lundi au vendredi, de 9 h \u00e0 17 h. Nos services sont offerts en personne, au t\u00e9l\u00e9phone ou en ligne afin d\u2019\u00eatre accessibles \u00e0 tous. Notre \u00e9quipe Michael Kekewich, directeur, Centre de bio\u00e9thique Champlain, Service d\u2019\u00e9thique clinique et organisationnelle, Pr\u00e9vention [&hellip;]<\/p>\n","protected":false},"author":25,"featured_media":0,"parent":4999,"menu_order":3,"comment_status":"closed","ping_status":"closed","template":"","meta":{"_acf_changed":false,"_mc_calendar":[],"footnotes":""},"class_list":["post-7521","page","type-page","status-publish","hentry"],"acf":[],"wps_subtitle":"","_links":{"self":[{"href":"https:\/\/www.ottawahospital.on.ca\/fr\/wp-json\/wp\/v2\/pages\/7521","targetHints":{"allow":["GET"]}}],"collection":[{"href":"https:\/\/www.ottawahospital.on.ca\/fr\/wp-json\/wp\/v2\/pages"}],"about":[{"href":"https:\/\/www.ottawahospital.on.ca\/fr\/wp-json\/wp\/v2\/types\/page"}],"author":[{"embeddable":true,"href":"https:\/\/www.ottawahospital.on.ca\/fr\/wp-json\/wp\/v2\/users\/25"}],"replies":[{"embeddable":true,"href":"https:\/\/www.ottawahospital.on.ca\/fr\/wp-json\/wp\/v2\/comments?post=7521"}],"version-history":[{"count":0,"href":"https:\/\/www.ottawahospital.on.ca\/fr\/wp-json\/wp\/v2\/pages\/7521\/revisions"}],"up":[{"embeddable":true,"href":"https:\/\/www.ottawahospital.on.ca\/fr\/wp-json\/wp\/v2\/pages\/4999"}],"wp:attachment":[{"href":"https:\/\/www.ottawahospital.on.ca\/fr\/wp-json\/wp\/v2\/media?parent=7521"}],"curies":[{"name":"wp","href":"https:\/\/api.w.org\/{rel}","templated":true}]}}