{"id":75069,"date":"2023-01-18T09:19:29","date_gmt":"2023-01-18T14:19:29","guid":{"rendered":"https:\/\/www.ottawahospital.on.ca\/?page_id=75069"},"modified":"2023-01-18T09:19:33","modified_gmt":"2023-01-18T14:19:33","slug":"melanie-gruer","status":"publish","type":"page","link":"https:\/\/www.ottawahospital.on.ca\/fr\/about-us\/notre-equipe-de-direction\/equipe-de-la-haute-direction\/melanie-gruer\/","title":{"rendered":"Melanie Gruer"},"content":{"rendered":"<div class=\"wp-block-image is-style-default\">\n<figure class=\"alignleft size-full\"><img decoding=\"async\" width=\"135\" height=\"169\" src=\"https:\/\/www.ottawahospital.on.ca\/wp-content\/uploads\/2021\/04\/Melanie-Gruer-Profile.jpg\" alt=\"Melanie Gruer\" class=\"wp-image-62416\"\/><figcaption class=\"wp-element-caption\">Melanie Gruer, Chef des Communications<\/figcaption><\/figure>\n<\/div>\n\n\n<p>Melanie Gruer qui a rejoint L\u2019H\u00f4pital\u00a0d\u2019Ottawa en 2021 comme chef des Communications est un maillon cl\u00e9 de la mise en \u0153uvre de la strat\u00e9gie et des objectifs de L\u2019H\u00f4pital. Elle est responsable de l\u2019\u00e9laboration et de l\u2019ex\u00e9cution des strat\u00e9gies globales et int\u00e9gr\u00e9es de communication qui appuient la mission, la vision, les valeurs et les priorit\u00e9s strat\u00e9giques de L\u2019H\u00f4pital d\u2019Ottawa. Melanie est \u00e0 la t\u00eate d\u2019une \u00e9quipe dynamique qui adh\u00e8re aux priorit\u00e9s de l\u2019H\u00f4pital, dans le cadre des communications internes et externes, de la strat\u00e9gie de marque, des relations avec les m\u00e9dias, de l\u2019engagement communautaire et de la traduction.<\/p>\n\n\n\n<p>Elle poss\u00e8de de vastes connaissances de la strat\u00e9gie de communication et du marketing, ayant occup\u00e9 des postes de direction au sein de deux \u00e9minentes universit\u00e9s canadiennes, du gouvernement f\u00e9d\u00e9ral, du Bureau du Premier ministre du Canada, et dans le secteur priv\u00e9. Originaire de Montr\u00e9al, Melanie a commenc\u00e9 sa carri\u00e8re comme journaliste.<\/p>\n","protected":false},"excerpt":{"rendered":"<p>Melanie Gruer qui a rejoint L\u2019H\u00f4pital\u00a0d\u2019Ottawa en 2021 comme chef des Communications est un maillon cl\u00e9 de la mise en \u0153uvre de la strat\u00e9gie et des objectifs de L\u2019H\u00f4pital. Elle est responsable de l\u2019\u00e9laboration et de l\u2019ex\u00e9cution des strat\u00e9gies globales et int\u00e9gr\u00e9es de communication qui appuient la mission, la vision, les valeurs et les priorit\u00e9s [&hellip;]<\/p>\n","protected":false},"author":25,"featured_media":0,"parent":4550,"menu_order":0,"comment_status":"closed","ping_status":"closed","template":"","meta":{"_acf_changed":false,"_mc_calendar":[],"footnotes":""},"class_list":["post-75069","page","type-page","status-publish","hentry"],"acf":[],"wps_subtitle":"","_links":{"self":[{"href":"https:\/\/www.ottawahospital.on.ca\/fr\/wp-json\/wp\/v2\/pages\/75069","targetHints":{"allow":["GET"]}}],"collection":[{"href":"https:\/\/www.ottawahospital.on.ca\/fr\/wp-json\/wp\/v2\/pages"}],"about":[{"href":"https:\/\/www.ottawahospital.on.ca\/fr\/wp-json\/wp\/v2\/types\/page"}],"author":[{"embeddable":true,"href":"https:\/\/www.ottawahospital.on.ca\/fr\/wp-json\/wp\/v2\/users\/25"}],"replies":[{"embeddable":true,"href":"https:\/\/www.ottawahospital.on.ca\/fr\/wp-json\/wp\/v2\/comments?post=75069"}],"version-history":[{"count":0,"href":"https:\/\/www.ottawahospital.on.ca\/fr\/wp-json\/wp\/v2\/pages\/75069\/revisions"}],"up":[{"embeddable":true,"href":"https:\/\/www.ottawahospital.on.ca\/fr\/wp-json\/wp\/v2\/pages\/4550"}],"wp:attachment":[{"href":"https:\/\/www.ottawahospital.on.ca\/fr\/wp-json\/wp\/v2\/media?parent=75069"}],"curies":[{"name":"wp","href":"https:\/\/api.w.org\/{rel}","templated":true}]}}