{"id":7502,"date":"2016-11-16T09:58:18","date_gmt":"2016-11-16T14:58:18","guid":{"rendered":"http:\/\/52.229.122.34\/fr\/?page_id=7502"},"modified":"2016-11-16T09:58:18","modified_gmt":"2016-11-16T14:58:18","slug":"plan-du-centre-de-cancerologie-famille-irving-greenberg","status":"publish","type":"page","link":"https:\/\/www.ottawahospital.on.ca\/fr\/patients-et-visiteurs\/directions-et-plans-des-campus\/plans-des-campus\/plan-du-centre-de-cancerologie-famille-irving-greenberg\/","title":{"rendered":"Plan du Centre de canc\u00e9rologie Famille Irving Greenberg"},"content":{"rendered":"<p>(situ\u00e9 sur la propri\u00e9t\u00e9 de l\u2019H\u00f4pital Queensway Carleton)<\/p>\n<ul>\n<li>3045, chemin Baseline, Ottawa, ON K2H 8P4<\/li>\n<li>Sur l\u2019autoroute 417, prenez la sortie vers la promenade Bayshore et le chemin Richmond. Roulez en direction Sud sur le chemin Richmond pendant 1 km pour parvenir \u00e0 l\u2019H\u00f4pital Queensway Carleton.<\/li>\n<li>Les autobus 97 (Bells Corners), 118 et 152 d\u2019OC Transpo desservent le Centre de canc\u00e9rologie Famille Irving Greenberg (les circuits peuvent \u00eatre modifi\u00e9s).<\/li>\n<\/ul>\n<p><img decoding=\"async\" class=\"aligncenter size-full wp-image-7507 img-responsive\" src=\"\/wp-content\/uploads\/2016\/11\/IGFCC_FR.jpg\" alt=\"igfcc_fr\" width=\"740\" height=\"1037\" srcset=\"https:\/\/www.ottawahospital.on.ca\/wp-content\/uploads\/2016\/11\/IGFCC_FR.jpg 740w, https:\/\/www.ottawahospital.on.ca\/wp-content\/uploads\/2016\/11\/IGFCC_FR-600x841.jpg 600w, https:\/\/www.ottawahospital.on.ca\/wp-content\/uploads\/2016\/11\/IGFCC_FR-214x300.jpg 214w, https:\/\/www.ottawahospital.on.ca\/wp-content\/uploads\/2016\/11\/IGFCC_FR-731x1024.jpg 731w\" sizes=\"(max-width: 740px) 100vw, 740px\" \/> <img decoding=\"async\" class=\"aligncenter size-full wp-image-7506 img-responsive\" src=\"\/wp-content\/uploads\/2016\/11\/IGFCC_Level1_FR.jpg\" alt=\"igfcc_level1_fr\" width=\"740\" height=\"1199\" srcset=\"https:\/\/www.ottawahospital.on.ca\/wp-content\/uploads\/2016\/11\/IGFCC_Level1_FR.jpg 740w, https:\/\/www.ottawahospital.on.ca\/wp-content\/uploads\/2016\/11\/IGFCC_Level1_FR-600x972.jpg 600w, https:\/\/www.ottawahospital.on.ca\/wp-content\/uploads\/2016\/11\/IGFCC_Level1_FR-185x300.jpg 185w, https:\/\/www.ottawahospital.on.ca\/wp-content\/uploads\/2016\/11\/IGFCC_Level1_FR-632x1024.jpg 632w\" sizes=\"(max-width: 740px) 100vw, 740px\" \/> <img decoding=\"async\" class=\"aligncenter size-full wp-image-7505 img-responsive\" src=\"\/wp-content\/uploads\/2016\/11\/IGFCC_Level2_FR.jpg\" alt=\"igfcc_level2_fr\" width=\"740\" height=\"1096\" srcset=\"https:\/\/www.ottawahospital.on.ca\/wp-content\/uploads\/2016\/11\/IGFCC_Level2_FR.jpg 740w, https:\/\/www.ottawahospital.on.ca\/wp-content\/uploads\/2016\/11\/IGFCC_Level2_FR-600x889.jpg 600w, https:\/\/www.ottawahospital.on.ca\/wp-content\/uploads\/2016\/11\/IGFCC_Level2_FR-203x300.jpg 203w, https:\/\/www.ottawahospital.on.ca\/wp-content\/uploads\/2016\/11\/IGFCC_Level2_FR-691x1024.jpg 691w\" sizes=\"(max-width: 740px) 100vw, 740px\" \/> <img decoding=\"async\" class=\"aligncenter size-full wp-image-7504 img-responsive\" src=\"\/wp-content\/uploads\/2016\/11\/IGFCC_Level3_FR.jpg\" alt=\"igfcc_level3_fr\" width=\"740\" height=\"697\" srcset=\"https:\/\/www.ottawahospital.on.ca\/wp-content\/uploads\/2016\/11\/IGFCC_Level3_FR.jpg 740w, https:\/\/www.ottawahospital.on.ca\/wp-content\/uploads\/2016\/11\/IGFCC_Level3_FR-600x565.jpg 600w, https:\/\/www.ottawahospital.on.ca\/wp-content\/uploads\/2016\/11\/IGFCC_Level3_FR-300x283.jpg 300w\" sizes=\"(max-width: 740px) 100vw, 740px\" \/> <img decoding=\"async\" class=\"aligncenter size-full wp-image-7503 img-responsive\" src=\"\/wp-content\/uploads\/2016\/11\/IGFCC_Level4_FR.jpg\" alt=\"igfcc_level4_fr\" width=\"517\" height=\"434\" srcset=\"https:\/\/www.ottawahospital.on.ca\/wp-content\/uploads\/2016\/11\/IGFCC_Level4_FR.jpg 517w, https:\/\/www.ottawahospital.on.ca\/wp-content\/uploads\/2016\/11\/IGFCC_Level4_FR-300x252.jpg 300w\" sizes=\"(max-width: 517px) 100vw, 517px\" \/><\/p>\n","protected":false},"excerpt":{"rendered":"<p>(situ\u00e9 sur la propri\u00e9t\u00e9 de l\u2019H\u00f4pital Queensway Carleton) 3045, chemin Baseline, Ottawa, ON K2H 8P4 Sur l\u2019autoroute 417, prenez la sortie vers la promenade Bayshore et le chemin Richmond. Roulez en direction Sud sur le chemin Richmond pendant 1 km pour parvenir \u00e0 l\u2019H\u00f4pital Queensway Carleton. Les autobus 97 (Bells Corners), 118 et 152 d\u2019OC [&hellip;]<\/p>\n","protected":false},"author":25,"featured_media":0,"parent":8003,"menu_order":0,"comment_status":"closed","ping_status":"closed","template":"","meta":{"_acf_changed":false,"_mc_calendar":[],"footnotes":""},"class_list":["post-7502","page","type-page","status-publish","hentry"],"acf":[],"wps_subtitle":"","_links":{"self":[{"href":"https:\/\/www.ottawahospital.on.ca\/fr\/wp-json\/wp\/v2\/pages\/7502","targetHints":{"allow":["GET"]}}],"collection":[{"href":"https:\/\/www.ottawahospital.on.ca\/fr\/wp-json\/wp\/v2\/pages"}],"about":[{"href":"https:\/\/www.ottawahospital.on.ca\/fr\/wp-json\/wp\/v2\/types\/page"}],"author":[{"embeddable":true,"href":"https:\/\/www.ottawahospital.on.ca\/fr\/wp-json\/wp\/v2\/users\/25"}],"replies":[{"embeddable":true,"href":"https:\/\/www.ottawahospital.on.ca\/fr\/wp-json\/wp\/v2\/comments?post=7502"}],"version-history":[{"count":0,"href":"https:\/\/www.ottawahospital.on.ca\/fr\/wp-json\/wp\/v2\/pages\/7502\/revisions"}],"up":[{"embeddable":true,"href":"https:\/\/www.ottawahospital.on.ca\/fr\/wp-json\/wp\/v2\/pages\/8003"}],"wp:attachment":[{"href":"https:\/\/www.ottawahospital.on.ca\/fr\/wp-json\/wp\/v2\/media?parent=7502"}],"curies":[{"name":"wp","href":"https:\/\/api.w.org\/{rel}","templated":true}]}}