{"id":74627,"date":"2022-12-06T13:43:51","date_gmt":"2022-12-06T18:43:51","guid":{"rendered":"https:\/\/www.ottawahospital.on.ca\/?page_id=74627"},"modified":"2022-12-06T13:43:55","modified_gmt":"2022-12-06T18:43:55","slug":"dr-sudhir-sundaresan","status":"publish","type":"page","link":"https:\/\/www.ottawahospital.on.ca\/fr\/about-us\/notre-equipe-de-direction\/equipe-de-la-haute-direction\/dr-sudhir-sundaresan\/","title":{"rendered":"Dr Sudhir Sundaresan"},"content":{"rendered":"<div class=\"wp-block-image is-style-default\">\n<figure class=\"alignleft size-large\"><img decoding=\"async\" src=\"https:\/\/www.ottawahospital.on.ca\/wp-content\/uploads\/2016\/11\/SudhirSundaresanWeb.jpg\" alt=\"\"\/><figcaption><strong> Dr Sudhir Sundaresan<\/strong>,  Chef, D\u00e9partement de<br>chirurgie  <\/figcaption><\/figure>\n<\/div>\n\n\n<p>Le D<sup>r<\/sup> Sudhir Sundaresan a \u00e9t\u00e9 nomm\u00e9 professeur Wilbert J. Keon et directeur du D\u00e9partement de chirurgie de l&rsquo;Universit\u00e9 et chef du D\u00e9partement de chirurgie de L&rsquo;H\u00f4pital d&rsquo;Ottawa en juillet 2013.<\/p>\n\n\n\n<p>Expert de premier plan dans son domaine, le D<sup>r<\/sup> Sundaresan est professeur titulaire au D\u00e9partement de chirurgie de la Facult\u00e9 et a pr\u00e9c\u00e9demment occup\u00e9 le poste de directeur\/chef de la division de chirurgie thoracique \u00e0 l&rsquo;Universit\u00e9 et \u00e0 L&rsquo;HO, de 2004 \u00e0 2012. Avant de se joindre \u00e0 L&rsquo;HO et la facult\u00e9 en 2002, le D<sup>r<\/sup> Sundaresan a occup\u00e9 des postes de professeur \u00e0 la Washington University School of Medicine (1992-1998) et en tant que chef de la division de chirurgie thoracique \u00e0 la Northwestern University, Chicago Illinois (1998-2002).<br><\/p>\n","protected":false},"excerpt":{"rendered":"<p>Le Dr Sudhir Sundaresan a \u00e9t\u00e9 nomm\u00e9 professeur Wilbert J. Keon et directeur du D\u00e9partement de chirurgie de l&rsquo;Universit\u00e9 et chef du D\u00e9partement de chirurgie de L&rsquo;H\u00f4pital d&rsquo;Ottawa en juillet 2013. Expert de premier plan dans son domaine, le Dr Sundaresan est professeur titulaire au D\u00e9partement de chirurgie de la Facult\u00e9 et a pr\u00e9c\u00e9demment occup\u00e9 [&hellip;]<\/p>\n","protected":false},"author":25,"featured_media":0,"parent":4550,"menu_order":0,"comment_status":"closed","ping_status":"closed","template":"","meta":{"_acf_changed":false,"_mc_calendar":[],"footnotes":""},"class_list":["post-74627","page","type-page","status-publish","hentry"],"acf":[],"wps_subtitle":"","_links":{"self":[{"href":"https:\/\/www.ottawahospital.on.ca\/fr\/wp-json\/wp\/v2\/pages\/74627","targetHints":{"allow":["GET"]}}],"collection":[{"href":"https:\/\/www.ottawahospital.on.ca\/fr\/wp-json\/wp\/v2\/pages"}],"about":[{"href":"https:\/\/www.ottawahospital.on.ca\/fr\/wp-json\/wp\/v2\/types\/page"}],"author":[{"embeddable":true,"href":"https:\/\/www.ottawahospital.on.ca\/fr\/wp-json\/wp\/v2\/users\/25"}],"replies":[{"embeddable":true,"href":"https:\/\/www.ottawahospital.on.ca\/fr\/wp-json\/wp\/v2\/comments?post=74627"}],"version-history":[{"count":0,"href":"https:\/\/www.ottawahospital.on.ca\/fr\/wp-json\/wp\/v2\/pages\/74627\/revisions"}],"up":[{"embeddable":true,"href":"https:\/\/www.ottawahospital.on.ca\/fr\/wp-json\/wp\/v2\/pages\/4550"}],"wp:attachment":[{"href":"https:\/\/www.ottawahospital.on.ca\/fr\/wp-json\/wp\/v2\/media?parent=74627"}],"curies":[{"name":"wp","href":"https:\/\/api.w.org\/{rel}","templated":true}]}}