{"id":74572,"date":"2022-12-05T12:44:39","date_gmt":"2022-12-05T17:44:39","guid":{"rendered":"https:\/\/www.ottawahospital.on.ca\/?page_id=74572"},"modified":"2022-12-05T12:44:50","modified_gmt":"2022-12-05T17:44:50","slug":"glen-kearns","status":"publish","type":"page","link":"https:\/\/www.ottawahospital.on.ca\/fr\/about-us\/notre-equipe-de-direction\/equipe-de-la-haute-direction\/glen-kearns\/","title":{"rendered":"Glen Kearns"},"content":{"rendered":"<div class=\"wp-block-image is-style-default\">\n<figure class=\"alignleft size-full\"><img decoding=\"async\" width=\"135\" height=\"169\" src=\"https:\/\/www.ottawahospital.on.ca\/wp-content\/uploads\/2022\/12\/Glen-Profile-picture.jpg\" alt=\"Glen profile picture\" class=\"wp-image-74567\"\/><figcaption><strong>Glen Kearns<\/strong>, Chef de l\u2019Information<\/figcaption><\/figure>\n<\/div>\n\n\n<p>Pendant sa carri\u00e8re de plus de 20\u00a0ann\u00e9es \u00e0 titre de cadre sup\u00e9rieur en sant\u00e9 num\u00e9rique, Glen a contribu\u00e9 \u00e0 la r\u00e9alisation d\u2019initiatives et de projets d\u2019envergure pour les syst\u00e8mes de sant\u00e9 et la transformation clinique.<\/p>\n\n\n\n<p>Ses coll\u00e8gues voient en lui un leader efficace et compatissant, dont les valeurs sont le reflet des diff\u00e9rents organismes de sant\u00e9 o\u00f9 il a travaill\u00e9. Avec son approche r\u00e9fl\u00e9chie et son esprit de collaboration, il a pilot\u00e9 avec brio des strat\u00e9gies pour les syst\u00e8mes de sant\u00e9 qui permettent aux patients, aux \u00e9quipes de sant\u00e9 num\u00e9rique et aux cliniciens d\u2019atteindre leurs objectifs. \u00c0 titre de vice-pr\u00e9sident int\u00e9gr\u00e9, Services diagnostiques et chef de l\u2019information au London Health Sciences Centre et \u00e0 St. Joseph\u2019s Health Care London, Glen a \u00e9t\u00e9 au service d\u2019une grande \u00e9quipe de dirigeants administratifs et m\u00e9dicaux et au c\u0153ur de la mission d\u2019excellence en recherche, en enseignement et en soins cliniques pour les patients recevant des soins dans la collectivit\u00e9.<\/p>\n\n\n\n<p>Fort de sa longue exp\u00e9rience dans les syst\u00e8mes de sant\u00e9, Glen offre une expertise en services-conseils \u00e0 titre de cadre responsable d\u2019un des six\u00a0centres r\u00e9gionaux d\u2019op\u00e9rations de s\u00e9curit\u00e9, o\u00f9 il a travaill\u00e9 avec 11\u00a0h\u00f4pitaux et d\u2019autres partenaires \u00e0 mettre en \u0153uvre une gouvernance, des \u00e9quipes et des technologies pour montrer combien la coordination et la consolidation de strat\u00e9gies de cybers\u00e9curit\u00e9 peuvent r\u00e9duire les risques pour les patients. Comme\u00a0copr\u00e9sident de Cerner Collaborative (48\u00a0h\u00f4pitaux en Ontario), il \u00e9tait charg\u00e9 d\u2019obtenir des fonds publics pour assurer l\u2019interop\u00e9rabilit\u00e9 entre les services de soins de courte dur\u00e9e, les services de soins de longue dur\u00e9e et les m\u00e9decins de famille pour le partage de dossiers et les demandes de consultation \u00e9lectroniques.<\/p>\n\n\n\n<p>Comme co-responsable de l\u2019administration de la sant\u00e9 num\u00e9rique \u00e0 la Middlesex London Ontario Health Team, il a forg\u00e9 des partenariats r\u00e9gionaux et provinciaux en tra\u00e7ant la voie vers une architecture num\u00e9rique facilitant un mod\u00e8le de gestion de la sant\u00e9 des populations pour des soins proactifs.<\/p>\n\n\n\n<p>Glen d\u00e9tient un dipl\u00f4me sp\u00e9cialis\u00e9 en administration des affaires de l\u2019Ivey School of Business \u00e0 l\u2019Universit\u00e9 Western Ontario et une ma\u00eetrise en enseignement religieux de l\u2019Universit\u00e9 Trinity Western \u00e0 Langley, en Colombie-Britannique. Il poss\u00e8de \u00e9galement des certificats du Canadian College of Health Care Executives (CHE) et du programme Lean for Healthcare de l\u2019Universit\u00e9 du Michigan. Il a cosign\u00e9 de nombreux articles de recherche sur l\u2019adoption et les effets de la technologie des dossiers \u00e9lectroniques.<\/p>\n","protected":false},"excerpt":{"rendered":"<p>Pendant sa carri\u00e8re de plus de 20\u00a0ann\u00e9es \u00e0 titre de cadre sup\u00e9rieur en sant\u00e9 num\u00e9rique, Glen a contribu\u00e9 \u00e0 la r\u00e9alisation d\u2019initiatives et de projets d\u2019envergure pour les syst\u00e8mes de sant\u00e9 et la transformation clinique. Ses coll\u00e8gues voient en lui un leader efficace et compatissant, dont les valeurs sont le reflet des diff\u00e9rents organismes de [&hellip;]<\/p>\n","protected":false},"author":25,"featured_media":0,"parent":4550,"menu_order":0,"comment_status":"closed","ping_status":"closed","template":"","meta":{"_acf_changed":false,"_mc_calendar":[],"footnotes":""},"class_list":["post-74572","page","type-page","status-publish","hentry"],"acf":[],"wps_subtitle":"","_links":{"self":[{"href":"https:\/\/www.ottawahospital.on.ca\/fr\/wp-json\/wp\/v2\/pages\/74572","targetHints":{"allow":["GET"]}}],"collection":[{"href":"https:\/\/www.ottawahospital.on.ca\/fr\/wp-json\/wp\/v2\/pages"}],"about":[{"href":"https:\/\/www.ottawahospital.on.ca\/fr\/wp-json\/wp\/v2\/types\/page"}],"author":[{"embeddable":true,"href":"https:\/\/www.ottawahospital.on.ca\/fr\/wp-json\/wp\/v2\/users\/25"}],"replies":[{"embeddable":true,"href":"https:\/\/www.ottawahospital.on.ca\/fr\/wp-json\/wp\/v2\/comments?post=74572"}],"version-history":[{"count":0,"href":"https:\/\/www.ottawahospital.on.ca\/fr\/wp-json\/wp\/v2\/pages\/74572\/revisions"}],"up":[{"embeddable":true,"href":"https:\/\/www.ottawahospital.on.ca\/fr\/wp-json\/wp\/v2\/pages\/4550"}],"wp:attachment":[{"href":"https:\/\/www.ottawahospital.on.ca\/fr\/wp-json\/wp\/v2\/media?parent=74572"}],"curies":[{"name":"wp","href":"https:\/\/api.w.org\/{rel}","templated":true}]}}