{"id":74292,"date":"2022-11-08T15:44:01","date_gmt":"2022-11-08T20:44:01","guid":{"rendered":"https:\/\/www.ottawahospital.on.ca\/?page_id=74292"},"modified":"2026-03-20T14:30:44","modified_gmt":"2026-03-20T18:30:44","slug":"bonnets-tricotes-pour-nouveau-nes","status":"publish","type":"page","link":"https:\/\/www.ottawahospital.on.ca\/fr\/services-cliniques\/deptpgrmcs\/departements\/obstetrique-gynecologie-et-soins-aux-nouveau-nes\/bonnets-tricotes-pour-nouveau-nes\/","title":{"rendered":"Bonnets tricot\u00e9s pour nouveau-n\u00e9s"},"content":{"rendered":"\n<p>Le saviez-vous? Plus de 6&nbsp;500&nbsp;b\u00e9b\u00e9s voient le jour dans un campus de L\u2019H\u00f4pital d\u2019Ottawa chaque ann\u00e9e. Lorsqu\u2019un b\u00e9b\u00e9 vient au monde, notre \u00e9quipe lui met imm\u00e9diatement un bonnet tricot\u00e9 pour reproduire le milieu confortable qu\u2019il vient de quitter et pour l\u2019emp\u00eacher de perdre de la chaleur. Ces bonnets aux couleurs et aux motifs vari\u00e9s sont tr\u00e8s sp\u00e9ciaux, car ils sont tricot\u00e9s par des b\u00e9n\u00e9voles de la collectivit\u00e9, qui en font don \u00e0 l\u2019H\u00f4pital. &nbsp;<\/p>\n\n\n\n<p>Vous aimez tricoter? Vous connaissez quelqu\u2019un qui aime tricoter? L\u2019\u00e9quipe des Soins m\u00e8re-enfant est \u00e0 la recherche de bonnets tricot\u00e9s qui font \u00e0 des nouveau-n\u00e9s. Nous aimerions tant que chaque b\u00e9b\u00e9 re\u00e7oive un bonnet chaud fait maison. Aidez-nous en en donnant d\u00e8s aujourd\u2019hui \u00e0 l\u2019H\u00f4pital!<\/p>\n\n\n\n<p>Il faut aussi suivre les directives suivantes.<\/p>\n\n\n\n<p><a href=\"https:\/\/www.ottawahospital.on.ca\/en\/documents\/2025\/09\/bonnet-tricote-pour-nouveau-ne.pdf\/\">Patron de tricot<\/a> (PDF)<\/p>\n\n\n\n<div style=\"height:20px\" aria-hidden=\"true\" class=\"wp-block-spacer\"><\/div>\n\n\n\n<div class=\"wp-block-group border-blue\"><div class=\"wp-block-group__inner-container is-layout-constrained wp-block-group-is-layout-constrained\">\n<p><strong>Remarque<\/strong>\u00a0: En raison de la r\u00e9ponse enthousiaste de la collectivit\u00e9, nous ne pourrons pas accepter pendant un certain temps des bonnets tricot\u00e9s pour b\u00e9b\u00e9s. Nous vous informerons de la date \u00e0 laquelle nous reprendrons cette campagne.<\/p>\n\n\n\n<p>Nous remercions la collectivit\u00e9 pour son \u00e9lan de g\u00e9n\u00e9rosit\u00e9 lors de cette campagne et de nous avoir aid\u00e9s \u00e0 atteindre, voire \u00e0 largement d\u00e9passer, notre objectif.&nbsp;Nous vous en sommes reconnaissants!<\/p>\n<\/div><\/div>\n\n\n\n<h2 class=\"wp-block-heading\">Emballage<\/h2>\n\n\n\n<p>Veuillez laver le bonnet avec un savon sans parfum avant de l\u2019emballer. Pour pr\u00e9venir et contr\u00f4ler les infections, nous vous prions aussi de bien emballer le bonnet dans un sac en papier ou en plastique avant de venir le d\u00e9poser ou de l\u2019envoyer par la poste.<\/p>\n\n\n\n<h2 class=\"wp-block-heading\">Livraison<\/h2>\n\n\n\n<p><strong>D\u00e9p\u00f4t en personne<\/strong><\/p>\n\n\n\n<p>D\u00e9posez le bonnet au bureau d\u2019information \u00e0 l\u2019entr\u00e9e principale des campus Civic ou G\u00e9n\u00e9ral (dont l\u2019adresse est fournie ci-dessous). <\/p>\n\n\n\n<p>Veuillez informer le b\u00e9n\u00e9vole que vous d\u00e9posez un ou des bonnets pour l\u2019\u00e9quipe des Soins m\u00e8re-enfant.<\/p>\n\n\n\n<p><strong>Par la poste<\/strong><\/p>\n\n\n\n<p>Campus Civic de L\u2019H\u00f4pital d\u2019Ottawa<br>Unit\u00e9 des naissances<br>1053, avenue Carling, Ottawa ON &nbsp;K1Y 4E9<\/p>\n\n\n\n<p><strong>OU<\/strong><\/p>\n\n\n\n<p>Campus G\u00e9n\u00e9ral de L\u2019H\u00f4pital d\u2019Ottawa<br>Unit\u00e9 des naissances<br>501, chemin Smyth, Ottawa ON&nbsp; K1H 8L6<\/p>\n","protected":false},"excerpt":{"rendered":"<p>Le saviez-vous? Plus de 6&nbsp;500&nbsp;b\u00e9b\u00e9s voient le jour dans un campus de L\u2019H\u00f4pital d\u2019Ottawa chaque ann\u00e9e. Lorsqu\u2019un b\u00e9b\u00e9 vient au monde, notre \u00e9quipe lui met imm\u00e9diatement un bonnet tricot\u00e9 pour reproduire le milieu confortable qu\u2019il vient de quitter et pour l\u2019emp\u00eacher de perdre de la chaleur. Ces bonnets aux couleurs et aux motifs vari\u00e9s sont [&hellip;]<\/p>\n","protected":false},"author":25,"featured_media":0,"parent":12078,"menu_order":7,"comment_status":"closed","ping_status":"closed","template":"","meta":{"_acf_changed":false,"_mc_calendar":[],"footnotes":""},"class_list":["post-74292","page","type-page","status-publish","hentry"],"acf":[],"wps_subtitle":"","_links":{"self":[{"href":"https:\/\/www.ottawahospital.on.ca\/fr\/wp-json\/wp\/v2\/pages\/74292","targetHints":{"allow":["GET"]}}],"collection":[{"href":"https:\/\/www.ottawahospital.on.ca\/fr\/wp-json\/wp\/v2\/pages"}],"about":[{"href":"https:\/\/www.ottawahospital.on.ca\/fr\/wp-json\/wp\/v2\/types\/page"}],"author":[{"embeddable":true,"href":"https:\/\/www.ottawahospital.on.ca\/fr\/wp-json\/wp\/v2\/users\/25"}],"replies":[{"embeddable":true,"href":"https:\/\/www.ottawahospital.on.ca\/fr\/wp-json\/wp\/v2\/comments?post=74292"}],"version-history":[{"count":3,"href":"https:\/\/www.ottawahospital.on.ca\/fr\/wp-json\/wp\/v2\/pages\/74292\/revisions"}],"predecessor-version":[{"id":277940,"href":"https:\/\/www.ottawahospital.on.ca\/fr\/wp-json\/wp\/v2\/pages\/74292\/revisions\/277940"}],"up":[{"embeddable":true,"href":"https:\/\/www.ottawahospital.on.ca\/fr\/wp-json\/wp\/v2\/pages\/12078"}],"wp:attachment":[{"href":"https:\/\/www.ottawahospital.on.ca\/fr\/wp-json\/wp\/v2\/media?parent=74292"}],"curies":[{"name":"wp","href":"https:\/\/api.w.org\/{rel}","templated":true}]}}