{"id":7409,"date":"2016-11-15T14:14:44","date_gmt":"2016-11-15T19:14:44","guid":{"rendered":"http:\/\/52.229.122.34\/fr\/?page_id=7409"},"modified":"2024-08-12T09:40:05","modified_gmt":"2024-08-12T13:40:05","slug":"nous-joindre","status":"publish","type":"page","link":"https:\/\/www.ottawahospital.on.ca\/fr\/notre-modele-de-soins\/notre-equipe-de-professionnels-de-la-sante\/travail-social\/nous-joindre\/","title":{"rendered":"Nous joindre"},"content":{"rendered":"<p><img decoding=\"async\" class=\"img-responsive alignright\" src=\"\/wp-content\/uploads\/2016\/11\/PAGE4b.jpg\" alt=\"Social Work Contact Us\" width=\"210\" height=\"314\" \/><strong>Campus Civic<\/strong><br \/>\nService social et Planification du cong\u00e9<br \/>\n1053, av. Carling<br \/>\nPi\u00e8ce M02, Ancien b\u00e2timent de service<br \/>\nOttawa ON<br \/>\nK1Y 4E9<br \/>\nT\u00e9l : 613-798-5555 poste 16002<\/p>\n<p><strong>Campus G\u00e9n\u00e9ral<\/strong><br \/>\nService social et Planification du cong\u00e9<br \/>\n501, ch. Smyth<br \/>\nPi\u00e8ce 2616<br \/>\nOttawa ON<br \/>\nK1H 8L6<br \/>\nT\u00e9l : 613-798-5555 ext. 16002<\/p>\n<p><strong>Campus Riverside<\/strong><br \/>\nService social et Planification du cong\u00e9<br \/>\n1967, prom. Riverside<br \/>\nOttawa ON<br \/>\nK1H 7W9<br \/>\nT\u00e9l : 613-738-8246<\/p>\n<p><strong>Centre de r\u00e9adaptation<\/strong><br \/>\n505, ch. Smyth<br \/>\nOttawa ON<br \/>\nK1H 8M2<br \/>\nT\u00e9l : 613-737-7350 poste 75322<\/p>\n","protected":false},"excerpt":{"rendered":"<p>Campus Civic Service social et Planification du cong\u00e9 1053, av. Carling Pi\u00e8ce M02, Ancien b\u00e2timent de service Ottawa ON K1Y 4E9 T\u00e9l : 613-798-5555 poste 16002 Campus G\u00e9n\u00e9ral Service social et Planification du cong\u00e9 501, ch. Smyth Pi\u00e8ce 2616 Ottawa ON K1H 8L6 T\u00e9l : 613-798-5555 ext. 16002 Campus Riverside Service social et Planification du [&hellip;]<\/p>\n","protected":false},"author":25,"featured_media":0,"parent":7387,"menu_order":4,"comment_status":"closed","ping_status":"closed","template":"","meta":{"_acf_changed":false,"_mc_calendar":[],"footnotes":""},"class_list":["post-7409","page","type-page","status-publish","hentry"],"acf":[],"wps_subtitle":"","_links":{"self":[{"href":"https:\/\/www.ottawahospital.on.ca\/fr\/wp-json\/wp\/v2\/pages\/7409","targetHints":{"allow":["GET"]}}],"collection":[{"href":"https:\/\/www.ottawahospital.on.ca\/fr\/wp-json\/wp\/v2\/pages"}],"about":[{"href":"https:\/\/www.ottawahospital.on.ca\/fr\/wp-json\/wp\/v2\/types\/page"}],"author":[{"embeddable":true,"href":"https:\/\/www.ottawahospital.on.ca\/fr\/wp-json\/wp\/v2\/users\/25"}],"replies":[{"embeddable":true,"href":"https:\/\/www.ottawahospital.on.ca\/fr\/wp-json\/wp\/v2\/comments?post=7409"}],"version-history":[{"count":0,"href":"https:\/\/www.ottawahospital.on.ca\/fr\/wp-json\/wp\/v2\/pages\/7409\/revisions"}],"up":[{"embeddable":true,"href":"https:\/\/www.ottawahospital.on.ca\/fr\/wp-json\/wp\/v2\/pages\/7387"}],"wp:attachment":[{"href":"https:\/\/www.ottawahospital.on.ca\/fr\/wp-json\/wp\/v2\/media?parent=7409"}],"curies":[{"name":"wp","href":"https:\/\/api.w.org\/{rel}","templated":true}]}}