{"id":7404,"date":"2016-11-15T14:11:02","date_gmt":"2016-11-15T19:11:02","guid":{"rendered":"http:\/\/52.229.122.34\/fr\/?page_id=7404"},"modified":"2021-02-26T11:34:00","modified_gmt":"2021-02-26T16:34:00","slug":"liens-et-ressources","status":"publish","type":"page","link":"https:\/\/www.ottawahospital.on.ca\/fr\/notre-modele-de-soins\/notre-equipe-de-professionnels-de-la-sante\/travail-social\/liens-et-ressources\/","title":{"rendered":"Liens et ressources"},"content":{"rendered":"<h2>Liens<\/h2>\n<ul>\n<li><a href=\"https:\/\/ottawa.cioc.ca\/?Ln=fr-CA\">Information sur les ressources communautaires \u00e0 Ottawa<\/a><\/li>\n<li><a href=\"https:\/\/ottawa.ca\/fr\/residents\/services-sociaux\/services-demploi-et-aide-financiere\">Services d&#8217;emploi et aide financi\u00e8re<\/a><\/li>\n<li><a href=\"https:\/\/www.ocswssw.org\/?lang=fr\">Information sur l\u2019Ordre des travailleurs sociaux et des techniciens en travail social de l\u2019Ontario<\/a><\/li>\n<li><a href=\"https:\/\/www.oasw.org\/PublicFR\/\">Information sur l\u2019Association des travailleuses et travailleurs sociaux de l\u2019Ontario<\/a><\/li>\n<li><a href=\"https:\/\/www.ccboard.on.ca\/scripts\/french\/publications\/mockhearings.asp\">Information sur le consentement et la capacit\u00e9<\/a><\/li>\n<\/ul>\n<h2>Ressources<\/h2>\n<ul>\n<li><a href=\"\/wp-content\/uploads\/2020\/09\/P1320-French-updated-WCAG.pdf\">Guide pour le d\u00e9c\u00e8s de votre proche<\/a><\/li>\n<\/ul>\n\n\n<p><\/p>\n","protected":false},"excerpt":{"rendered":"<p>Liens Information sur les ressources communautaires \u00e0 Ottawa Services d&#8217;emploi et aide financi\u00e8re Information sur l\u2019Ordre des travailleurs sociaux et des techniciens en travail social de l\u2019Ontario Information sur l\u2019Association des travailleuses et travailleurs sociaux de l\u2019Ontario Information sur le consentement et la capacit\u00e9 Ressources Guide pour le d\u00e9c\u00e8s de votre proche<\/p>\n","protected":false},"author":25,"featured_media":0,"parent":7387,"menu_order":3,"comment_status":"closed","ping_status":"closed","template":"","meta":{"_acf_changed":false,"_mc_calendar":[],"footnotes":""},"class_list":["post-7404","page","type-page","status-publish","hentry"],"acf":[],"wps_subtitle":"","_links":{"self":[{"href":"https:\/\/www.ottawahospital.on.ca\/fr\/wp-json\/wp\/v2\/pages\/7404","targetHints":{"allow":["GET"]}}],"collection":[{"href":"https:\/\/www.ottawahospital.on.ca\/fr\/wp-json\/wp\/v2\/pages"}],"about":[{"href":"https:\/\/www.ottawahospital.on.ca\/fr\/wp-json\/wp\/v2\/types\/page"}],"author":[{"embeddable":true,"href":"https:\/\/www.ottawahospital.on.ca\/fr\/wp-json\/wp\/v2\/users\/25"}],"replies":[{"embeddable":true,"href":"https:\/\/www.ottawahospital.on.ca\/fr\/wp-json\/wp\/v2\/comments?post=7404"}],"version-history":[{"count":0,"href":"https:\/\/www.ottawahospital.on.ca\/fr\/wp-json\/wp\/v2\/pages\/7404\/revisions"}],"up":[{"embeddable":true,"href":"https:\/\/www.ottawahospital.on.ca\/fr\/wp-json\/wp\/v2\/pages\/7387"}],"wp:attachment":[{"href":"https:\/\/www.ottawahospital.on.ca\/fr\/wp-json\/wp\/v2\/media?parent=7404"}],"curies":[{"name":"wp","href":"https:\/\/api.w.org\/{rel}","templated":true}]}}