{"id":74,"date":"2015-09-14T23:48:04","date_gmt":"2015-09-15T03:48:04","guid":{"rendered":"http:\/\/toh.masm.ca\/fr\/about-us\/"},"modified":"2020-07-14T15:01:01","modified_gmt":"2020-07-14T19:01:01","slug":"about-us","status":"publish","type":"page","link":"https:\/\/www.ottawahospital.on.ca\/fr\/about-us\/","title":{"rendered":"Au sujet de L&rsquo;HO"},"content":{"rendered":"<div class=\"landingpage-box\">\n<div class=\"landingpage-feature col-lg-6 col-md-12\">\n<h3 class=\"border-top-radius\">Conseils sur la s\u00e9curit\u00e9 des patients<\/h3>\n<p>\u00c0 L\u2019H\u00f4pital d\u2019Ottawa, la s\u00e9curit\u00e9 des patients fait partie de nos priorit\u00e9s.&nbsp;Les patients ont un r\u00f4le important \u00e0 jouer \u00e0 chaque \u00e9tape de leurs soins de sant\u00e9 et les conseils pratiques sur la s\u00e9curit\u00e9 serviront \u00e0 les encourager \u00e0 participer davantage \u00e0 leurs soins de sant\u00e9.<\/p>\n<p><a href=\"\/fr\/qualite-et-securite\/conseils-sur-la-securite-des-patients\/\">Pour en savoir plus <span style=\"display: none;\"> sur la s\u00e9curit\u00e9 des patients<\/span>&#8230;<\/a><\/p>\n<\/div>\n<div class=\"landingpage-feature qs-bkg col-lg-6 col-md-12\">\n<h3 class=\"border-top-radius\">Notre engagement envers la qualit\u00e9<\/h3>\n<p>Nous nous effor\u00e7ons de fournir des soins de grande qualit\u00e9 aux personnes qui en ont besoin. Pour nous, cela signifie offrir des soins appropri\u00e9s et s\u00e9curitaires. Pour vous, nos patients, cela signifie recevoir les soins dont vous avez besoin au bon moment.<br \/>\n<a href=\"\/fr\/qualite-et-securite\/\">Pour en savoir plus <span style=\"display: none;\"> sur notre engagement envers la qualit\u00e9<\/span>&#8230;<\/a><\/p>\n<\/div>\n<\/div>\n","protected":false},"excerpt":{"rendered":"<p>Conseils sur la s\u00e9curit\u00e9 des patients \u00c0 L\u2019H\u00f4pital d\u2019Ottawa, la s\u00e9curit\u00e9 des patients fait partie de nos priorit\u00e9s.&nbsp;Les patients ont un r\u00f4le important \u00e0 jouer \u00e0 chaque \u00e9tape de leurs soins de sant\u00e9 et les conseils pratiques sur la s\u00e9curit\u00e9 serviront \u00e0 les encourager \u00e0 participer davantage \u00e0 leurs soins de sant\u00e9. Pour en savoir [&hellip;]<\/p>\n","protected":false},"author":25,"featured_media":0,"parent":0,"menu_order":0,"comment_status":"closed","ping_status":"closed","template":"template_landingpage.php","meta":{"_acf_changed":false,"_mc_calendar":[],"footnotes":""},"class_list":["post-74","page","type-page","status-publish","hentry"],"acf":[],"wps_subtitle":"","_links":{"self":[{"href":"https:\/\/www.ottawahospital.on.ca\/fr\/wp-json\/wp\/v2\/pages\/74","targetHints":{"allow":["GET"]}}],"collection":[{"href":"https:\/\/www.ottawahospital.on.ca\/fr\/wp-json\/wp\/v2\/pages"}],"about":[{"href":"https:\/\/www.ottawahospital.on.ca\/fr\/wp-json\/wp\/v2\/types\/page"}],"author":[{"embeddable":true,"href":"https:\/\/www.ottawahospital.on.ca\/fr\/wp-json\/wp\/v2\/users\/25"}],"replies":[{"embeddable":true,"href":"https:\/\/www.ottawahospital.on.ca\/fr\/wp-json\/wp\/v2\/comments?post=74"}],"version-history":[{"count":0,"href":"https:\/\/www.ottawahospital.on.ca\/fr\/wp-json\/wp\/v2\/pages\/74\/revisions"}],"wp:attachment":[{"href":"https:\/\/www.ottawahospital.on.ca\/fr\/wp-json\/wp\/v2\/media?parent=74"}],"curies":[{"name":"wp","href":"https:\/\/api.w.org\/{rel}","templated":true}]}}