{"id":7399,"date":"2016-11-15T14:08:20","date_gmt":"2016-11-15T19:08:20","guid":{"rendered":"http:\/\/52.229.122.34\/fr\/?page_id=7399"},"modified":"2023-04-14T09:51:51","modified_gmt":"2023-04-14T13:51:51","slug":"possibilites-demploi-a-lhopital","status":"publish","type":"page","link":"https:\/\/www.ottawahospital.on.ca\/fr\/notre-modele-de-soins\/notre-equipe-de-professionnels-de-la-sante\/travail-social\/possibilites-demploi-a-lhopital\/","title":{"rendered":"Possibilit\u00e9s d&#8217;emploi \u00e0 l&rsquo;H\u00f4pital"},"content":{"rendered":"<p><img decoding=\"async\" class=\"img-responsive alignright\" src=\"\/wp-content\/uploads\/2016\/11\/PAGE7.jpg\" alt=\"Social Work Career Opportunities at The Ottawa Hospital\" width=\"314\" height=\"209\" \/>L&rsquo;H\u00f4pital d&rsquo;Ottawa est le plus important employeur de travailleurs sociaux dans le domaine des soins de sant\u00e9 dans la r\u00e9gion d&rsquo;Ottawa-Carleton. Avec un personnel d&rsquo;environ 100 travailleurs sociaux, on peut s&rsquo;attendre \u00e0 ce qu&rsquo;il y ait p\u00e9riodiquement des d\u00e9bouch\u00e9s pour un emploi occasionnel ou permanent. Les postes actuellement vacants sont affich\u00e9s sur le site web de L&rsquo;H\u00f4pital d&rsquo;Ottawa.<\/p>\n<p><strong>L&rsquo;H\u00f4pital d&rsquo;Ottawa n&#8217;emploie que des personnes qui sont dipl\u00f4m\u00e9s d&rsquo;une \u00c9cole de travail social reconnue apr\u00e8s avoir suivi un programme de ma\u00eetrise en travail social clinique.<\/strong> Une attestation d&rsquo;affiliation \u00e0 l&rsquo;Ordre des travailleurs sociaux et des techniciens en travail social est n\u00e9cessaire. La pr\u00e9f\u00e9rence sera accord\u00e9e aux postulants qui poss\u00e8dent les deux langues (anglais et fran\u00e7ais) ou qui ont de l&rsquo;exp\u00e9rience dans le domaine des soins de sant\u00e9.<\/p>\n<p>Si vous \u00eates int\u00e9ress\u00e9 \u00e0 ce que votre candidature soit examin\u00e9e pour un <strong>emploi en travail social<\/strong> \u00e0 L&rsquo;HO, veuillez transmettre votre curriculum vitae au Gestionnaire de la pratique professionnelle &#8211; services psychosociaux Kristy Macdonell, par courriel \u00e0 l&rsquo;adresse <a href=\"mailto:krmacdonell@toh.ca\">krmacdonell@toh.ca<\/a> ou par t\u00e9l\u00e9copieur au num\u00e9ro 613-761-4664 avec une lettre explicative indiquant le type d&#8217;emploi que vous recherchez.<\/p>\n","protected":false},"excerpt":{"rendered":"<p>L&rsquo;H\u00f4pital d&rsquo;Ottawa est le plus important employeur de travailleurs sociaux dans le domaine des soins de sant\u00e9 dans la r\u00e9gion d&rsquo;Ottawa-Carleton. Avec un personnel d&rsquo;environ 100 travailleurs sociaux, on peut s&rsquo;attendre \u00e0 ce qu&rsquo;il y ait p\u00e9riodiquement des d\u00e9bouch\u00e9s pour un emploi occasionnel ou permanent. Les postes actuellement vacants sont affich\u00e9s sur le site web [&hellip;]<\/p>\n","protected":false},"author":25,"featured_media":0,"parent":7387,"menu_order":2,"comment_status":"closed","ping_status":"closed","template":"","meta":{"_acf_changed":false,"_mc_calendar":[],"footnotes":""},"class_list":["post-7399","page","type-page","status-publish","hentry"],"acf":[],"wps_subtitle":"","_links":{"self":[{"href":"https:\/\/www.ottawahospital.on.ca\/fr\/wp-json\/wp\/v2\/pages\/7399","targetHints":{"allow":["GET"]}}],"collection":[{"href":"https:\/\/www.ottawahospital.on.ca\/fr\/wp-json\/wp\/v2\/pages"}],"about":[{"href":"https:\/\/www.ottawahospital.on.ca\/fr\/wp-json\/wp\/v2\/types\/page"}],"author":[{"embeddable":true,"href":"https:\/\/www.ottawahospital.on.ca\/fr\/wp-json\/wp\/v2\/users\/25"}],"replies":[{"embeddable":true,"href":"https:\/\/www.ottawahospital.on.ca\/fr\/wp-json\/wp\/v2\/comments?post=7399"}],"version-history":[{"count":0,"href":"https:\/\/www.ottawahospital.on.ca\/fr\/wp-json\/wp\/v2\/pages\/7399\/revisions"}],"up":[{"embeddable":true,"href":"https:\/\/www.ottawahospital.on.ca\/fr\/wp-json\/wp\/v2\/pages\/7387"}],"wp:attachment":[{"href":"https:\/\/www.ottawahospital.on.ca\/fr\/wp-json\/wp\/v2\/media?parent=7399"}],"curies":[{"name":"wp","href":"https:\/\/api.w.org\/{rel}","templated":true}]}}