{"id":7394,"date":"2016-11-15T14:06:40","date_gmt":"2016-11-15T19:06:40","guid":{"rendered":"http:\/\/52.229.122.34\/fr\/?page_id=7394"},"modified":"2023-04-14T09:50:43","modified_gmt":"2023-04-14T13:50:43","slug":"stages-en-travail-social","status":"publish","type":"page","link":"https:\/\/www.ottawahospital.on.ca\/fr\/notre-modele-de-soins\/notre-equipe-de-professionnels-de-la-sante\/travail-social\/stages-en-travail-social\/","title":{"rendered":"Stages en travail social"},"content":{"rendered":"<p><img decoding=\"async\" class=\"img-responsive alignright\" src=\"\/wp-content\/uploads\/2016\/11\/PAGE6.jpg\" alt=\"Social Work Placement\" width=\"314\" height=\"209\" \/><\/p>\n<p>\u00c0 titre de centre hospitalier universitaire, L&rsquo;H\u00f4pital d&rsquo;Ottawa (L&rsquo;HO) s&rsquo;engage \u00e0 instruire et \u00e0 former des \u00e9tudiants de programmes de travail social en milieu hospitalier. De 12 \u00e0 15 de ces \u00e9tudiants se voient accorder des stages pratiques chaque ann\u00e9e par les universit\u00e9s du Canada et du monde entier. Ces stages donnent l&rsquo;occasion aux \u00e9tudiants qui d\u00e9sirent devenir travailleurs sociaux en milieu clinique de d\u2019acqu\u00e9rir les aptitudes qui leur permettent d&rsquo;intervenir aupr\u00e8s des individus, des familles et des groupes.<\/p>\n<p>En raison de la complexit\u00e9 du milieu des soins hospitaliers, <strong>les stages conviennent aux \u00e9tudiants en travail social qui\u00a0 sont rendus au niveau de la ma\u00eetrise. Seules les candidatures d&rsquo;\u00e9tudiants ayant suivi des cours en travail social dans une \u00e9cole reconnue seront prises en consid\u00e9ration en vue d&rsquo;un stage.<\/strong><\/p>\n<p>Une vari\u00e9t\u00e9 d&rsquo;endroits est mise \u00e0 la disposition des \u00e9tudiants, selon leur secteur d&rsquo;int\u00e9r\u00eat ou leur exp\u00e9rience ant\u00e9rieure. Souvent, nous offrons des stages \u00e0 l&rsquo;Urgence, en Chirurgie, en Oncologie, en Psychiatrie, en M\u00e9decine, ainsi que dans d\u2019autres domaines. Les secteurs accueillant des varient chaque semestre en fonction de la disponibilit\u00e9 de l&rsquo;instructeur de stage.<\/p>\n<p>Les \u00e9tudiants en travail social int\u00e9ress\u00e9s \u00e0 faire leur stage pratique \u00e0 L&rsquo;HO doivent communiquer avec le gestionnaire de la pratique professionnelle &#8211; services psychosociaux, Kristy Macdonell, \u00e0 l&rsquo;adresse <a href=\"mailto:krmacdonell@toh.ca\">krmacdonell@toh.ca<\/a> ou au 613-798-5555, poste 16793. Ils doivent aussi \u00eatre dispos\u00e9s \u00e0 lui faire parvenir un exemplaire de leur curriculum vitae. Le Gestionnaire de la pratique professionnelle &#8211; services psychosociaux dirigera ensuite des candidats vers les coordonnateurs de stages pratiques en Travail social.<\/p>\n<p>Il n\u2019est pas toujours possible d\u2019inviter en entrevue ni d\u2019accueillir en stage tous les \u00e9tudiants int\u00e9ress\u00e9s. Il faut beaucoup de temps pour \u00e9tablir les meilleurs jumelages possible entre les \u00e9tudiants et les instructeurs de stage; par cons\u00e9quent, il faut s&rsquo;y prendre bien \u00e0 l&rsquo;avance. Les demandes pour des stages sont normalement \u00e9lev\u00e9es. Les \u00e9tudiants int\u00e9ress\u00e9s sont donc inform\u00e9s qu&rsquo;ils doivent faire part de leur int\u00e9r\u00eat \u00e0 faire un stage \u00e0 L&rsquo;HO le plus t\u00f4t possible.<\/p>\n<p>Nous sommes tr\u00e8s fiers de l\u2019excellente r\u00e9putation que nous avons acquise de fournir des possibilit\u00e9s de formation \u00e0 des \u00e9tudiants en travail social. Les \u00e9tudiants qui ont fait un stage \u00e0 L&rsquo;HO ont trouv\u00e9 leur exp\u00e9rience excitante et enrichissante et estiment que celui-ci les a pr\u00e9par\u00e9s \u00e0 exercer leur m\u00e9tier en milieu hospitalier d\u00e8s l&rsquo;obtention de leur dipl\u00f4me. We are very proud of our reputation of excellence with respect to the provision of training opportunities for social work students. Our students have found their placements at TOH to be exciting and rewarding experiences which have prepared them to practice in a clinical social work environment upon graduation.<\/p>\n","protected":false},"excerpt":{"rendered":"<p>\u00c0 titre de centre hospitalier universitaire, L&rsquo;H\u00f4pital d&rsquo;Ottawa (L&rsquo;HO) s&rsquo;engage \u00e0 instruire et \u00e0 former des \u00e9tudiants de programmes de travail social en milieu hospitalier. De 12 \u00e0 15 de ces \u00e9tudiants se voient accorder des stages pratiques chaque ann\u00e9e par les universit\u00e9s du Canada et du monde entier. Ces stages donnent l&rsquo;occasion aux \u00e9tudiants [&hellip;]<\/p>\n","protected":false},"author":25,"featured_media":0,"parent":7387,"menu_order":1,"comment_status":"closed","ping_status":"closed","template":"","meta":{"_acf_changed":false,"_mc_calendar":[],"footnotes":""},"class_list":["post-7394","page","type-page","status-publish","hentry"],"acf":[],"wps_subtitle":"","_links":{"self":[{"href":"https:\/\/www.ottawahospital.on.ca\/fr\/wp-json\/wp\/v2\/pages\/7394","targetHints":{"allow":["GET"]}}],"collection":[{"href":"https:\/\/www.ottawahospital.on.ca\/fr\/wp-json\/wp\/v2\/pages"}],"about":[{"href":"https:\/\/www.ottawahospital.on.ca\/fr\/wp-json\/wp\/v2\/types\/page"}],"author":[{"embeddable":true,"href":"https:\/\/www.ottawahospital.on.ca\/fr\/wp-json\/wp\/v2\/users\/25"}],"replies":[{"embeddable":true,"href":"https:\/\/www.ottawahospital.on.ca\/fr\/wp-json\/wp\/v2\/comments?post=7394"}],"version-history":[{"count":0,"href":"https:\/\/www.ottawahospital.on.ca\/fr\/wp-json\/wp\/v2\/pages\/7394\/revisions"}],"up":[{"embeddable":true,"href":"https:\/\/www.ottawahospital.on.ca\/fr\/wp-json\/wp\/v2\/pages\/7387"}],"wp:attachment":[{"href":"https:\/\/www.ottawahospital.on.ca\/fr\/wp-json\/wp\/v2\/media?parent=7394"}],"curies":[{"name":"wp","href":"https:\/\/api.w.org\/{rel}","templated":true}]}}