{"id":7387,"date":"2016-11-15T14:03:03","date_gmt":"2016-11-15T19:03:03","guid":{"rendered":"http:\/\/52.229.122.34\/fr\/?page_id=7387"},"modified":"2017-06-20T11:20:19","modified_gmt":"2017-06-20T15:20:19","slug":"travail-social","status":"publish","type":"page","link":"https:\/\/www.ottawahospital.on.ca\/fr\/notre-modele-de-soins\/notre-equipe-de-professionnels-de-la-sante\/travail-social\/","title":{"rendered":"Travail social"},"content":{"rendered":"<h2>Vue d&rsquo;ensemble<\/h2>\n<p>\u00c0 L\u2019HO, nous savons qu\u2019un nouveau diagnostic, une maladie ou une hospitalisation peut \u00eatre tr\u00e8s stressant. C\u2019est pourquoi il y a des travailleuses sociales dans chaque aire de soins aux patients de chaque campus de L\u2019HO.<\/p>\n<p>Les travailleuses sociales sont des professionnelles qui r\u00e9pondent essentiellement aux besoins psychologiques des patients et de leur famille au sein de l\u2019\u00e9quipe de soins. Les travailleuses sociales utilisent les <a title=\"https:\/\/www.who.int\/social_determinants\/fr\/index.html\" href=\"https:\/\/www.who.int\/social_determinants\/fr\/index.html\" target=\"_blank\">d\u00e9terminants sociaux de la sant\u00e9<\/a> comme cadre de pratique. Les d\u00e9terminants sociaux de la sant\u00e9 incluent le soutien social, l\u2019emploi, le logement, le revenu, le sexe et la culture.<\/p>\n<p class=\"responsivevideo\"><iframe class=\"img-responsive center-video\" title=\"Social Work at The Ottawa Hospital (Subtitled).mov \" src=\"https:\/\/www.youtube.com\/embed\/McTXh_wV8d4?feature=oembed\" width=\"500\" height=\"281\" allowfullscreen=\"allowfullscreen\"><\/iframe><\/p>\n<h2>Notre \u00e9quipe<\/h2>\n<p>Des 100 travailleuses sociales permanentes \u00e0 L\u2019HO, toutes poss\u00e8dent une ma\u00eetrise en service social d\u2019une universit\u00e9 reconnue. Elles sont \u00e9galement toutes membres de l\u2019<a href=\"https:\/\/www.ocswssw.org\/?lang=fr\" target=\"_blank\">Ordre des travailleurs sociaux et des techniciens en travail social de l\u2019Ontario<\/a>.<\/p>\n<h2>Nos services<\/h2>\n<p><img decoding=\"async\" class=\"img-responsive alignright\" src=\"\/wp-content\/uploads\/2016\/11\/LANDING2.jpg\" alt=\"Social Work\" width=\"314\" height=\"209\" \/>\u00c0 titre de membre de l\u2019\u00e9quipe de soins de sant\u00e9 interprofessionnelle, une travailleuse sociale peut fournir divers services :<\/p>\n<ul>\n<li>Soutien et ressources en cas de maladie grave ou chronique<\/li>\n<li>Aide pour faire face \u00e0 un diagnostic, \u00e0 une maladie ou \u00e0 une hospitalisation<\/li>\n<li>Soutien pour les membres de la famille<\/li>\n<li>Consultation en cas de deuil et de perte d\u2019un \u00eatre cher<\/li>\n<li>Intervention en situation de crise<\/li>\n<li>Soutien pour les proches<\/li>\n<li>Animation de rencontres familiales et de conf\u00e9rences<\/li>\n<li>Orientation vers des programmes et des services pour surmonter les difficult\u00e9s financi\u00e8res<\/li>\n<li>Information sur les ressources communautaires et demande de consultation<\/li>\n<li>Groupes de soutien<\/li>\n<li>Planification du cong\u00e9<\/li>\n<\/ul>\n<p>Vous n\u2019avez pas besoin d\u2019une demande de consultation de votre m\u00e9decin traitant pour consulter une travailleuse sociale. Veuillez communiquer avec l\u2019un des membres de votre \u00e9quipe de soins, si vous sentez qu\u2019une travailleuse sociale pourrait vous aider.<\/p>\n<p><strong>Autres activit\u00e9s et initiatives du Service social de L\u2019HO :<\/strong><\/p>\n<ul>\n<li>Recherche<\/li>\n<li>Pr\u00e9sentation \u00e0 des conf\u00e9rences et publications<\/li>\n<li>Mentorat<\/li>\n<li>Tutorat d\u2019\u00e9tudiants en m\u00e9decine de l\u2019Universit\u00e9 d\u2019Ottawa<\/li>\n<li>Prix de pratique clinique en service social<\/li>\n<li>Supervision clinique<\/li>\n<li>Comp\u00e9tences de base en service social<\/li>\n<li>Supervision d\u2019\u00e9tudiants<\/li>\n<li>Audiences simul\u00e9es de la Commission du consentement et de la capacit\u00e9 de l\u2019Ontario<\/li>\n<\/ul>\n<h2>Nous joinder<\/h2>\n<div class=\"row\">\n<div class=\"col-md-4\"><strong>Campus Civic<\/strong><br \/>\n1053, av. Carling<br \/>\nSalle DM181<br \/>\nOttawa ON K1Y 4E9<br \/>\n613-798-5555, poste 16002<\/div>\n<div class=\"col-md-4\"><strong>Campus G\u00e9n\u00e9ral<\/strong><br \/>\n501, chemin Smyth<br \/>\nSalle 5002<br \/>\nOttawa ON K1H 8L6<br \/>\n613-737-8600<\/div>\n<\/div>\n<p><\/br><br \/>\n<img decoding=\"async\" class=\"img-responsive alignnone\" src=\"\/wp-content\/uploads\/2016\/11\/LANDING1.jpg\" alt=\"Social Work\" width=\"314\" height=\"208\" \/><\/p>\n","protected":false},"excerpt":{"rendered":"<p>Vue d&rsquo;ensemble \u00c0 L\u2019HO, nous savons qu\u2019un nouveau diagnostic, une maladie ou une hospitalisation peut \u00eatre tr\u00e8s stressant. C\u2019est pourquoi il y a des travailleuses sociales dans chaque aire de soins aux patients de chaque campus de L\u2019HO. Les travailleuses sociales sont des professionnelles qui r\u00e9pondent essentiellement aux besoins psychologiques des patients et de leur [&hellip;]<\/p>\n","protected":false},"author":25,"featured_media":0,"parent":7014,"menu_order":9,"comment_status":"closed","ping_status":"closed","template":"","meta":{"_acf_changed":false,"_mc_calendar":[],"footnotes":""},"class_list":["post-7387","page","type-page","status-publish","hentry"],"acf":[],"wps_subtitle":"","_links":{"self":[{"href":"https:\/\/www.ottawahospital.on.ca\/fr\/wp-json\/wp\/v2\/pages\/7387","targetHints":{"allow":["GET"]}}],"collection":[{"href":"https:\/\/www.ottawahospital.on.ca\/fr\/wp-json\/wp\/v2\/pages"}],"about":[{"href":"https:\/\/www.ottawahospital.on.ca\/fr\/wp-json\/wp\/v2\/types\/page"}],"author":[{"embeddable":true,"href":"https:\/\/www.ottawahospital.on.ca\/fr\/wp-json\/wp\/v2\/users\/25"}],"replies":[{"embeddable":true,"href":"https:\/\/www.ottawahospital.on.ca\/fr\/wp-json\/wp\/v2\/comments?post=7387"}],"version-history":[{"count":0,"href":"https:\/\/www.ottawahospital.on.ca\/fr\/wp-json\/wp\/v2\/pages\/7387\/revisions"}],"up":[{"embeddable":true,"href":"https:\/\/www.ottawahospital.on.ca\/fr\/wp-json\/wp\/v2\/pages\/7014"}],"wp:attachment":[{"href":"https:\/\/www.ottawahospital.on.ca\/fr\/wp-json\/wp\/v2\/media?parent=7387"}],"curies":[{"name":"wp","href":"https:\/\/api.w.org\/{rel}","templated":true}]}}