{"id":7371,"date":"2016-11-15T13:49:18","date_gmt":"2016-11-15T18:49:18","guid":{"rendered":"http:\/\/52.229.122.34\/fr\/?page_id=7371"},"modified":"2020-02-21T11:20:56","modified_gmt":"2020-02-21T16:20:56","slug":"recherche","status":"publish","type":"page","link":"https:\/\/www.ottawahospital.on.ca\/fr\/notre-modele-de-soins\/notre-equipe-de-professionnels-de-la-sante\/soins-infirmiers\/recherche\/","title":{"rendered":"Recherche en soins infirmiers"},"content":{"rendered":"<h2>L\u2019H\u00f4pital d\u2019Ottawa appuie les activit\u00e9s de recherche en soins infirmiers<\/h2>\n<p>\u00c0 L&rsquo;H\u00f4pital d&rsquo;Ottawa, les activit\u00e9s de recherche en soins infirmiers s&rsquo;appliquent \u00e0 la d\u00e9couverte, \u00e0 la diffusion et \u00e0 l&rsquo;utilisation de nouvelles connaissances qui favorisent l&rsquo;excellence de la pratique infirmi\u00e8re professionnelle. Des possibilit\u00e9s d&rsquo;en apprendre davantage et de partager les exp\u00e9riences sont offertes r\u00e9guli\u00e8rement gr\u00e2ce \u00e0 des activit\u00e9s comme les suivantes :<\/p>\n<ul>\n<li>les rapports \u00e9troits avec les \u00e9tablissements universitaires et coll\u00e9giaux locaux<\/li>\n<li>l\u2019aide financi\u00e8re offerte<\/li>\n<li>le mentorat<\/li>\n<li>les ateliers<\/li>\n<\/ul>\n<p>\u00c0 L\u2019H\u00f4pital d\u2019Ottawa, la recherche en soins infirmiers jouit de l\u2019appui des gestionnaires de tous les niveaux. Elle b\u00e9n\u00e9ficie aussi du soutien d\u2019un groupe de travail et d\u2019une personne responsable de la recherche sur les soins infirmiers. Les recherches visent essentiellement \u00e0 obtenir des r\u00e9ponses \u00e0 d\u2019importantes questions cliniques.<\/p>\n<p>Le Groupe de travail sur la recherche en soins infirmiers est compos\u00e9 d\u2019infirmi\u00e8res, d\u2019infirmi\u00e8res de pratique avanc\u00e9e, de gestionnaires, de professeurs universitaires, de leaders en recherche et d\u2019\u00e9tudiants engag\u00e9s \u00e0 soutenir et \u00e0 orienter la recherche en soins infirmiers \u00e0 L\u2019H\u00f4pital d\u2019Ottawa, ainsi qu\u2019\u00e0 promouvoir les collaborations r\u00e9gionales.<\/p>\n<h2>Fonds et bourses de recherche \u00e0 L&rsquo;H\u00f4pital d&rsquo;Ottawa<\/h2>\n<p>Les infirmi\u00e8res de L&rsquo;H\u00f4pital d&rsquo;Ottawa peuvent compter sur le g\u00e9n\u00e9reux soutien financier provenant de fonds de dotation, ainsi que des diff\u00e9rentes contributions individuelles et d&rsquo;entreprises. Deux fois par ann\u00e9e, les infirmi\u00e8res de l\u2019H\u00f4pital peuvent soumettre une demande de financement afin d\u2019entreprendre des recherches ou participer \u00e0 des activit\u00e9s de recherche. Elles peuvent se procurer les formulaires de demande aupr\u00e8s du Groupe de travail sur la recherche en soins infirmiers, qui fera l&rsquo;\u00e9valuation de chaque demande.<\/p>\n<p>Ces sommes visent \u00e0 encourager les infirmi\u00e8res \u00e0 participer aux activit\u00e9s de recherche et \u00e0 am\u00e9liorer les soins offerts aux patients par une connaissance plus approfondie des questions li\u00e9es \u00e0 la pratique infirmi\u00e8re.<\/p>\n<h2>Questions?<\/h2>\n<p>Pour obtenir plus d\u2019information communiquez avec La recherche en soins infirmiers : 613-798-5555 poste 14976.<\/p>\n<h2>Faites un don!<\/h2>\n<p>Appuyez la recherche en soins infirmiers \u00e0 L\u2019H\u00f4pital d\u2019Ottawa en faisant un don \u00e0 <a href=\"https:\/\/fondationho.ca\/\" target=\"_blank\" rel=\"noopener noreferrer\">La Fondation de l\u2019H\u00f4pital d\u2019Ottawa<\/a>.<\/p>\n<h2>Liens utiles<\/h2>\n<h3>Recherche en soins infirmiers<\/h3>\n<ul>\n<li><a href=\"https:\/\/canr.ca\/\" target=\"_blank\" rel=\"noopener noreferrer\">The Canadian Association for Nursing Research (CANR)<\/a> (site web en anglais seulement)<\/li>\n<\/ul>\n<h3>Associations professionnelles<\/h3>\n<ul>\n<li><a href=\"https:\/\/www.cna-aiic.ca\/fr\" target=\"_blank\" rel=\"noopener noreferrer\">Association des infirmi\u00e8res et infirmiers du Canada<\/a><\/li>\n<li><a href=\"https:\/\/www.rnao.org\/\" target=\"_blank\" rel=\"noopener noreferrer\">Association des infirmi\u00e8res et infirmiers autoris\u00e9s de l&rsquo;Ontario<\/a>\u00a0(site Web en anglais seulement)<\/li>\n<\/ul>\n<h3>Universit\u00e9s partenaires<\/h3>\n<ul>\n<li><a href=\"https:\/\/sante.uottawa.ca\/sciences-infirmieres\/\" target=\"_blank\" rel=\"noopener noreferrer\">Universit\u00e9 d&rsquo;Ottawa \u2013 \u00c9cole des sciences infirmi\u00e8res<\/a><\/li>\n<li><a href=\"https:\/\/nursing.queensu.ca\/\" target=\"_blank\" rel=\"noopener noreferrer\">Queen\u2019s University \u2013School of Nursing<\/a> (site web en anglais seulement)<\/li>\n<li><a href=\"https:\/\/uqo.ca\/dep\/sciences-infirmieres\" target=\"_blank\" rel=\"noopener noreferrer\">UQO \u2013 D\u00e9partement des sciences infirmi\u00e8res<\/a><\/li>\n<\/ul>\n<h3>Instituts de recherche<\/h3>\n<ul>\n<li><a href=\"https:\/\/www.irho.ca\/\" target=\"_blank\" rel=\"noopener noreferrer\">Institut de recherche de l&rsquo;H\u00f4pital d&rsquo;Ottawa<\/a><\/li>\n<li><a href=\"https:\/\/www.cihr.ca\/f\/193.html\" target=\"_blank\" rel=\"noopener noreferrer\">Instituts de recherche en sant\u00e9 du Canada<\/a><\/li>\n<\/ul>\n","protected":false},"excerpt":{"rendered":"<p>L\u2019H\u00f4pital d\u2019Ottawa appuie les activit\u00e9s de recherche en soins infirmiers \u00c0 L&rsquo;H\u00f4pital d&rsquo;Ottawa, les activit\u00e9s de recherche en soins infirmiers s&rsquo;appliquent \u00e0 la d\u00e9couverte, \u00e0 la diffusion et \u00e0 l&rsquo;utilisation de nouvelles connaissances qui favorisent l&rsquo;excellence de la pratique infirmi\u00e8re professionnelle. Des possibilit\u00e9s d&rsquo;en apprendre davantage et de partager les exp\u00e9riences sont offertes r\u00e9guli\u00e8rement gr\u00e2ce [&hellip;]<\/p>\n","protected":false},"author":25,"featured_media":0,"parent":7212,"menu_order":6,"comment_status":"closed","ping_status":"closed","template":"","meta":{"_acf_changed":false,"_mc_calendar":[],"footnotes":""},"class_list":["post-7371","page","type-page","status-publish","hentry"],"acf":[],"wps_subtitle":"","_links":{"self":[{"href":"https:\/\/www.ottawahospital.on.ca\/fr\/wp-json\/wp\/v2\/pages\/7371","targetHints":{"allow":["GET"]}}],"collection":[{"href":"https:\/\/www.ottawahospital.on.ca\/fr\/wp-json\/wp\/v2\/pages"}],"about":[{"href":"https:\/\/www.ottawahospital.on.ca\/fr\/wp-json\/wp\/v2\/types\/page"}],"author":[{"embeddable":true,"href":"https:\/\/www.ottawahospital.on.ca\/fr\/wp-json\/wp\/v2\/users\/25"}],"replies":[{"embeddable":true,"href":"https:\/\/www.ottawahospital.on.ca\/fr\/wp-json\/wp\/v2\/comments?post=7371"}],"version-history":[{"count":0,"href":"https:\/\/www.ottawahospital.on.ca\/fr\/wp-json\/wp\/v2\/pages\/7371\/revisions"}],"up":[{"embeddable":true,"href":"https:\/\/www.ottawahospital.on.ca\/fr\/wp-json\/wp\/v2\/pages\/7212"}],"wp:attachment":[{"href":"https:\/\/www.ottawahospital.on.ca\/fr\/wp-json\/wp\/v2\/media?parent=7371"}],"curies":[{"name":"wp","href":"https:\/\/api.w.org\/{rel}","templated":true}]}}