{"id":7367,"date":"2016-11-15T13:47:20","date_gmt":"2016-11-15T18:47:20","guid":{"rendered":"http:\/\/52.229.122.34\/fr\/?page_id=7367"},"modified":"2016-11-15T13:47:20","modified_gmt":"2016-11-15T18:47:20","slug":"groupes-de-reflexion","status":"publish","type":"page","link":"https:\/\/www.ottawahospital.on.ca\/fr\/notre-modele-de-soins\/notre-equipe-de-professionnels-de-la-sante\/soins-infirmiers\/groupes-de-reflexion\/","title":{"rendered":"Groupes de r\u00e9flexion"},"content":{"rendered":"<p><em><strong>Un Groupe de r\u00e9flexion a pour but de servir de plate-forme de discussion et de fournir un appui aux coll\u00e8gues de travail.<\/strong><\/em><\/p>\n<h2>Mandat<\/h2>\n<h3>But<\/h3>\n<p>Fournir un forum aux infirmi\u00e8res et aux autres professionnels de la sant\u00e9 qui s&rsquo;int\u00e9ressent \u00e0 un domaine commun des soins infirmiers, afin qu&rsquo;ils puissent en discuter, \u00e9tablir des r\u00e9seaux, apporter un soutien \u00e0 leurs pairs, \u00e9changer des renseignements et mettre en \u0153uvre des projets.<\/p>\n<h3>Objectifs<\/h3>\n<ol>\n<li>R\u00e9unir des professionnels qui s&rsquo;int\u00e9ressent \u00e0 approfondir leurs connaissances dans un domaine des soins infirmiers, comme la pratique clinique, la formation, la recherche ou l&rsquo;administration.<\/li>\n<li>Promouvoir un domaine particulier des soins infirmiers au sein d&rsquo;organismes.<\/li>\n<li>Permettre le r\u00e9seautage avec des coll\u00e8gues qui ont des int\u00e9r\u00eats similaires.<\/li>\n<li>Influencer les d\u00e9cisions organisationnelles li\u00e9es au domaine particulier des soins infirmiers.<\/li>\n<\/ol>\n<h3>Membres<\/h3>\n<p>Les groupes de r\u00e9flexion sont ouverts \u00e0 tous les professionnels de L&rsquo;H\u00f4pital d&rsquo;Ottawa, de l&rsquo;Institut de cardiologie de l&rsquo;Universit\u00e9 d&rsquo;Ottawa, de l&rsquo;Universit\u00e9 d&rsquo;Ottawa, de l&rsquo;Universit\u00e9 Queen&rsquo;s et de l&rsquo;Universit\u00e9 du Qu\u00e9bec en Outaouais ainsi qu&rsquo;\u00e0 ceux d&rsquo;autres organismes partenaires. Un ou deux membres sont d\u00e9sign\u00e9s pour organiser les activit\u00e9s suivantes\u00a0:<\/p>\n<ol>\n<li>Ordre du jour et date de la r\u00e9union<\/li>\n<li>Sujets de discussion<\/li>\n<li>Documentation des points et\/ou des projets discut\u00e9s<\/li>\n<li>Transmission des renseignements aux membres<\/li>\n<\/ol>\n<h3>R\u00e9unions<\/h3>\n<ol>\n<li>Les r\u00e9unions seront tenues \u00e0 chaque mois ou au besoin.<\/li>\n<li>La dur\u00e9e des r\u00e9unions sera d\u00e9termin\u00e9e par les membres du groupe.<\/li>\n<\/ol>\n<h3>Rapport<\/h3>\n<p>Les groupes de r\u00e9flexion doivent communiquer un sommaire de leurs activit\u00e9s \u00e0 la vice-pr\u00e9sidente, Pratique professionnelle, et chef de direction, Soins infirmiers, ou pr\u00e9sent\u00e9 aux responsables cliniques, au moins une fois par ann\u00e9e.<\/p>\n<h3>Questions?<\/h3>\n<p>Pour obtenir plus d\u2019information communiquez avec La recherche en soins infirmiers\u00a0: 613-798-5555 poste 14314.<\/p>\n","protected":false},"excerpt":{"rendered":"<p>Un Groupe de r\u00e9flexion a pour but de servir de plate-forme de discussion et de fournir un appui aux coll\u00e8gues de travail. Mandat But Fournir un forum aux infirmi\u00e8res et aux autres professionnels de la sant\u00e9 qui s&rsquo;int\u00e9ressent \u00e0 un domaine commun des soins infirmiers, afin qu&rsquo;ils puissent en discuter, \u00e9tablir des r\u00e9seaux, apporter un [&hellip;]<\/p>\n","protected":false},"author":25,"featured_media":0,"parent":7212,"menu_order":5,"comment_status":"closed","ping_status":"closed","template":"","meta":{"_acf_changed":false,"_mc_calendar":[],"footnotes":""},"class_list":["post-7367","page","type-page","status-publish","hentry"],"acf":[],"wps_subtitle":"","_links":{"self":[{"href":"https:\/\/www.ottawahospital.on.ca\/fr\/wp-json\/wp\/v2\/pages\/7367","targetHints":{"allow":["GET"]}}],"collection":[{"href":"https:\/\/www.ottawahospital.on.ca\/fr\/wp-json\/wp\/v2\/pages"}],"about":[{"href":"https:\/\/www.ottawahospital.on.ca\/fr\/wp-json\/wp\/v2\/types\/page"}],"author":[{"embeddable":true,"href":"https:\/\/www.ottawahospital.on.ca\/fr\/wp-json\/wp\/v2\/users\/25"}],"replies":[{"embeddable":true,"href":"https:\/\/www.ottawahospital.on.ca\/fr\/wp-json\/wp\/v2\/comments?post=7367"}],"version-history":[{"count":0,"href":"https:\/\/www.ottawahospital.on.ca\/fr\/wp-json\/wp\/v2\/pages\/7367\/revisions"}],"up":[{"embeddable":true,"href":"https:\/\/www.ottawahospital.on.ca\/fr\/wp-json\/wp\/v2\/pages\/7212"}],"wp:attachment":[{"href":"https:\/\/www.ottawahospital.on.ca\/fr\/wp-json\/wp\/v2\/media?parent=7367"}],"curies":[{"name":"wp","href":"https:\/\/api.w.org\/{rel}","templated":true}]}}