{"id":7363,"date":"2016-11-15T13:45:38","date_gmt":"2016-11-15T18:45:38","guid":{"rendered":"http:\/\/52.229.122.34\/fr\/?page_id=7363"},"modified":"2021-03-10T09:36:42","modified_gmt":"2021-03-10T14:36:42","slug":"visite-dobservation","status":"publish","type":"page","link":"https:\/\/www.ottawahospital.on.ca\/fr\/notre-modele-de-soins\/notre-equipe-de-professionnels-de-la-sante\/soins-infirmiers\/visite-dobservation\/","title":{"rendered":"Visite d&rsquo;observation"},"content":{"rendered":"<p>Vous \u00eates un professionnel des soins infirmiers et aimeriez visiter L&rsquo;H\u00f4pital d&rsquo;Ottawa pour am\u00e9liorer vos connaissances et nous transmettre les v\u00f4tres? N&rsquo;h\u00e9sitez pas \u00e0 communiquer avec nous.<\/p>\n<p>Il suffit de remplir une demande de visite d&rsquo;observation des soins infirmiers en ligne et d&rsquo;indiquer vos champs d&rsquo;int\u00e9r\u00eat et le moment auquel vous aimeriez faire la visite. Nous\u00a0communiquerons avec vous pour organiser une visite adapt\u00e9e \u00e0 vos objectifs\u00a0d&rsquo;apprentissage. N&rsquo;oubliez pas de pr\u00e9ciser quelles unit\u00e9s cliniques ou secteurs vous aimeriez visiter.<\/p>\n<p>Cliquez sur les liens ci-dessous pour en savoir plus sur chaque unit\u00e9 clinique ou secteur <strong>avant<\/strong> de remplir la demande de visite d&rsquo;observation des soins infirmiers. Vous pouvez en choisir autant que vous voulez.<\/p>\n<p>Nous avons en g\u00e9n\u00e9ral besoin de quatre semaines pour traiter une demande. Pour avoir plus de renseignements, communiquez avec <a href=\"mailto:nfrazer@lho.ca\" target=\"_blank\" rel=\"noopener noreferrer\">Nancy Frazer<\/a>.<\/p>\n<h2>Unit\u00e9s cliniques ou secteurs<\/h2>\n<ol>\n<li><a href=\"\/fr\/notre-modele-de-soins\/notre-equipe-de-professionnels-de-la-sante\/soins-infirmiers\/pratique-professionnelle-en-soins-infirmiers\/\">D\u00e9partement de la pratique infirmi\u00e8re professionnelle<\/a><\/li>\n<li><a href=\"\/fr\/notre-modele-de-soins\/plans-cliniques\/\">Plans cliniques<\/a><\/li>\n<li>Programmes cliniques\n<ol>\n<li>Soins critiques\/Urgence\/Traumatologie<\/li>\n<li>M\u00e9decine\/Sant\u00e9 mentale\/M\u00e9decine familiale<\/li>\n<li>Obst\u00e9trique\/Gyn\u00e9cologie\/Soins aux nouveau-n\u00e9s\/Sant\u00e9 des femmes<\/li>\n<li>Services de r\u00e9adaptation<\/li>\n<li>Chirurgie<\/li>\n<\/ol>\n<\/li>\n<li><a href=\"\/fr\/notre-modele-de-soins\/notre-equipe-de-professionnels-de-la-sante\/soins-infirmiers\/formation\/\" target=\"_blank\" rel=\"noopener noreferrer\">Formation<\/a><\/li>\n<li>Mod\u00e8le de pratique infirmi\u00e8re clinique<\/li>\n<li>Am\u00e9lioration de la qualit\u00e9<\/li>\n<li>Recrutement et maintien en poste<\/li>\n<li><a href=\"\/fr\/notre-modele-de-soins\/notre-equipe-de-professionnels-de-la-sante\/soins-infirmiers\/recherche\/\">Recherche<span style=\"display: none;\"> page<\/span><\/a><\/li>\n<\/ol>\n<h2>Voici quelques liens pour vous aider \u00e0 planifier votre visite.<\/h2>\n<ul>\n<li><a href=\"\/fr\/patients-et-visiteurs\/directions-et-plans-des-campus\/\" target=\"_blank\" rel=\"noopener noreferrer\">Comment vous rendre \u00e0 L&rsquo;H\u00f4pital d&rsquo;Ottawa<\/a><\/li>\n<li>Plan des rues pour vous rendre \u00e0 L&rsquo;HO (PDF)<\/li>\n<li><a href=\"https:\/\/www.viarail.ca\/fr\" target=\"_blank\" rel=\"noopener noreferrer\">Via Rail (train)<\/a><\/li>\n<li><a href=\"https:\/\/www.greyhound.ca\/\" target=\"_blank\" rel=\"noopener noreferrer\">Greyhound (autobus)<\/a><\/li>\n<li><a href=\"https:\/\/yow.ca\/fr\" target=\"_blank\" rel=\"noopener noreferrer\">A\u00e9roport international Macdonald-Cartier d&rsquo;Ottawa<\/a><\/li>\n<li><a href=\"https:\/\/www.ottawatourism.ca\/fr\" target=\"_blank\" rel=\"noopener noreferrer\">Tourisme Ottawa<\/a><\/li>\n<li><a href=\"https:\/\/telfer.uottawa.ca\/fr\/\" target=\"_blank\" rel=\"noopener noreferrer\">\u00c9cole de gestion de l&rsquo;Universit\u00e9 d&rsquo;Ottawa<\/a><\/li>\n<\/ul>\n","protected":false},"excerpt":{"rendered":"<p>Vous \u00eates un professionnel des soins infirmiers et aimeriez visiter L&rsquo;H\u00f4pital d&rsquo;Ottawa pour am\u00e9liorer vos connaissances et nous transmettre les v\u00f4tres? N&rsquo;h\u00e9sitez pas \u00e0 communiquer avec nous. Il suffit de remplir une demande de visite d&rsquo;observation des soins infirmiers en ligne et d&rsquo;indiquer vos champs d&rsquo;int\u00e9r\u00eat et le moment auquel vous aimeriez faire la visite. [&hellip;]<\/p>\n","protected":false},"author":25,"featured_media":0,"parent":7212,"menu_order":4,"comment_status":"closed","ping_status":"closed","template":"","meta":{"_acf_changed":false,"_mc_calendar":[],"footnotes":""},"class_list":["post-7363","page","type-page","status-publish","hentry"],"acf":[],"wps_subtitle":"","_links":{"self":[{"href":"https:\/\/www.ottawahospital.on.ca\/fr\/wp-json\/wp\/v2\/pages\/7363","targetHints":{"allow":["GET"]}}],"collection":[{"href":"https:\/\/www.ottawahospital.on.ca\/fr\/wp-json\/wp\/v2\/pages"}],"about":[{"href":"https:\/\/www.ottawahospital.on.ca\/fr\/wp-json\/wp\/v2\/types\/page"}],"author":[{"embeddable":true,"href":"https:\/\/www.ottawahospital.on.ca\/fr\/wp-json\/wp\/v2\/users\/25"}],"replies":[{"embeddable":true,"href":"https:\/\/www.ottawahospital.on.ca\/fr\/wp-json\/wp\/v2\/comments?post=7363"}],"version-history":[{"count":0,"href":"https:\/\/www.ottawahospital.on.ca\/fr\/wp-json\/wp\/v2\/pages\/7363\/revisions"}],"up":[{"embeddable":true,"href":"https:\/\/www.ottawahospital.on.ca\/fr\/wp-json\/wp\/v2\/pages\/7212"}],"wp:attachment":[{"href":"https:\/\/www.ottawahospital.on.ca\/fr\/wp-json\/wp\/v2\/media?parent=7363"}],"curies":[{"name":"wp","href":"https:\/\/api.w.org\/{rel}","templated":true}]}}