{"id":7357,"date":"2016-11-15T13:39:00","date_gmt":"2016-11-15T18:39:00","guid":{"rendered":"http:\/\/52.229.122.34\/fr\/?page_id=7357"},"modified":"2016-11-15T13:39:00","modified_gmt":"2016-11-15T18:39:00","slug":"association-des-anciennes-de-lecole-dinfirmieres","status":"publish","type":"page","link":"https:\/\/www.ottawahospital.on.ca\/fr\/notre-modele-de-soins\/notre-equipe-de-professionnels-de-la-sante\/soins-infirmiers\/formation\/association-des-anciennes-de-lecole-dinfirmieres\/","title":{"rendered":"Association des anciennes de l&rsquo;\u00e9cole d&rsquo;infirmi\u00e8res"},"content":{"rendered":"<h2>Association des anciennes de l\u2019\u00e9cole d\u2019infirmi\u00e8res de l\u2019H\u00f4pital Civic d\u2019Ottawa<\/h2>\n<p>L\u2019Association des anciennes de l\u2019\u00e9cole d\u2019infirmi\u00e8res de l\u2019H\u00f4pital Civic d\u2019Ottawa (AAEIHCO) est une organisation qui repr\u00e9sente 4270 infirmi\u00e8res qui ont gradu\u00e9 de l\u2019\u00e9cole entre 1925 et 1974.<\/p>\n<p>L\u2019Association des anciennes est tr\u00e8s active et elle coordonne plusieurs projets;\u00a0 une publication intitul\u00e9e \u00ab Spokes Speak \u00bb qui sort deux fois par an, maintient \u00e0 jour les adresses des anciennes, organise un banquet annuel ainsi qu\u2019une apr\u00e8s-midi de th\u00e9 lors de la premi\u00e8re fin de semaine du mois de juin, un souper d\u2019automne \u00e0 l fin due mois d\u2019octobre, subventionne des conf\u00e9rences ou des ateliers et finalement assure la p\u00e9rennit\u00e9 des documents de l\u2019Association en maintenant des archives.<\/p>\n<p>Il existe des sections regroupant des anciennes dans les villes suivantes\u00a0: Edmonton, la vall\u00e9e d\u2019Okanagan en Colombie-Britannique , Sudbury, London et Toronto.<\/p>\n<p>Nous avons malheureusement constat\u00e9, qu\u2019au fil des ans, que des sections de l\u2019AAEIHCO ont cess\u00e9 leurs activit\u00e9s.\u00a0 Toutefois, nous continuons nos activit\u00e9s gr\u00e2ce \u00e0 votre appui constant et appr\u00e9ci\u00e9.\u00a0 Il n\u2019en co\u00fbte que 10 $ par ann\u00e9e pour devenir membre.\u00a0 Lorsque vous aurez pay\u00e9 votre cotisation annuelle pendant 25 ans vous deviendrez membre \u00e0 vie et avec cette reconnaissance vient un cong\u00e9 de paiement pour le reste de votre vie.<\/p>\n<p>Pour obtenir de plus amples renseignements\u00a0:<\/p>\n<p>O.C.H. School of Nursing Alumnae Association<br \/>\nPatterson Education Centre<br \/>\n1053 Carling Avenue<br \/>\nOttawa, ON\u00a0 K1Y 4E9<\/p>\n<p>Vous pouvez \u00e9galement communiquer avec notre pr\u00e9sidente Joan Fletcher (1968) au 613-829-7395.<\/p>\n","protected":false},"excerpt":{"rendered":"<p>Association des anciennes de l\u2019\u00e9cole d\u2019infirmi\u00e8res de l\u2019H\u00f4pital Civic d\u2019Ottawa L\u2019Association des anciennes de l\u2019\u00e9cole d\u2019infirmi\u00e8res de l\u2019H\u00f4pital Civic d\u2019Ottawa (AAEIHCO) est une organisation qui repr\u00e9sente 4270 infirmi\u00e8res qui ont gradu\u00e9 de l\u2019\u00e9cole entre 1925 et 1974. L\u2019Association des anciennes est tr\u00e8s active et elle coordonne plusieurs projets;\u00a0 une publication intitul\u00e9e \u00ab Spokes Speak \u00bb [&hellip;]<\/p>\n","protected":false},"author":25,"featured_media":0,"parent":7324,"menu_order":3,"comment_status":"closed","ping_status":"closed","template":"","meta":{"_acf_changed":false,"_mc_calendar":[],"footnotes":""},"class_list":["post-7357","page","type-page","status-publish","hentry"],"acf":[],"wps_subtitle":"","_links":{"self":[{"href":"https:\/\/www.ottawahospital.on.ca\/fr\/wp-json\/wp\/v2\/pages\/7357","targetHints":{"allow":["GET"]}}],"collection":[{"href":"https:\/\/www.ottawahospital.on.ca\/fr\/wp-json\/wp\/v2\/pages"}],"about":[{"href":"https:\/\/www.ottawahospital.on.ca\/fr\/wp-json\/wp\/v2\/types\/page"}],"author":[{"embeddable":true,"href":"https:\/\/www.ottawahospital.on.ca\/fr\/wp-json\/wp\/v2\/users\/25"}],"replies":[{"embeddable":true,"href":"https:\/\/www.ottawahospital.on.ca\/fr\/wp-json\/wp\/v2\/comments?post=7357"}],"version-history":[{"count":0,"href":"https:\/\/www.ottawahospital.on.ca\/fr\/wp-json\/wp\/v2\/pages\/7357\/revisions"}],"up":[{"embeddable":true,"href":"https:\/\/www.ottawahospital.on.ca\/fr\/wp-json\/wp\/v2\/pages\/7324"}],"wp:attachment":[{"href":"https:\/\/www.ottawahospital.on.ca\/fr\/wp-json\/wp\/v2\/media?parent=7357"}],"curies":[{"name":"wp","href":"https:\/\/api.w.org\/{rel}","templated":true}]}}