{"id":7350,"date":"2016-11-15T13:37:33","date_gmt":"2016-11-15T18:37:33","guid":{"rendered":"http:\/\/52.229.122.34\/fr\/?page_id=7350"},"modified":"2019-08-22T10:42:22","modified_gmt":"2019-08-22T14:42:22","slug":"stage-detudiants","status":"publish","type":"page","link":"https:\/\/www.ottawahospital.on.ca\/fr\/notre-modele-de-soins\/notre-equipe-de-professionnels-de-la-sante\/soins-infirmiers\/formation\/stage-detudiants\/","title":{"rendered":"Stage d&rsquo;\u00e9tudiants"},"content":{"rendered":"<p><strong>Stages en soins infirmiers offerts \u00e0 L\u2019H\u00f4pital d\u2019Ottawa\u00a0:<\/strong><\/p>\n<ol>\n<li><strong>Stage clinique en groupe<\/strong><br \/>\nUne enseignante clinique accompagne les \u00e9tudiantes. L\u2019objectif du stage est de mettre en pratique les comp\u00e9tences cliniques apprises pendant les \u00e9tudes.<\/li>\n<\/ol>\n<ol start=\"2\">\n<li><strong>Pr\u00e9ceptorat \/ Consolidation \/ Pr\u00e9paration aux cycles sup\u00e9rieurs<\/strong><br \/>\nLes \u00e9tudiantes effectuent un pr\u00e9ceptorat pendant 6 \u00e0 16 semaines dans une unit\u00e9 de soins sous la supervision d\u2019une infirmi\u00e8re chevronn\u00e9e de L\u2019H\u00f4pital d\u2019Ottawa. L\u2019objectif du stage est d\u2019offrir l\u2019occasion de consolider les connaissances dans un milieu clinique. Les \u00e9tudiantes en stage de consolidation doivent signer une entente de confidentialit\u00e9 en d\u00e9but de stage.<\/li>\n<\/ol>\n<p>Toute demande de stage doit provenir d\u2019un \u00e9tablissement d\u2019enseignement et pr\u00e9ciser clairement les objectifs de stage. Le Service de la pratique professionnelle en soins infirmiers \u00e0 L\u2019H\u00f4pital d\u2019Ottawa utilise le R\u00e9seau de gestion des stages en sciences de la sant\u00e9 (HSPnet), o\u00f9 vous trouverez davantage de renseignements sur les stages.<\/p>\n<p>Pour tout renseignement sur les stages en soins infirmiers \u00e0 L\u2019H\u00f4pital d\u2019Ottawa, y compris les crit\u00e8res d\u2019admissibilit\u00e9, les ententes d\u2019affiliation et le processus de demande, \u00e9crivez \u00e0 <a href=\"mailto:nsp@lho.ca\">nsp@lho.ca<\/a>.<\/p>\n","protected":false},"excerpt":{"rendered":"<p>Stages en soins infirmiers offerts \u00e0 L\u2019H\u00f4pital d\u2019Ottawa\u00a0: Stage clinique en groupe Une enseignante clinique accompagne les \u00e9tudiantes. L\u2019objectif du stage est de mettre en pratique les comp\u00e9tences cliniques apprises pendant les \u00e9tudes. Pr\u00e9ceptorat \/ Consolidation \/ Pr\u00e9paration aux cycles sup\u00e9rieurs Les \u00e9tudiantes effectuent un pr\u00e9ceptorat pendant 6 \u00e0 16 semaines dans une unit\u00e9 de [&hellip;]<\/p>\n","protected":false},"author":25,"featured_media":0,"parent":7324,"menu_order":2,"comment_status":"closed","ping_status":"closed","template":"","meta":{"_acf_changed":false,"_mc_calendar":[],"footnotes":""},"class_list":["post-7350","page","type-page","status-publish","hentry"],"acf":[],"wps_subtitle":"","_links":{"self":[{"href":"https:\/\/www.ottawahospital.on.ca\/fr\/wp-json\/wp\/v2\/pages\/7350","targetHints":{"allow":["GET"]}}],"collection":[{"href":"https:\/\/www.ottawahospital.on.ca\/fr\/wp-json\/wp\/v2\/pages"}],"about":[{"href":"https:\/\/www.ottawahospital.on.ca\/fr\/wp-json\/wp\/v2\/types\/page"}],"author":[{"embeddable":true,"href":"https:\/\/www.ottawahospital.on.ca\/fr\/wp-json\/wp\/v2\/users\/25"}],"replies":[{"embeddable":true,"href":"https:\/\/www.ottawahospital.on.ca\/fr\/wp-json\/wp\/v2\/comments?post=7350"}],"version-history":[{"count":0,"href":"https:\/\/www.ottawahospital.on.ca\/fr\/wp-json\/wp\/v2\/pages\/7350\/revisions"}],"up":[{"embeddable":true,"href":"https:\/\/www.ottawahospital.on.ca\/fr\/wp-json\/wp\/v2\/pages\/7324"}],"wp:attachment":[{"href":"https:\/\/www.ottawahospital.on.ca\/fr\/wp-json\/wp\/v2\/media?parent=7350"}],"curies":[{"name":"wp","href":"https:\/\/api.w.org\/{rel}","templated":true}]}}