{"id":7342,"date":"2016-11-15T13:32:25","date_gmt":"2016-11-15T18:32:25","guid":{"rendered":"http:\/\/52.229.122.34\/fr\/?page_id=7342"},"modified":"2016-12-15T16:04:41","modified_gmt":"2016-12-15T21:04:41","slug":"centres-dexcellence-en-soins-infirmiers","status":"publish","type":"page","link":"https:\/\/www.ottawahospital.on.ca\/fr\/notre-modele-de-soins\/notre-equipe-de-professionnels-de-la-sante\/soins-infirmiers\/formation\/centres-dexcellence-en-soins-infirmiers\/","title":{"rendered":"Centres d&rsquo;excellence en soins infirmiers"},"content":{"rendered":"<p>Les Centres d\u2019excellence en soins infirmiers offrent au personnel infirmier de l\u2019H\u00f4pital des ressources et des possibilit\u00e9s de devenir des chefs de file au sein de la profession. Le mandat des centres est d\u2019appuyer une pratique infirmi\u00e8re exceptionnelle par la formation, la recherche et le perfectionnement professionnel.<\/p>\n<p>Ouverts 24 heures sur 24, les centres offrent aux infirmi\u00e8res l\u2019acc\u00e8s \u00e0 des ordinateurs et d\u2019autres ressources, ainsi que des consultations personnelles avec une\u00a0infirmi\u00e8re clinicienne conseill\u00e8re. On y trouve aussi de l\u2019information sur les conf\u00e9rences \u00e0 venir, les certifications et autres activit\u00e9s.<\/p>\n<div class=\"row\">\n<div class=\"col-md-4\"><img decoding=\"async\" class=\"alignleft img-responsive\" src=\"\/wp-content\/uploads\/2016\/11\/IMG_0798_web.jpg\" alt=\"Centre For Nursing Excellence\" width=\"448\" height=\"336\" \/><\/div>\n<div class=\"col-md-4\"><img decoding=\"async\" class=\"img-responsive\" src=\"\/wp-content\/uploads\/2016\/11\/IMG_0836_web.jpg\" alt=\"Centre For Nursing Excellence\" width=\"448\" height=\"336\" \/><\/div>\n<div class=\"col-md-4\"><img decoding=\"async\" class=\"img-responsive\" src=\"\/wp-content\/uploads\/2016\/11\/IMG_0678_web.jpg\" alt=\"Centre For Nursing Excellence\" width=\"448\" height=\"336\" \/><\/div>\n<\/div>\n<p>Il y a un centre dans chaque campus de l\u2019H\u00f4pital. Situ\u00e9s dans un endroit central et visible, les centres permettent aux infirmi\u00e8res de se rencontrer pour collaborer sur des questions de pratique professionnelle. Ils favorisent l\u2019acquisition du savoir \u00e0 l\u2019aide de la mise en application et de l\u2019int\u00e9gration de nouvelles connaissances \u00e0 la discipline des soins infirmiers. Gr\u00e2ce aux technologies de l\u2019information disponibles, les centres permettent aussi aux infirmi\u00e8res de cr\u00e9er, de mettre en \u0153uvre et d\u2019\u00e9valuer des strat\u00e9gies novatrices au sein de tous les domaines des soins infirmiers. Ces activit\u00e9s contribuent \u00e0 l\u2019excellence des soins dispens\u00e9s aux patients de l\u2019H\u00f4pital.<\/p>\n<p>En allant \u00e0 l\u2019un de ces centres, vous pourrez obtenir de l\u2019aide avec\u00a0:<\/p>\n<ul>\n<li>la pr\u00e9paration de votre CV, d\u2019une demande d\u2019emploi ou d\u2019une entrevue<\/li>\n<li>l\u2019\u00e9laboration et la mise en \u0153uvre de projets de recherche<\/li>\n<li>l\u2019utilisation d\u2019un ordinateur et l\u2019acc\u00e8s \u00e0 l\u2019information<\/li>\n<li>la participation \u00e0 des conf\u00e9rences et \u00e0 des activit\u00e9s de perfectionnement<\/li>\n<li>le retour aux \u00e9tudes pour entreprendre un baccalaur\u00e9at, une ma\u00eetrise ou un doctorat<\/li>\n<li>l\u2019obtention d\u2019une aide financi\u00e8re pour le perfectionnement professionnel<\/li>\n<li>le r\u00e9seautage avec d\u2019autres infirmi\u00e8res.<\/li>\n<\/ul>\n<h2>Suivez-nous en ligne!<\/h2>\n<p><a class=\"pull-left\" href=\"https:\/\/twitter.com\/TOHNurses\" target=\"_blank\"><img decoding=\"async\" class=\"img-responsive\" src=\"\/wp-content\/uploads\/2016\/11\/Twitter.png\" alt=\"Twitter\" width=\"60\" height=\"60\" \/><span style=\"display: none;\"> Soins infirmiers de L\u2019H\u00f4pital d\u2019Ottawa<\/span><\/a> <a class=\"pull-left\" href=\"https:\/\/www.facebook.com\/TOH-Nurses\" target=\"_blank\"><img decoding=\"async\" class=\"img-esponsive\" src=\"\/wp-content\/uploads\/2016\/11\/Facebook.png\" alt=\"Facebook\" width=\"60\" height=\"60\" \/><span style=\"display: none;\"> Soins infirmiers de L\u2019H\u00f4pital d\u2019Ottawa<\/span><\/a><a class=\"pull-left\" href=\"https:\/\/www.youtube.com\/user\/TheOttawaHospital\" target=\"_blank\"><img decoding=\"async\" class=\"img responsive\" src=\"\/wp-content\/uploads\/2016\/11\/YouTube.png\" alt=\"YouTube\" width=\"60\" height=\"60\" \/><span style=\"display: none;\"> Soins infirmiers de L\u2019H\u00f4pital d\u2019Ottawa<\/span><\/a><\/p>\n<div class=\"clearblock\">&nbsp;<\/div>\n<h2>Ressources additionnelles<\/h2>\n<ul>\n<li>Biblioth\u00e8que m\u00e9dicale (collection sur les soins infirmiers \u00e0 chaque campus)<\/li>\n<li>Infirmi\u00e8res enseignantes<\/li>\n<li>Personnel de la Pratique professionnelle en soins infirmiers<\/li>\n<li>Infirmi\u00e8res de pratique avanc\u00e9e<\/li>\n<\/ul>\n","protected":false},"excerpt":{"rendered":"<p>Les Centres d\u2019excellence en soins infirmiers offrent au personnel infirmier de l\u2019H\u00f4pital des ressources et des possibilit\u00e9s de devenir des chefs de file au sein de la profession. Le mandat des centres est d\u2019appuyer une pratique infirmi\u00e8re exceptionnelle par la formation, la recherche et le perfectionnement professionnel. Ouverts 24 heures sur 24, les centres offrent [&hellip;]<\/p>\n","protected":false},"author":25,"featured_media":0,"parent":7324,"menu_order":1,"comment_status":"closed","ping_status":"closed","template":"","meta":{"_acf_changed":false,"_mc_calendar":[],"footnotes":""},"class_list":["post-7342","page","type-page","status-publish","hentry"],"acf":[],"wps_subtitle":"","_links":{"self":[{"href":"https:\/\/www.ottawahospital.on.ca\/fr\/wp-json\/wp\/v2\/pages\/7342","targetHints":{"allow":["GET"]}}],"collection":[{"href":"https:\/\/www.ottawahospital.on.ca\/fr\/wp-json\/wp\/v2\/pages"}],"about":[{"href":"https:\/\/www.ottawahospital.on.ca\/fr\/wp-json\/wp\/v2\/types\/page"}],"author":[{"embeddable":true,"href":"https:\/\/www.ottawahospital.on.ca\/fr\/wp-json\/wp\/v2\/users\/25"}],"replies":[{"embeddable":true,"href":"https:\/\/www.ottawahospital.on.ca\/fr\/wp-json\/wp\/v2\/comments?post=7342"}],"version-history":[{"count":0,"href":"https:\/\/www.ottawahospital.on.ca\/fr\/wp-json\/wp\/v2\/pages\/7342\/revisions"}],"up":[{"embeddable":true,"href":"https:\/\/www.ottawahospital.on.ca\/fr\/wp-json\/wp\/v2\/pages\/7324"}],"wp:attachment":[{"href":"https:\/\/www.ottawahospital.on.ca\/fr\/wp-json\/wp\/v2\/media?parent=7342"}],"curies":[{"name":"wp","href":"https:\/\/api.w.org\/{rel}","templated":true}]}}