{"id":7324,"date":"2016-11-15T13:17:43","date_gmt":"2016-11-15T18:17:43","guid":{"rendered":"http:\/\/52.229.122.34\/fr\/?page_id=7324"},"modified":"2019-01-24T12:37:55","modified_gmt":"2019-01-24T17:37:55","slug":"formation","status":"publish","type":"page","link":"https:\/\/www.ottawahospital.on.ca\/fr\/notre-modele-de-soins\/notre-equipe-de-professionnels-de-la-sante\/soins-infirmiers\/formation\/","title":{"rendered":"Formation"},"content":{"rendered":"<p>La formation en soins infirmiers \u00e0 L&rsquo;H\u00f4pital d&rsquo;Ottawa (L&rsquo;HO) pr\u00f4ne et favorise une culture ax\u00e9e sur l&rsquo;acquisition continue du savoir dans la poursuite de l&rsquo;excellence dans la pratique infirmi\u00e8re professionnelle.<\/p>\n<div class=\"row\">\n<div class=\"col-md-\"><a href=\"https:\/\/inf-fusion.ca\/fr\" target=\"_blank\" rel=\"noopener\"><img decoding=\"async\" class=\"img-responsive alignleft\" src=\"\/wp-content\/uploads\/2016\/11\/nurseone_e.jpg\" alt=\"Nurse One\" width=\"140\" height=\"36\" \/><\/a><\/div>\n<div class=\"col-md-\"><a href=\"https:\/\/www.oarn.ca\/\" target=\"_blank\" rel=\"noopener\"><img decoding=\"async\" class=\"img-responsive aligncenter\" src=\"\/wp-content\/uploads\/2016\/11\/oarnlogosmall2.png\" alt=\"OARN\" width=\"99\" height=\"50\" \/><\/a><\/div>\n<\/div>\n<p>La promotion de cette culture d&rsquo;apprentissage continu repose sur les initiatives de formation suivantes.<\/p>\n<h2>Orientation<\/h2>\n<ul>\n<li>Lors de l&#8217;embauche, les nouveaux employ\u00e9s ont droit \u00e0 une introduction g\u00e9n\u00e9rale \u00e0 L&rsquo;HO d&rsquo;une journ\u00e9e, offerte par les Ressources humaines.<\/li>\n<li>La formation en soins infirmiers se poursuit par une introduction de base de six jours portant sur le personnel de niveau sup\u00e9rieur, les questions touchant la pratique professionnelle et les programmes \u00e0 l&rsquo;\u00e9chelle de l&rsquo;h\u00f4pital, apr\u00e8s quoi l&rsquo;infirmi\u00e8re re\u00e7oit une introduction \u00e0 la pratique clinique propre \u00e0 l&rsquo;unit\u00e9 en fonction des comp\u00e9tences relev\u00e9es.<\/li>\n<li>Chaque unit\u00e9 dispose d&rsquo;une infirmi\u00e8re enseignante attitr\u00e9e responsable de l&rsquo;orientation \u00e0 l&rsquo;unit\u00e9 et des possibilit\u00e9s d&rsquo;apprentissage continu.<\/li>\n<\/ul>\n<h2>Formation Continue &#8211; Programmes d&rsquo;une dur\u00e9e de plusieurs jours<\/h2>\n<ul>\n<li><strong>Dates limite d&rsquo;inscription :<\/strong> 1 semaine= avant la date du cours<\/li>\n<\/ul>\n<div class=\"table-responsive\">\n<table class=\"table-bordered table\">\n<tbody>\n<tr>\n<td>\n<h3>Journ\u00e9es de perfectionnement<\/h3>\n<p>Ces journ\u00e9es fournissent aux infirmi\u00e8res les connaissances et les comp\u00e9tences n\u00e9cessaires pour soutenir les soins de qualit\u00e9 fond\u00e9s sur des donn\u00e9es probantes. Le contenu de ces journ\u00e9es comprend des sujets d&rsquo;actualit\u00e9 en perfectionnement professionnel et en pratique clinique. Des sp\u00e9cialistes pr\u00e9sentent les derni\u00e8res avanc\u00e9es et les nouveaux traitements dans une vaste gamme de sp\u00e9cialit\u00e9s cliniques comme la g\u00e9rontologie, la sant\u00e9 mentale, la n\u00e9phrologie, le contr\u00f4le de la douleur, le diab\u00e8te, l&rsquo;orthop\u00e9die, Cardiologie, Les soins de la peau et la traumatologie. Les sujets de perfectionnement professionnel comprennent la recherche en sciences infirmi\u00e8res ainsi que le pr\u00e9ceptorat et le mentorat.<\/p>\n<p>Votre pr\u00e9sence \u00e0 ces journ\u00e9es compte dans le cadre de votre plan d&rsquo;apprentissage de l&rsquo;Ordre des infirmi\u00e8res et infirmiers.<\/p>\n<p>Les journ\u00e9es de perfectionnement en soins infirmiers de L&rsquo;HO sont offertes \u00e0 tous les professionnels de la sant\u00e9 de la r\u00e9gion.<\/p>\n<p><strong>Inscription\u00a0:<\/strong> <a title=\"https:\/\/app.fluidsurveys.com\/surveys\/robin-T\/education-day-2\/\" href=\"https:\/\/nppdtoh.wufoo.eu\/forms\/qagdbmw0js4e9l\/\" target=\"_blank\" rel=\"noopener\">Journ\u00e9es de formation en soins infirmiers<\/a><br \/>\n<strong>Programme :\u00a0<\/strong>Les journ\u00e9es de l&rsquo;\u00e9ducation ne sont pas offertes avant l&rsquo;automne 2019.<br \/>\n<strong>Frais &#8211; Interne<\/strong> (L&rsquo;HO, L&rsquo;Institut de cardiologie): Aucuns frais<br \/>\n<strong>Frais &#8211; Externe<\/strong> 60$ par jour. Veuillez nous faire parvenir par la poste votre <a href=\"\/fr\/documents\/2017\/01\/ed-day-registration-payment-form-ef-aug-2017.pdf\" target=\"_blank\" rel=\"noopener\">formulaire d\u2019inscription<\/a> ainsi que votre paiement au moins une semaine \u00e0 l\u2019avance. Certains sont disponibles par t\u00e9l\u00e9conf\u00e9rence via le R\u00e9seau T\u00e9l\u00e9m\u00e9decine Ontario. 300 $ par session plat par site le cas \u00e9ch\u00e9ant<\/td>\n<\/tr>\n<\/tbody>\n<\/table>\n<\/div>\n<h2>Aide financi\u00e8re pour la formation continue<\/h2>\n<p>Un <strong>cong\u00e9 professionnel<\/strong>, pouvant aller jusqu&rsquo;\u00e0 15 heures par ann\u00e9e, peut \u00eatre accord\u00e9 aux infirmi\u00e8res faisant partie du personnel permanent \u00e0 temps plein et \u00e0 temps partiel; les demandes des employ\u00e9s occasionnels sont \u00e9tudi\u00e9es individuellement.<\/p>\n<p><strong>Conf\u00e9rences, ateliers et et s\u00e9minaires : <\/strong>Les demandes pour assister \u00e0 ces activit\u00e9s sont examin\u00e9es chaque mois et doivent \u00eatre re\u00e7ues avant la tenue de l&rsquo;activit\u00e9. La priorit\u00e9 est accord\u00e9e aux personnes qui font une pr\u00e9sentation lors d&rsquo;une conf\u00e9rence. Les lignes directrices en ce qui concerne les montants accord\u00e9s sont les suivantes, jusqu&rsquo;\u00e0 concurrence de :<\/p>\n<ul>\n<li>250 $, dans un rayon de moins de 500 kilom\u00e8tres d&rsquo;Ottawa<\/li>\n<li>500 $, dans un rayon de plus de 500 kilom\u00e8tres<\/li>\n<li>750 $, pour les conf\u00e9rences internationales<\/li>\n<\/ul>\n<p>Pour<strong> la certification clinique<\/strong>, le financement est approuv\u00e9 avant de passer les examens du printemps et lors de leur r\u00e9ussite; 50 % des frais exig\u00e9s par l&rsquo;Association des infirmi\u00e8res et infirmiers du Canada seront rembours\u00e9s pour la certification ainsi que le renouvellement de la certification.<\/p>\n<p>Des <strong>bourses<\/strong> sont accord\u00e9es aux infirmi\u00e8res inscrites au Baccalaur\u00e9at \u00e8s sciences infirmi\u00e8res (Programme professionnel) ou \u00e0 la ma\u00eetrise apr\u00e8s l&rsquo;examen d&rsquo;un formulaire de demande d\u00e9taill\u00e9.<\/p>\n<p><strong>Le remboursement des frais de scolarit\u00e9<\/strong> pour des cours dans les universit\u00e9s et coll\u00e8ges communautaires menant \u00e0 un dipl\u00f4me ou certificat est accord\u00e9 trois fois par ann\u00e9e \u00e0 la fin des semestres de l&rsquo;automne, du printemps, et de l&rsquo;\u00e9t\u00e9 sur preuve d&rsquo;avoir termin\u00e9 le cours avec succ\u00e8s. La tarification est la suivante : un maximum de 250 $ par cours, pour un B.Sc.inf.,ou de 600 $ pour une M.Sc.inf.<\/p>\n<h2>Personne-ressource en formation<\/h2>\n<p><a href=\"mailto:formationensoinsinfirmiers@lho.ca\">formationensoinsinfirmiers@lho.ca<\/a>, 613-737-8899, ext. 78760<\/p>\n","protected":false},"excerpt":{"rendered":"<p>La formation en soins infirmiers \u00e0 L&rsquo;H\u00f4pital d&rsquo;Ottawa (L&rsquo;HO) pr\u00f4ne et favorise une culture ax\u00e9e sur l&rsquo;acquisition continue du savoir dans la poursuite de l&rsquo;excellence dans la pratique infirmi\u00e8re professionnelle. La promotion de cette culture d&rsquo;apprentissage continu repose sur les initiatives de formation suivantes. Orientation Lors de l&#8217;embauche, les nouveaux employ\u00e9s ont droit \u00e0 une [&hellip;]<\/p>\n","protected":false},"author":25,"featured_media":0,"parent":7212,"menu_order":3,"comment_status":"closed","ping_status":"closed","template":"","meta":{"_acf_changed":false,"_mc_calendar":[],"footnotes":""},"class_list":["post-7324","page","type-page","status-publish","hentry"],"acf":[],"wps_subtitle":"","_links":{"self":[{"href":"https:\/\/www.ottawahospital.on.ca\/fr\/wp-json\/wp\/v2\/pages\/7324","targetHints":{"allow":["GET"]}}],"collection":[{"href":"https:\/\/www.ottawahospital.on.ca\/fr\/wp-json\/wp\/v2\/pages"}],"about":[{"href":"https:\/\/www.ottawahospital.on.ca\/fr\/wp-json\/wp\/v2\/types\/page"}],"author":[{"embeddable":true,"href":"https:\/\/www.ottawahospital.on.ca\/fr\/wp-json\/wp\/v2\/users\/25"}],"replies":[{"embeddable":true,"href":"https:\/\/www.ottawahospital.on.ca\/fr\/wp-json\/wp\/v2\/comments?post=7324"}],"version-history":[{"count":0,"href":"https:\/\/www.ottawahospital.on.ca\/fr\/wp-json\/wp\/v2\/pages\/7324\/revisions"}],"up":[{"embeddable":true,"href":"https:\/\/www.ottawahospital.on.ca\/fr\/wp-json\/wp\/v2\/pages\/7212"}],"wp:attachment":[{"href":"https:\/\/www.ottawahospital.on.ca\/fr\/wp-json\/wp\/v2\/media?parent=7324"}],"curies":[{"name":"wp","href":"https:\/\/api.w.org\/{rel}","templated":true}]}}