{"id":73041,"date":"2022-07-19T11:47:26","date_gmt":"2022-07-19T15:47:26","guid":{"rendered":"https:\/\/www.ottawahospital.on.ca\/?page_id=73041"},"modified":"2025-07-09T10:31:14","modified_gmt":"2025-07-09T14:31:14","slug":"lucie-tedesco","status":"publish","type":"page","link":"https:\/\/www.ottawahospital.on.ca\/fr\/about-us\/notre-equipe-de-direction\/conseil-des-gouverneurs\/membres-du-conseil\/lucie-tedesco\/","title":{"rendered":"Lucie Tedesco"},"content":{"rendered":"\n<div class=\"wp-block-image is-style-default\"><figure class=\"alignleft size-full\"><img decoding=\"async\" width=\"135\" height=\"169\" src=\"https:\/\/www.ottawahospital.on.ca\/wp-content\/uploads\/2022\/07\/Lucie-Profile.jpg\" alt=\"Lucie Tedesco\" class=\"wp-image-73038\"\/><figcaption><em>Lucie Tedesco<\/em><\/figcaption><\/figure><\/div>\n\n\n\n<p>Lucie compte plus de 24&nbsp;ans d\u2019exp\u00e9rience dans le milieu de la r\u00e9glementation, surtout dans le secteur des services financiers, notamment comme ancienne commissaire et commissaire adjointe de l\u2019Agence de la consommation en mati\u00e8re financi\u00e8re du Canada (ACFC).<\/p>\n\n\n\n<p>Son travail consiste principalement \u00e0 fournir des conseils strat\u00e9giques en mati\u00e8re de r\u00e9glementation financi\u00e8re et \u00e0 conseiller des secteurs soumis \u00e0 des obligations en mati\u00e8re de pratiques commerciales, parmi lesquels le secteur des banques, du cr\u00e9dit, de l\u2019assurance et des valeurs mobili\u00e8res. Elle fournit \u00e9galement des opinions juridiques sur des questions r\u00e9glementaires li\u00e9es aux paiements et aux organismes externes de traitement des plaintes.<\/p>\n\n\n\n<p>En tant que commissaire de l\u2019ACFC, Lucie a \u00e9t\u00e9 charg\u00e9e de superviser et de faire respecter les obligations en mati\u00e8re de pratiques commerciales s\u2019appliquant aux entit\u00e9s financi\u00e8res sous r\u00e9glementation f\u00e9d\u00e9rale, en plus de promouvoir les droits des consommateurs de produits et services financiers, et de d\u00e9velopper de l\u2019information et des programmes visant \u00e0 renforcer les connaissances financi\u00e8res de la population canadienne. \u00c0 ce poste, elle a aussi dirig\u00e9 l\u2019\u00e9laboration d\u2019un nouveau cadre de surveillance ax\u00e9 sur les risques pour les entit\u00e9s financi\u00e8res sous r\u00e9glementation f\u00e9d\u00e9rale, et a men\u00e9 \u00e0 bien trois importants examens de l\u2019industrie qui ont par la suite contribu\u00e9 \u00e0 apporter des changements de fond aux pratiques commerciales en mati\u00e8re de pr\u00eats automobiles \u00e0 dur\u00e9e prolong\u00e9e, de marges de cr\u00e9dit hypoth\u00e9caire et de services bancaires de d\u00e9tail. Le rapport qu\u2019elle a remis au ministre des Finances sur les pratiques exemplaires en mati\u00e8re de protection des consommateurs de produits et services financiers au Canada et ailleurs a largement contribu\u00e9 \u00e0 l\u2019\u00e9laboration du nouveau Cadre de protection des consommateurs de produits et services financiers du Canada. Elle a \u00e9galement collabor\u00e9 \u00e0 la premi\u00e8re Strat\u00e9gie nationale pour la litt\u00e9ratie financi\u00e8re, <em>Compte sur moi, Canada<\/em>.<\/p>\n\n\n\n<p>Lucie est membre du Bureau des gouverneurs de l\u2019Universit\u00e9 d\u2019Ottawa et du conseil d\u2019administration de la Community Trust Company. Elle a \u00e9t\u00e9 membre d\u2019office du conseil d\u2019administration de la Soci\u00e9t\u00e9 d\u2019assurance-d\u00e9p\u00f4ts du Canada (SADC), membre du Comit\u00e9 de surveillance des institutions financi\u00e8res du Bureau du surintendant des institutions financi\u00e8res (BSIF), et membre du Comit\u00e9 consultatif sup\u00e9rieur du minist\u00e8re des Finances, qui fournit des conseils strat\u00e9giques au ministre f\u00e9d\u00e9ral des Finances. Elle a aussi \u00e9t\u00e9 membre du conseil d\u2019administration de l\u2019Organisme canadien de r\u00e9glementation du commerce des valeurs mobili\u00e8res (OCRCVM), et copr\u00e9sidente et vice-pr\u00e9sidente de l\u2019International Financial Consumer Protection Organisation (FinCoNet), un organisme international regroupant les autorit\u00e9s de surveillance responsables de la protection des consommateurs de services financiers. Lucie est actuellement membre du Comit\u00e9 consultatif des consommateurs de l\u2019Autorit\u00e9 ontarienne de r\u00e9glementation des services financiers.<\/p>\n\n\n\n<p><em>Nomm\u00e9 de 2022 \u00e0 2025.<\/em><\/p>\n","protected":false},"excerpt":{"rendered":"<p>Lucie compte plus de 24&nbsp;ans d\u2019exp\u00e9rience dans le milieu de la r\u00e9glementation, surtout dans le secteur des services financiers, notamment comme ancienne commissaire et commissaire adjointe de l\u2019Agence de la consommation en mati\u00e8re financi\u00e8re du Canada (ACFC). Son travail consiste principalement \u00e0 fournir des conseils strat\u00e9giques en mati\u00e8re de r\u00e9glementation financi\u00e8re et \u00e0 conseiller des [&hellip;]<\/p>\n","protected":false},"author":25,"featured_media":0,"parent":4561,"menu_order":17,"comment_status":"closed","ping_status":"closed","template":"","meta":{"_acf_changed":false,"_mc_calendar":[],"footnotes":""},"class_list":["post-73041","page","type-page","status-publish","hentry"],"acf":[],"wps_subtitle":"","_links":{"self":[{"href":"https:\/\/www.ottawahospital.on.ca\/fr\/wp-json\/wp\/v2\/pages\/73041","targetHints":{"allow":["GET"]}}],"collection":[{"href":"https:\/\/www.ottawahospital.on.ca\/fr\/wp-json\/wp\/v2\/pages"}],"about":[{"href":"https:\/\/www.ottawahospital.on.ca\/fr\/wp-json\/wp\/v2\/types\/page"}],"author":[{"embeddable":true,"href":"https:\/\/www.ottawahospital.on.ca\/fr\/wp-json\/wp\/v2\/users\/25"}],"replies":[{"embeddable":true,"href":"https:\/\/www.ottawahospital.on.ca\/fr\/wp-json\/wp\/v2\/comments?post=73041"}],"version-history":[{"count":0,"href":"https:\/\/www.ottawahospital.on.ca\/fr\/wp-json\/wp\/v2\/pages\/73041\/revisions"}],"up":[{"embeddable":true,"href":"https:\/\/www.ottawahospital.on.ca\/fr\/wp-json\/wp\/v2\/pages\/4561"}],"wp:attachment":[{"href":"https:\/\/www.ottawahospital.on.ca\/fr\/wp-json\/wp\/v2\/media?parent=73041"}],"curies":[{"name":"wp","href":"https:\/\/api.w.org\/{rel}","templated":true}]}}