{"id":73033,"date":"2022-07-19T11:42:56","date_gmt":"2022-07-19T15:42:56","guid":{"rendered":"https:\/\/www.ottawahospital.on.ca\/?page_id=73033"},"modified":"2025-07-09T10:14:56","modified_gmt":"2025-07-09T14:14:56","slug":"mante-molepo","status":"publish","type":"page","link":"https:\/\/www.ottawahospital.on.ca\/fr\/about-us\/notre-equipe-de-direction\/conseil-des-gouverneurs\/membres-du-conseil\/mante-molepo\/","title":{"rendered":"Mante Molepo"},"content":{"rendered":"<div class=\"wp-block-image is-style-default\">\n<figure class=\"alignleft size-full\"><img decoding=\"async\" width=\"135\" height=\"169\" src=\"https:\/\/www.ottawahospital.on.ca\/wp-content\/uploads\/2022\/07\/Molepo-Profile.jpg\" alt=\"Mante Molepo\" class=\"wp-image-73028\"\/><figcaption class=\"wp-element-caption\">Mante Molepo<\/figcaption><\/figure>\n<\/div>\n\n\n<p>Mante Molepo est la fondatrice et la directrice g\u00e9n\u00e9rale de Mante Molepo Consulting, une compagnie qui collabore avec les gouvernements, les organismes sans but lucratif et d\u2019autres compagnies pour traiter des questions d\u2019\u00e9quit\u00e9, de diversit\u00e9 et d\u2019inclusion. Mante a commenc\u00e9 sa carri\u00e8re professionnelle comme avocate sp\u00e9cialis\u00e9e dans le droit commercial international au sein du gouvernement f\u00e9d\u00e9ral, et elle s\u2019est charg\u00e9e de n\u00e9gocier quelques-uns des accords de libre-\u00e9change les plus ambitieux du Canada. Elle est aussi membre de l\u2019Association du Barreau de l\u2019Ontario dont elle repr\u00e9sente la r\u00e9gion Est.<\/p>\n\n\n\n<p>Leader communautaire prim\u00e9e, Mante est membre fondatrice et ancienne copr\u00e9sidente du collectif Des parents pour la diversit\u00e9, qui plaide pour la promotion de l\u2019\u00e9ducation \u00e9quitable et inclusive dans les \u00e9coles, les familles et les communaut\u00e9s. Elle a aussi autrefois dirig\u00e9 Amnistie internationale Canada et le Parkdale Food Centre.<\/p>\n\n\n\n<p>Mante est titulaire d\u2019un BCL\/LL. B. de la Facult\u00e9 de droit de l\u2019Universit\u00e9 McGill, en plus d\u2019\u00eatre membre du Barreau de l\u2019Ontario.<\/p>\n\n\n\n<p>Quand elle ne consulte pas, Mante accompagne fi\u00e8rement ses enfants dans les ar\u00e9nas de hockey et les terrains de soccer.\u202f<\/p>\n\n\n\n<p><em>Nomm\u00e9e en 2022 jusqu\u2019en 2026.<\/em><\/p>\n","protected":false},"excerpt":{"rendered":"<p>Mante Molepo est la fondatrice et la directrice g\u00e9n\u00e9rale de Mante Molepo Consulting, une compagnie qui collabore avec les gouvernements, les organismes sans but lucratif et d\u2019autres compagnies pour traiter des questions d\u2019\u00e9quit\u00e9, de diversit\u00e9 et d\u2019inclusion. Mante a commenc\u00e9 sa carri\u00e8re professionnelle comme avocate sp\u00e9cialis\u00e9e dans le droit commercial international au sein du gouvernement [&hellip;]<\/p>\n","protected":false},"author":25,"featured_media":0,"parent":4561,"menu_order":9,"comment_status":"closed","ping_status":"closed","template":"","meta":{"_acf_changed":false,"_mc_calendar":[],"footnotes":""},"class_list":["post-73033","page","type-page","status-publish","hentry"],"acf":[],"wps_subtitle":"","_links":{"self":[{"href":"https:\/\/www.ottawahospital.on.ca\/fr\/wp-json\/wp\/v2\/pages\/73033","targetHints":{"allow":["GET"]}}],"collection":[{"href":"https:\/\/www.ottawahospital.on.ca\/fr\/wp-json\/wp\/v2\/pages"}],"about":[{"href":"https:\/\/www.ottawahospital.on.ca\/fr\/wp-json\/wp\/v2\/types\/page"}],"author":[{"embeddable":true,"href":"https:\/\/www.ottawahospital.on.ca\/fr\/wp-json\/wp\/v2\/users\/25"}],"replies":[{"embeddable":true,"href":"https:\/\/www.ottawahospital.on.ca\/fr\/wp-json\/wp\/v2\/comments?post=73033"}],"version-history":[{"count":0,"href":"https:\/\/www.ottawahospital.on.ca\/fr\/wp-json\/wp\/v2\/pages\/73033\/revisions"}],"up":[{"embeddable":true,"href":"https:\/\/www.ottawahospital.on.ca\/fr\/wp-json\/wp\/v2\/pages\/4561"}],"wp:attachment":[{"href":"https:\/\/www.ottawahospital.on.ca\/fr\/wp-json\/wp\/v2\/media?parent=73033"}],"curies":[{"name":"wp","href":"https:\/\/api.w.org\/{rel}","templated":true}]}}