{"id":73023,"date":"2022-07-19T11:19:06","date_gmt":"2022-07-19T15:19:06","guid":{"rendered":"https:\/\/www.ottawahospital.on.ca\/?page_id=73023"},"modified":"2025-07-09T10:33:04","modified_gmt":"2025-07-09T14:33:04","slug":"mary-traversy","status":"publish","type":"page","link":"https:\/\/www.ottawahospital.on.ca\/fr\/about-us\/notre-equipe-de-direction\/conseil-des-gouverneurs\/membres-du-conseil\/mary-traversy\/","title":{"rendered":"Mary Traversy"},"content":{"rendered":"<div class=\"wp-block-image is-style-default\">\n<figure class=\"alignleft size-full\"><img decoding=\"async\" width=\"135\" height=\"169\" src=\"https:\/\/www.ottawahospital.on.ca\/wp-content\/uploads\/2022\/07\/Traversy-Profile.jpg\" alt=\"Mary Traversy \" class=\"wp-image-73021\"\/><figcaption class=\"wp-element-caption\">Mary Traversy<\/figcaption><\/figure>\n<\/div>\n\n\n<p>Au terme de 35 ann\u00e9es de service \u00e0 Postes Canada, Mary\u202fTraversy a pris sa retraite en 2019, en finissant sa carri\u00e8re comme directrice de l\u2019exploitation. \u00c0 ce poste, Mary a g\u00e9r\u00e9 les quelque 50\u202f000 employ\u00e9s, un budget de 5 milliards de dollars et tous les aspects de la collecte, du traitement et de la distribution du courrier et des colis. Durant son mandat \u00e0 Postes Canada, Mary a occup\u00e9 des postes au sein des Op\u00e9rations, des Ressouces humaines et des Relations de travail, et a men\u00e9 des projets de transformation, en plus de si\u00e9ger aux conseils d\u2019administration des filiales, Purolator et Innovapost. Depuis qu\u2019elle est \u00e0 la retraite, Mary a int\u00e9gr\u00e9 les conseils des gouverneurs de l\u2019Universit\u00e9 York et de L\u2019H\u00f4pital d\u2019Ottawa, ainsi que les conseils d\u2019administration de Cargojet et FleetOptics.<\/p>\n\n\n\n<p>Mary est titulaire d\u2019un baccalaur\u00e9at en administration publique de l\u2019Universit\u00e9\u202fCarleton, a suivi le programme de perfectionnement des administrateurs IAS-Rotman et figure parmi les 100 femmes les plus influentes au Canada.<\/p>\n\n\n\n<p><em>Nomm\u00e9 de 2022 \u00e0 2026.<\/em><\/p>\n","protected":false},"excerpt":{"rendered":"<p>Au terme de 35 ann\u00e9es de service \u00e0 Postes Canada, Mary\u202fTraversy a pris sa retraite en 2019, en finissant sa carri\u00e8re comme directrice de l\u2019exploitation. \u00c0 ce poste, Mary a g\u00e9r\u00e9 les quelque 50\u202f000 employ\u00e9s, un budget de 5 milliards de dollars et tous les aspects de la collecte, du traitement et de la distribution [&hellip;]<\/p>\n","protected":false},"author":25,"featured_media":0,"parent":4561,"menu_order":19,"comment_status":"closed","ping_status":"closed","template":"","meta":{"_acf_changed":false,"_mc_calendar":[],"footnotes":""},"class_list":["post-73023","page","type-page","status-publish","hentry"],"acf":[],"wps_subtitle":"","_links":{"self":[{"href":"https:\/\/www.ottawahospital.on.ca\/fr\/wp-json\/wp\/v2\/pages\/73023","targetHints":{"allow":["GET"]}}],"collection":[{"href":"https:\/\/www.ottawahospital.on.ca\/fr\/wp-json\/wp\/v2\/pages"}],"about":[{"href":"https:\/\/www.ottawahospital.on.ca\/fr\/wp-json\/wp\/v2\/types\/page"}],"author":[{"embeddable":true,"href":"https:\/\/www.ottawahospital.on.ca\/fr\/wp-json\/wp\/v2\/users\/25"}],"replies":[{"embeddable":true,"href":"https:\/\/www.ottawahospital.on.ca\/fr\/wp-json\/wp\/v2\/comments?post=73023"}],"version-history":[{"count":0,"href":"https:\/\/www.ottawahospital.on.ca\/fr\/wp-json\/wp\/v2\/pages\/73023\/revisions"}],"up":[{"embeddable":true,"href":"https:\/\/www.ottawahospital.on.ca\/fr\/wp-json\/wp\/v2\/pages\/4561"}],"wp:attachment":[{"href":"https:\/\/www.ottawahospital.on.ca\/fr\/wp-json\/wp\/v2\/media?parent=73023"}],"curies":[{"name":"wp","href":"https:\/\/api.w.org\/{rel}","templated":true}]}}