{"id":72833,"date":"2022-06-30T08:31:19","date_gmt":"2022-06-30T12:31:19","guid":{"rendered":"https:\/\/www.ottawahospital.on.ca\/?page_id=72833"},"modified":"2025-04-07T15:35:02","modified_gmt":"2025-04-07T19:35:02","slug":"programme-de-sante-mentale-perinatale","status":"publish","type":"page","link":"https:\/\/www.ottawahospital.on.ca\/fr\/services-cliniques\/deptpgrmcs\/departements\/sante-mentale\/nos-services\/programme-de-sante-mentale-perinatale\/","title":{"rendered":"Programme de sant\u00e9 mentale p\u00e9rinatale"},"content":{"rendered":"\n<h2 class=\"wp-block-heading\">Courte description et objectif<\/h2>\n\n\n\n<p>Le Programme de sant\u00e9 mentale p\u00e9rinatale de L\u2019H\u00f4pital d\u2019Ottawa offre un soutien psychiatrique sp\u00e9cialis\u00e9 aux personnes qui planifient une grossesse, qui sont enceintes ou qui ont accouch\u00e9 au cours de la derni\u00e8re ann\u00e9e, et qui ont des probl\u00e8mes de sant\u00e9 mentale confirm\u00e9s ou pr\u00e9sum\u00e9s. Cela comprend des consultations pour les personnes qui envisagent une grossesse, des th\u00e9rapies de groupe, et un soutien individuel limit\u00e9 pour des cas urgents comme les victimes de violence conjugale, les r\u00e9fugi\u00e9s r\u00e9cemment arriv\u00e9s et atteints d\u2019un trouble de stress post-traumatique ou les personnes qui envisagent de mettre fin \u00e0 leur grossesse ou de donner leur b\u00e9b\u00e9 en adoption en raison d\u2019une maladie mentale. Durant la pand\u00e9mie de COVID-19, nous avons \u00e9galement propos\u00e9 un groupe de soutien en ligne appel\u00e9 \u00ab&nbsp;Enceinte en temps de pand\u00e9mie&nbsp;\u00bb traitant de la mani\u00e8re de pr\u00e9server sa sant\u00e9 mentale pendant la pand\u00e9mie. Vous devez vous inscrire pour pouvoir accoucher \u00e0 L\u2019H\u00f4pital d\u2019Ottawa et avoir acc\u00e8s \u00e0 MyChart pour assister aux s\u00e9ances de ce groupe.<\/p>\n\n\n\n<h2 class=\"wp-block-heading\">Comment faire une demande de consultation\/acc\u00e9der aux services<\/h2>\n\n\n\n<p>\u00c0 l\u2019heure actuelle, nous acceptons seulement les demandes de consultation de m\u00e9decins, infirmi\u00e8res praticiennes ou sages-femmes qui sont affili\u00e9s \u00e0 L\u2019H\u00f4pital d\u2019Ottawa. Veuillez v\u00e9rifier aupr\u00e8s de votre professionnel des naissances si c\u2019est bien son cas.<\/p>\n\n\n\n<h2 class=\"wp-block-heading\">Crit\u00e8res d\u2019inclusion et d\u2019exclusion<\/h2>\n\n\n\n<figure class=\"wp-block-table is-style-stripes\"><table><tbody><tr><td><strong>Crit\u00e8res d\u2019inclusion<\/strong><strong> <\/strong>&nbsp;<\/td><td><strong>Crit\u00e8res d\u2019exclusion<\/strong><strong> <\/strong>&nbsp;<\/td><\/tr><tr><td>\u00b7&nbsp;&nbsp;Femme enceinte ayant plus de 16&nbsp;ans ou dont la fin de la grossesse date de 11&nbsp;mois ou moins (p\u00e9riode postpartum)<br>\u00b7&nbsp;&nbsp;Raison de la demande de consultation&nbsp;: pr\u00e9vention de d\u00e9pression, d\u00e9pression r\u00e9cente ou r\u00e9currente, manie, psychose, troubles anxieux dans le contexte d\u2019une pr\u00e9vision de grossesse, grossesse ou p\u00e9riode postpartum en cours<br>\u00b7&nbsp;&nbsp;Deuil p\u00e9rinatal compliqu\u00e9 (jusqu\u2019\u00e0 une ann\u00e9e apr\u00e8s l\u2019accouchement)<br>\u00b7&nbsp;&nbsp;Demande de consultation en vue d\u2019une adoption (jusqu\u2019\u00e0&nbsp;40&nbsp;semaines avant l\u2019adoption et pour un b\u00e9b\u00e9 ne d\u00e9passant pas l\u2019\u00e2ge de 11&nbsp;mois)<br>\u00b7&nbsp;&nbsp;Demande de consultation transmise par un m\u00e9decin, une infirmi\u00e8re praticienne ou une sage-femme affili\u00e9 \u00e0 L\u2019H\u00f4pital d\u2019Ottawa OU demande de consultation d\u2019un m\u00e9decin de famille pour une patiente trait\u00e9e pr\u00e9c\u00e9demment pour une grossesse cons\u00e9cutive OU par un psychiatre de L\u2019H\u00f4pital d\u2019Ottawa demandant un soutien suppl\u00e9mentaire durant ou apr\u00e8s une grossesse<br>\u00b7&nbsp;&nbsp;Carte d\u2019assurance-sant\u00e9 valide&nbsp;: r\u00e9gime d&rsquo;assurance-sant\u00e9 de l&rsquo;Ontario, carte d\u2019assurance-sant\u00e9 provinciale pour les soins re\u00e7us \u00e0 l\u2019ext\u00e9rieur de la province (\u00e0 l\u2019exclusion du Qu\u00e9bec); personne r\u00e9cemment install\u00e9e dans la r\u00e9gion et qui attend 3&nbsp;mois avant d\u2019obtenir l\u2019approbation du RASO, carte valide du Programme f\u00e9d\u00e9ral de sant\u00e9 int\u00e9rimaire, carte valide du r\u00e9gime de soins de sant\u00e9 Croix Bleue Medavie avec le minist\u00e8re de la D\u00e9fense nationale<br>Patiente r\u00e9sidant au sein du R\u00e9seau local d\u2019int\u00e9gration des services de sant\u00e9 de Champlain (avec quelques exceptions pour les r\u00e9gions g\u00e9ographiques \u00e9largies)<br>Lien vers la carte <a href=\"https:\/\/www.champlainlhin.on.ca\/AboutUs\/GeoPopHlthData\/Geography.aspx\">ici<\/a>.<\/td><td>\u00b7&nbsp;&nbsp;Patiente PAS actuellement enceinte ou plus d\u2019une ann\u00e9e apr\u00e8s la fin de la grossesse (exception&nbsp;: consultation unique pour la prescription de m\u00e9dicaments avant une grossesse)<br>\u00b7&nbsp;&nbsp;Carte non valide ou absence d\u2019assurance-sant\u00e9<br>\u00b7&nbsp;&nbsp;RAMQ ou paiement par la patiente<br>(p. ex. d\u2019un pays \u00e9tranger) pas accept\u00e9s&nbsp;<br>\u00b7&nbsp;&nbsp;Suivi actuel par un psychiatre dans la collectivit\u00e9 &nbsp;<br>\u00b7&nbsp;&nbsp;Raison principale de la demande de consultation&nbsp;: probl\u00e8mes d\u2019infertilit\u00e9, troubles dysphoriques pr\u00e9menstruels, sympt\u00f4mes de p\u00e9rim\u00e9nopause, troubles li\u00e9s \u00e0 l&rsquo;usage d&rsquo;une substance, troubles de la personnalit\u00e9, troubles de l\u2019alimentation, traitement post-traumatique, \u00e9valuation de la capacit\u00e9 de parentage&nbsp;<br>P\u00e8re atteint de d\u00e9pression postpartum &nbsp; &nbsp;<\/td><\/tr><\/tbody><\/table><\/figure>\n\n\n\n<h2 class=\"wp-block-heading\">Coordonn\u00e9es<\/h2>\n\n\n\n<p>Programme de sant\u00e9 mentale p\u00e9rinatale de L\u2019H\u00f4pital d\u2019Ottawa \u2013 Campus G\u00e9n\u00e9ral<br>501, chemin Smyth<br>Ottawa, ON<br>T\u00e9l.\u00a0: 613\u00a0798-5555, poste\u00a078913<br>T\u00e9l\u00e9c.\u00a0: 613\u00a0737-8115<br>Renseignements g\u00e9n\u00e9raux\u00a0: <a href=\"mailto:perinatalMH@lho.ca\">perinatalMH@lho.ca<\/a><\/p>\n\n\n\n<p><strong>Directrice du programme&nbsp;: D<sup>re<\/sup> Jasmine Gandhi&nbsp;&nbsp;&nbsp;<\/strong><\/p>\n","protected":false},"excerpt":{"rendered":"<p>Courte description et objectif Le Programme de sant\u00e9 mentale p\u00e9rinatale de L\u2019H\u00f4pital d\u2019Ottawa offre un soutien psychiatrique sp\u00e9cialis\u00e9 aux personnes qui planifient une grossesse, qui sont enceintes ou qui ont accouch\u00e9 au cours de la derni\u00e8re ann\u00e9e, et qui ont des probl\u00e8mes de sant\u00e9 mentale confirm\u00e9s ou pr\u00e9sum\u00e9s. Cela comprend des consultations pour les personnes [&hellip;]<\/p>\n","protected":false},"author":25,"featured_media":0,"parent":10918,"menu_order":11,"comment_status":"closed","ping_status":"closed","template":"","meta":{"_acf_changed":false,"_mc_calendar":[],"footnotes":""},"class_list":["post-72833","page","type-page","status-publish","hentry"],"acf":[],"wps_subtitle":"","_links":{"self":[{"href":"https:\/\/www.ottawahospital.on.ca\/fr\/wp-json\/wp\/v2\/pages\/72833","targetHints":{"allow":["GET"]}}],"collection":[{"href":"https:\/\/www.ottawahospital.on.ca\/fr\/wp-json\/wp\/v2\/pages"}],"about":[{"href":"https:\/\/www.ottawahospital.on.ca\/fr\/wp-json\/wp\/v2\/types\/page"}],"author":[{"embeddable":true,"href":"https:\/\/www.ottawahospital.on.ca\/fr\/wp-json\/wp\/v2\/users\/25"}],"replies":[{"embeddable":true,"href":"https:\/\/www.ottawahospital.on.ca\/fr\/wp-json\/wp\/v2\/comments?post=72833"}],"version-history":[{"count":0,"href":"https:\/\/www.ottawahospital.on.ca\/fr\/wp-json\/wp\/v2\/pages\/72833\/revisions"}],"up":[{"embeddable":true,"href":"https:\/\/www.ottawahospital.on.ca\/fr\/wp-json\/wp\/v2\/pages\/10918"}],"wp:attachment":[{"href":"https:\/\/www.ottawahospital.on.ca\/fr\/wp-json\/wp\/v2\/media?parent=72833"}],"curies":[{"name":"wp","href":"https:\/\/api.w.org\/{rel}","templated":true}]}}