{"id":72751,"date":"2022-06-23T14:55:37","date_gmt":"2022-06-23T18:55:37","guid":{"rendered":"https:\/\/www.ottawahospital.on.ca\/?page_id=72751"},"modified":"2022-06-23T14:55:37","modified_gmt":"2022-06-23T18:55:37","slug":"temoignages-de-patients","status":"publish","type":"page","link":"https:\/\/www.ottawahospital.on.ca\/fr\/services-cliniques\/deptpgrmcs\/departements\/sante-mentale\/temoignages-de-patients\/","title":{"rendered":"T\u00e9moignages de patients"},"content":{"rendered":"<p class=\"intro-text1\">Chaque jour, nous entendons des histoires de gentillesse, de courage et de d\u00e9couverte qui sont le r\u00e9sultat de nos recherches et des soins aux patients. Nous voulions partager ces histoires car nous savons que vous serez \u00e9galement inspir\u00e9s.<\/p>\n<h2>Liens<\/h2>\n<h3>Trouble de l\u2019alimentation<\/h3>\n<p class=\"site-banner-title\"><a href=\"https:\/\/fondationho.ca\/laissez-vous-inspirer\/trouver-des-solutions-pour-repondre-a-la-hausse-de-patients-atteints-danorexie-et-de-boulimie\/\">Trouver des solutions pour r\u00e9pondre \u00e0 la hausse de patients atteints d\u2019anorexie et de boulimie<\/a><\/p>\n<h3 class=\"site-banner-title\">Soins aux patients<\/h3>\n<p class=\"site-banner-title\"><a href=\"https:\/\/fondationho.ca\/laissez-vous-inspirer\/un-cheminement-en-sante-mentale-du-desespoir-a-lespoir\/\">Un cheminement en sant\u00e9 mentale du d\u00e9sespoir \u00e0 l\u2019espoir<\/a><\/p>\n<h3 class=\"has-text-color\">Programme de sant\u00e9 mentale p\u00e9rinatale<\/h3>\n<p class=\"site-banner-title\"><a href=\"https:\/\/fondationho.ca\/laissez-vous-inspirer\/la-lumiere-au-bout-dun-tunnel-obscur-surmonter-la-depression-perinatale\/\">La lumi\u00e8re au bout d\u2019un tunnel obscur : surmonter la d\u00e9pression p\u00e9rinatale<\/a><\/p>\n<h3>B\u00e9n\u00e9fice de la sant\u00e9 mentale<\/h3>\n<p class=\"site-banner-title\"><a href=\"https:\/\/fondationho.ca\/laissez-vous-inspirer\/de-la-salle-de-reveil-a-latelier-la-sculpture-favorise-la-guerison-emotionnelle\/\">De la salle de r\u00e9veil \u00e0 l\u2019atelier : La sculpture favorise la gu\u00e9rison \u00e9motionnelle<\/a><\/p>\n","protected":false},"excerpt":{"rendered":"<p>Chaque jour, nous entendons des histoires de gentillesse, de courage et de d\u00e9couverte qui sont le r\u00e9sultat de nos recherches et des soins aux patients. Nous voulions partager ces histoires car nous savons que vous serez \u00e9galement inspir\u00e9s. Liens Trouble de l\u2019alimentation Trouver des solutions pour r\u00e9pondre \u00e0 la hausse de patients atteints d\u2019anorexie et [&hellip;]<\/p>\n","protected":false},"author":25,"featured_media":0,"parent":10886,"menu_order":2,"comment_status":"closed","ping_status":"closed","template":"","meta":{"_acf_changed":false,"_mc_calendar":[],"footnotes":""},"class_list":["post-72751","page","type-page","status-publish","hentry"],"acf":[],"wps_subtitle":"","_links":{"self":[{"href":"https:\/\/www.ottawahospital.on.ca\/fr\/wp-json\/wp\/v2\/pages\/72751","targetHints":{"allow":["GET"]}}],"collection":[{"href":"https:\/\/www.ottawahospital.on.ca\/fr\/wp-json\/wp\/v2\/pages"}],"about":[{"href":"https:\/\/www.ottawahospital.on.ca\/fr\/wp-json\/wp\/v2\/types\/page"}],"author":[{"embeddable":true,"href":"https:\/\/www.ottawahospital.on.ca\/fr\/wp-json\/wp\/v2\/users\/25"}],"replies":[{"embeddable":true,"href":"https:\/\/www.ottawahospital.on.ca\/fr\/wp-json\/wp\/v2\/comments?post=72751"}],"version-history":[{"count":0,"href":"https:\/\/www.ottawahospital.on.ca\/fr\/wp-json\/wp\/v2\/pages\/72751\/revisions"}],"up":[{"embeddable":true,"href":"https:\/\/www.ottawahospital.on.ca\/fr\/wp-json\/wp\/v2\/pages\/10886"}],"wp:attachment":[{"href":"https:\/\/www.ottawahospital.on.ca\/fr\/wp-json\/wp\/v2\/media?parent=72751"}],"curies":[{"name":"wp","href":"https:\/\/api.w.org\/{rel}","templated":true}]}}