{"id":7268,"date":"2016-11-15T11:43:06","date_gmt":"2016-11-15T16:43:06","guid":{"rendered":"http:\/\/52.229.122.34\/fr\/?page_id=7268"},"modified":"2016-12-05T13:57:11","modified_gmt":"2016-12-05T18:57:11","slug":"description-du-role","status":"publish","type":"page","link":"https:\/\/www.ottawahospital.on.ca\/fr\/notre-modele-de-soins\/notre-equipe-de-professionnels-de-la-sante\/soins-infirmiers\/infirmieres-de-pratique-avancee\/description-du-role\/","title":{"rendered":"Description du r\u00f4le"},"content":{"rendered":"<h2>Objet du poste<\/h2>\n<p>Am\u00e9liorer les r\u00e9sultats cliniques dans certaines populations de patients au moyen de la pratique avanc\u00e9e des soins infirmiers, de la planification et de l\u2019ex\u00e9cution de programmes, de la consultation, de la recherche, de l\u2019enseignement, de l\u2019utilisation efficiente des ressources et d\u2019un leadership efficace.<\/p>\n<h2>Principales responsabilit\u00e9s<\/h2>\n<p>Le titulaire du poste participe \u00e0 toutes les facettes des principales responsabilit\u00e9s; la proportion de temps allou\u00e9e \u00e0 chaque responsabilit\u00e9 varie selon les besoins du client et de l\u2019organisme.<\/p>\n<h3>1. Consultation<\/h3>\n<ul>\n<li>Conseille le personnel infirmier, les gestionnaires, les coordonnateurs, les m\u00e9decins et d\u2019autres membres de l\u2019\u00e9quipe sur les questions concernant la pratique clinique et professionnelle.<\/li>\n<li>Agit en tant que consultante et assure la liaison aupr\u00e8s des autres \u00e9tablissements \/ centres de soins de sant\u00e9 en ce qui concerne les soins aux patients et les services de sant\u00e9.<\/li>\n<li>Met en pratique les r\u00e9sultats de la recherche pertinente et un large \u00e9ventail de th\u00e9ories dans la pratique clinique, en se servant de la r\u00e9flexion critique et de la prise de d\u00e9cisions; appuie ses recommandations d\u2019interventions en soins infirmiers sur la recherche \/ des renseignements fond\u00e9s sur des donn\u00e9es probantes.<\/li>\n<li>Favorise un mod\u00e8le de pratique en collaboration et en \u00e9quipe interdisciplinaire.<\/li>\n<li>Participe \u00e0 la coordination des soins et des plans de cong\u00e9 complexes.<\/li>\n<li>Surveille, \u00e9value et documente les r\u00e9sultats des d\u00e9cisions et des interventions; r\u00e9vise le plan de soins interdisciplinaires en collaboration avec le patient, sa famille et l\u2019\u00e9quipe de soins de sant\u00e9.<\/li>\n<\/ul>\n<h3>2. Leadership\/Administration<\/h3>\n<ul>\n<li>Agit comme mentor aupr\u00e8s des coll\u00e8gues infirmi\u00e8res et d\u2019autres pour am\u00e9liorer et appuyer la pratique des soins infirmiers.<\/li>\n<li>Exerce son leadership dans l\u2019\u00e9laboration, la mise en \u0153uvre et l\u2019\u00e9valuation des programmes \/ activit\u00e9s de gestion de la qualit\u00e9.<\/li>\n<li>Participe aux activit\u00e9s d\u2019am\u00e9lioration continue de la qualit\u00e9 et appuie les infirmi\u00e8res dans leur ex\u00e9cution en \u00e9valuant les r\u00e9percussions des interventions \/ des services de soins infirmiers sur les r\u00e9sultats chez les patients.<\/li>\n<li>Participe aux comit\u00e9s intradisciplinaires et interdisciplinaires et exerce son leadership en ce qui a trait \u00e0 l\u2019\u00e9laboration des politiques, des proc\u00e9dures, des protocoles, des lignes directrices, des normes, de la formation ou de la recherche.<\/li>\n<li>Anticipe les probl\u00e8mes ou changements imminents et futurs et exerce son leadership et ses qualit\u00e9s de visionnaire dans la planification \u00e0 court et \u00e0 long termes; contribue \u00e0 tous les niveaux \u00e0 la planification strat\u00e9gique.<\/li>\n<li>Exerce son leadership dans l\u2019\u00e9laboration, la mise en \u0153uvre et l\u2019\u00e9valuation de programmes.<\/li>\n<li>S\u2019occupe du recrutement, de la s\u00e9lection, du maintien en poste, du perfectionnement professionnel et de l\u2019\u00e9valuation du rendement des employ\u00e9s.<\/li>\n<li>Embauche et supervise le personnel clinique et de bureau s\u2019il y a lieu.<\/li>\n<li>G\u00e8re les budgets et les ressources s\u2019il y a lieu.<\/li>\n<li>Fait partager ses comp\u00e9tences et donne des conseils au-del\u00e0 des fronti\u00e8res de l\u2019\u00e9tablissement, notamment dans les milieux r\u00e9gionaux, provinciaux, nationaux et internationaux dans son domaine de sp\u00e9cialisation.<\/li>\n<li>D\u00e9montre sa compr\u00e9hension des questions juridiques et sociopolitiques qui influencent les d\u00e9cisions et \u00e9labore des strat\u00e9gies pour am\u00e9liorer les r\u00e9sultats et les politiques en mati\u00e8re de sant\u00e9; exerce son leadership dans la formulation des politiques publiques en mati\u00e8re de soins de sant\u00e9.<\/li>\n<li>Collabore avec les \u00e9tablissements universitaires dans le contexte de nominations et \/ ou de projets conjoints.<\/li>\n<li>Apporte sa contribution au contexte plus large du savoir en soins infirmiers par des pr\u00e9sentations et des publications scientifiques.<\/li>\n<\/ul>\n<h3>3. Pratique clinique<\/h3>\n<ul>\n<li>Fournit directement des soins et des services infirmiers sp\u00e9cialis\u00e9s et complets, en insistant sur la promotion de la sant\u00e9, la pr\u00e9vention des maladies et les strat\u00e9gies de gestion en collaboration dans le but d\u2019am\u00e9liorer les r\u00e9sultats en mati\u00e8re de sant\u00e9.<\/li>\n<li>Identifie les possibilit\u00e9s d\u2019\u00e9laborer des directives m\u00e9dicales, participe \u00e0 leur \u00e9laboration, \u00e0 leur mise en \u0153uvre et \u00e0 leur \u00e9valuation et met en \u0153uvre directement des aspects des soins en se fondant sur les directives m\u00e9dicales.<\/li>\n<li>Fait preuve de sa connaissance approfondie et de sa capacit\u00e9 de synth\u00e8se de la pratique avanc\u00e9e des soins infirmiers dans une sp\u00e9cialit\u00e9 clinique.<\/li>\n<li>Effectue des \u00e9valuations avanc\u00e9es de la sant\u00e9 et prend des d\u00e9cisions cliniques dans une sp\u00e9cialit\u00e9 clinique.<\/li>\n<li>Analyse les probl\u00e8mes complexes reli\u00e9s \u00e0 la pratique et \u00e9labore, met en \u0153uvre et \u00e9value des approches et des programmes novateurs pour r\u00e9gler les probl\u00e8mes.<\/li>\n<li>Offre du counseling et de l\u2019enseignement en mettant en application les connaissances avanc\u00e9es et la synth\u00e8se des modalit\u00e9s th\u00e9rapeutiques du counseling.<\/li>\n<li>Travaille en collaboration avec le personnel clinique pour analyser, planifier, mettre en \u0153uvre et \u00e9valuer des interventions cliniques.<\/li>\n<\/ul>\n<h3>4. Recherche<\/h3>\n<ul>\n<li>\u00c9largit la base scientifique de la pratique des soins infirmiers en utilisant et en appuyant la recherche en soins infirmiers et avec d\u2019autres disciplines.<\/li>\n<li>\u00c9value la recherche multidisciplinaire et en soins infirmiers et analyse ses r\u00e9percussions sur les soins aux patients et les services de soins infirmiers.<\/li>\n<li>Interpr\u00e8te, communique et diffuse les r\u00e9sultats de la recherche \u00e0 l\u2019appui des soins aux patients et recommande des changements aux politiques en se fondant sur la recherche.<\/li>\n<li>Effectue ou \u00e9labore des projets de recherche en collaboration, \u00e0 titre de principale chercheuse ou de chercheuse associ\u00e9e, pour surveiller et am\u00e9liorer les services de soins infirmiers et les r\u00e9sultats chez les patients.<\/li>\n<li>Publie dans des revues cliniques et scientifiques et fait des pr\u00e9sentations \u00e0 des conf\u00e9rences scientifiques.<\/li>\n<li>Participe aux travaux de comit\u00e9s de recherch\u00e9.<\/li>\n<\/ul>\n<h3>5. Formation<\/h3>\n<ul>\n<li>Agit comme mod\u00e8le \u00e0 imiter et experte clinique dans sa sp\u00e9cialit\u00e9 clinique.<\/li>\n<li>Soutient les infirmi\u00e8res dans leur perfectionnement professionnel et leur planification de carri\u00e8re.<\/li>\n<li>Participe aux programmes d\u2019enseignement institutionnels et communautaires \u00e0 l\u2019intention des consommateurs et des professionnels de la sant\u00e9.<\/li>\n<li>Participe \u00e0 l\u2019enseignement en soins infirmiers et en sciences de la sant\u00e9 au premier et au deuxi\u00e8me cycles par le pr\u00e9ceptorat \/ la supervision, la consultation et \/ ou une nomination universitaire conjointe.<\/li>\n<li>Planifie, met en \u0153uvre et \u00e9value la formation continue en fonction des besoins pour le personnel et les partenaires cliniques dans le but de promouvoir des soins de qualit\u00e9 \u00e0 des populations sp\u00e9cifiques de patients.<\/li>\n<\/ul>\n<p>&nbsp;<\/p>\n","protected":false},"excerpt":{"rendered":"<p>Objet du poste Am\u00e9liorer les r\u00e9sultats cliniques dans certaines populations de patients au moyen de la pratique avanc\u00e9e des soins infirmiers, de la planification et de l\u2019ex\u00e9cution de programmes, de la consultation, de la recherche, de l\u2019enseignement, de l\u2019utilisation efficiente des ressources et d\u2019un leadership efficace. Principales responsabilit\u00e9s Le titulaire du poste participe \u00e0 toutes [&hellip;]<\/p>\n","protected":false},"author":25,"featured_media":0,"parent":7263,"menu_order":1,"comment_status":"closed","ping_status":"closed","template":"","meta":{"_acf_changed":false,"_mc_calendar":[],"footnotes":""},"class_list":["post-7268","page","type-page","status-publish","hentry"],"acf":[],"wps_subtitle":"","_links":{"self":[{"href":"https:\/\/www.ottawahospital.on.ca\/fr\/wp-json\/wp\/v2\/pages\/7268","targetHints":{"allow":["GET"]}}],"collection":[{"href":"https:\/\/www.ottawahospital.on.ca\/fr\/wp-json\/wp\/v2\/pages"}],"about":[{"href":"https:\/\/www.ottawahospital.on.ca\/fr\/wp-json\/wp\/v2\/types\/page"}],"author":[{"embeddable":true,"href":"https:\/\/www.ottawahospital.on.ca\/fr\/wp-json\/wp\/v2\/users\/25"}],"replies":[{"embeddable":true,"href":"https:\/\/www.ottawahospital.on.ca\/fr\/wp-json\/wp\/v2\/comments?post=7268"}],"version-history":[{"count":0,"href":"https:\/\/www.ottawahospital.on.ca\/fr\/wp-json\/wp\/v2\/pages\/7268\/revisions"}],"up":[{"embeddable":true,"href":"https:\/\/www.ottawahospital.on.ca\/fr\/wp-json\/wp\/v2\/pages\/7263"}],"wp:attachment":[{"href":"https:\/\/www.ottawahospital.on.ca\/fr\/wp-json\/wp\/v2\/media?parent=7268"}],"curies":[{"name":"wp","href":"https:\/\/api.w.org\/{rel}","templated":true}]}}