{"id":72633,"date":"2022-06-20T13:30:17","date_gmt":"2022-06-20T17:30:17","guid":{"rendered":"https:\/\/www.ottawahospital.on.ca\/?page_id=72633"},"modified":"2022-06-20T13:30:17","modified_gmt":"2022-06-20T17:30:17","slug":"projet-pilote-provincial-sur-les-besoins-a-long-terme-en-matiere-de-ventilation","status":"publish","type":"page","link":"https:\/\/www.ottawahospital.on.ca\/fr\/services-cliniques\/deptpgrmcs\/programmes\/projet-pilote-provincial-sur-les-besoins-a-long-terme-en-matiere-de-ventilation\/","title":{"rendered":"Projet pilote provincial sur les besoins \u00e0 long terme en mati\u00e8re de ventilation"},"content":{"rendered":"\n<p>L\u2019H\u00f4pital d\u2019Ottawa et le programme CANVent collaborent avec le minist\u00e8re de la Sant\u00e9 et plusieurs autres h\u00f4pitaux dans le cadre d\u2019un projet pilote sur trois ans visant \u00e0 am\u00e9liorer les transitions cliniques et la qualit\u00e9 de vie des patients qui ont besoin d\u2019une ventilation \u00e0 long terme.<\/p>\n\n\n\n<p><strong>Voici les objectifs du projet pilote<\/strong>\u00a0:<\/p>\n\n\n\n<ul class=\"wp-block-list\"><li>S\u2019assurer de la disponibilit\u00e9 de lits aux Soins intensifs pour ceux qui en ont besoin.<\/li><li>Am\u00e9liorer la qualit\u00e9 de vie des personnes ayant besoin d\u2019une ventilation \u00e0 long terme en leur permettant de recevoir des soins sp\u00e9cialis\u00e9s plus pr\u00e8s de chez elles.\u00a0<\/li><li>R\u00e9duire le nombre de visites inutiles \u00e0 l\u2019Urgence.<\/li><li>Coordonner l\u2019expertise en mati\u00e8re de ventilation \u00e0 long terme dans toute la province et la rendre disponible pour tous les Ontariens en la rapprochant de chez eux.<\/li><li>Coordonner les ressources existantes \u00e0 l\u2019\u00e9chelle de la province pour\u00a0am\u00e9liorer les soins aux patients.\u00a0<\/li><\/ul>\n\n\n\n<p>Le projet pilote repose sur l\u2019expertise de quatre h\u00f4pitaux sp\u00e9cialis\u00e9s dans le soutien et les soins aux personnes n\u00e9cessitant une ventilation \u00e0 long terme et ayant des besoins respiratoires complexes.<\/p>\n\n\n\n<p>Ces h\u00f4pitaux \u00e9pauleront les fournisseurs de soins sp\u00e9cialis\u00e9s implant\u00e9s dans leur r\u00e9gion g\u00e9ographique afin de constituer trois structures en \u00ab&nbsp;\u00e9toile&nbsp;\u00bb. Un tel mod\u00e8le fonctionne comme une roue, l\u2019\u00e9toile \u00e9tant le point central (dans ce cas-ci, un h\u00f4pital menant le projet pilote au niveau r\u00e9gional), et les rayons \u00e9tant les h\u00f4pitaux communautaires qui offrent les services. Cette structure permettra aux patients qui ont auparavant n\u00e9cessit\u00e9 un soutien ventilatoire dans un h\u00f4pital de passer en toute s\u00e9curit\u00e9 \u00e0 un autre milieu de soins dans leur communaut\u00e9.&nbsp;&nbsp;<\/p>\n\n\n\n<p>L\u2019H\u00f4pital d\u2019Ottawa abrite le Programme CANVent (<a>Canadian Alternatives in Non-Invasive Ventilation<\/a>). Ce Programme est log\u00e9 au Centre de r\u00e9adaptation de L\u2019H\u00f4pital d\u2019Ottawa, m\u00eame si l\u2019\u00e9quipe est pr\u00e9sente dans chacun des services de soins de courte dur\u00e9e de L\u2019H\u00f4pital d\u2019Ottawa. Le directeur m\u00e9dical est le D<sup>r&nbsp;<\/sup>Douglas McKim, et des soins sp\u00e9cialis\u00e9s sont dispens\u00e9s par une \u00e9quipe de pneumologues, d\u2019inhaloth\u00e9rapeutes et d\u2019infirmi\u00e8res.<\/p>\n\n\n\n<p>Le Programe CANVent est unique dans le sens o\u00f9 il joue un r\u00f4le pr\u00e9pond\u00e9rant dans la communaut\u00e9 en identifiant les personnes \u00e0 risque et en leur \u00e9vitant de faire des complications graves, voire mortelles, comme une insuffisance respiratoire. Ce Programme a ainsi contribu\u00e9 \u00e0 sensibiliser davantage les sp\u00e9cialistes au fait que des personnes atteintes de maladies neuromusculaires, qu\u2019elles soient \u00e0 l\u2019h\u00f4pital ou dans la communaut\u00e9, ont un risque \u00e9lev\u00e9 de faire des complications respiratoires, et que des strat\u00e9gies de formation et de maintien des voies respiratoires non invasives (NIVAM) pourraient consid\u00e9rablement r\u00e9duire ou \u00e9liminer ce risque.<\/p>\n\n\n\n<p>Le D<sup>r&nbsp;<\/sup>McKim et le Programme CANVent collaborent aussi \u00e9troitement avec des unit\u00e9s de soins intensifs de la r\u00e9gion pour faciliter le sevrage d\u2019une ventilation invasive pour des candidats appropri\u00e9s, ce qui augmentera les possibilit\u00e9s de vivre dans la communaut\u00e9 plut\u00f4t qu\u2019\u00e0 l\u2019h\u00f4pital ou dans un \u00e9tablissement de soins de longue dur\u00e9e.<\/p>\n\n\n\n<p>Voici une liste des h\u00f4pitaux actuellement associ\u00e9s \u00e0 un site en \u00e9toile. D\u2019autres h\u00f4pitaux viendront s\u2019ajouter \u00e0 cette liste \u00e0 mesure que la strat\u00e9gie prend de l\u2019ampleur.&nbsp;<\/p>\n\n\n\n<h2 class=\"wp-block-heading\">\u00ab \u00c9toile&nbsp;\u00bb Ouest | London Health Sciences Centre<\/h2>\n\n\n\n<figure class=\"wp-block-table\"><table><tbody><tr><td><strong>\u00ab&nbsp;Rayons&nbsp;\u00bb&nbsp;:<\/strong><\/td><td><strong>R\u00e9gion&nbsp;:<\/strong><\/td><\/tr><tr><td>H\u00f4pital Alexandra<\/td><td>Ouest<\/td><\/tr><tr><td>H\u00f4pital Alexandra Marine and General<\/td><td>Ouest<\/td><\/tr><tr><td>H\u00f4pital Memorial de Cambridge<\/td><td>Ouest<\/td><\/tr><tr><td>H\u00f4pital d&rsquo;Owen Sound (Grey Bruce Health Services)<\/td><td>Ouest<\/td><\/tr><tr><td>H\u00f4pital g\u00e9n\u00e9ral de Guelph<\/td><td>Ouest<\/td><\/tr><tr><td>London Health Sciences Centre \u2013 H\u00f4pital&nbsp;University<\/td><td>Ouest<\/td><\/tr><tr><td>London Health Sciences Centre \u2013 H\u00f4pital Victoria<\/td><td>Ouest<\/td><\/tr><tr><td>Centre r\u00e9gional de sant\u00e9 de North Bay&nbsp;<\/td><td>Nord<\/td><\/tr><tr><td>H\u00f4pital g\u00e9n\u00e9ral de St. Thomas-Elgin<\/td><td>Ouest<\/td><\/tr><tr><td>H\u00f4pital g\u00e9n\u00e9ral de Stratford<\/td><td>Ouest<\/td><\/tr><tr><td>H\u00f4pital g\u00e9n\u00e9ral de Strathroy-Middlesex<\/td><td>Ouest<\/td><\/tr><tr><td>H\u00f4pital Memorial du district de Tillsonburg<\/td><td>Ouest<\/td><\/tr><tr><td>H\u00f4pital r\u00e9gional de Windsor&nbsp;\u2013&nbsp;Complexe Metropolitan<\/td><td>Ouest<\/td><\/tr><tr><td>H\u00f4pital r\u00e9gional de Windsor&nbsp;\u2013&nbsp;Complexe Ouellette<\/td><td>Ouest<\/td><\/tr><tr><td>H\u00f4pital g\u00e9n\u00e9ral de Woodstock<\/td><td>Ouest &nbsp; &nbsp;<\/td><\/tr><\/tbody><\/table><\/figure>\n\n\n\n<h2 class=\"wp-block-heading\">\u00ab \u00c9toile&nbsp;\u00bb Centre | Centre de soins de sant\u00e9 West Park et H\u00f4pital Michael Garron<\/h2>\n\n\n\n<figure class=\"wp-block-table\"><table><tbody><tr><td><strong>\u00ab&nbsp;Rayons&nbsp;\u00bb&nbsp;:<\/strong><\/td><td><strong>R\u00e9gion&nbsp;:<\/strong><\/td><\/tr><tr><td>Grand River Hospital Corporation&nbsp;\u2013&nbsp;Kitchener Waterloo Hospital<\/td><td>Ouest<\/td><\/tr><tr><td>Hamilton Health Sciences Corporation&nbsp;\u2013&nbsp;H\u00f4pital Memorial de Lincoln Ouest<\/td><td>Ouest<\/td><\/tr><tr><td>Hamilton Health Sciences Corporation&nbsp;\u2013&nbsp;H\u00f4pital g\u00e9n\u00e9ral<\/td><td>Ouest<\/td><\/tr><tr><td>Hamilton Health Sciences Corporation&nbsp;\u2013&nbsp;Juravinski Hospital and Cancer Centre<\/td><td>Ouest<\/td><\/tr><tr><td>Hamilton Health Sciences Corporation&nbsp;\u2013&nbsp;McMaster University Medical Centre<\/td><td>Ouest<\/td><\/tr><tr><td>H\u00f4pital Humber River&nbsp;\u2013&nbsp;H\u00f4pital Wilson<\/td><td>Centre<\/td><\/tr><tr><td>Lakeridge Health&nbsp;\u2013&nbsp;Bowmanville<\/td><td>Est<\/td><\/tr><tr><td>Lakeridge Health&nbsp;\u2013&nbsp;Oshawa<\/td><td>Est<\/td><\/tr><tr><td>Lakeridge Health&nbsp;\u2013&nbsp;Ajax<\/td><td>Est<\/td><\/tr><tr><td>Mackenzie Health&nbsp;\u2013&nbsp;H\u00f4pital Mackenzie de Richmond Hill<\/td><td>Centre<\/td><\/tr><tr><td>Mackenzie Health&nbsp;\u2013&nbsp;H\u00f4pital Cortellucci de Vaughan<\/td><td>Centre<\/td><\/tr><tr><td>H\u00f4pital g\u00e9n\u00e9ral de North York&nbsp;\u2013&nbsp;H\u00f4pital g\u00e9n\u00e9ral<\/td><td>Centre<\/td><\/tr><tr><td>Oak Valley Health&nbsp;\u2013&nbsp;H\u00f4pital de Markham-Stouffville<\/td><td>Centre<\/td><\/tr><tr><td>Scarborough Health Network&nbsp;\u2013&nbsp;Complexe Centenary<\/td><td>Est<\/td><\/tr><tr><td>Scarborough Health Network&nbsp;\u2013&nbsp;Complexe&nbsp;Birchmount<\/td><td>Est<\/td><\/tr><tr><td>Sinai Health System&nbsp;\u2013&nbsp;H\u00f4pital Mount Sinai<\/td><td>Toronto<\/td><\/tr><tr><td>Centre r\u00e9gional de sant\u00e9 Southlake<\/td><td>Centre<\/td><\/tr><tr><td>Centre r\u00e9gional des sciences de la sant\u00e9 de Thunder Bay<\/td><td>Nord<\/td><\/tr><tr><td>Trillium Health Partners&nbsp;\u2013&nbsp;H\u00f4pital Credit Valley<\/td><td>Centre<\/td><\/tr><tr><td>Trillium Health Partners&nbsp;\u2013&nbsp;H\u00f4pital de Mississauga<\/td><td>Centre<\/td><\/tr><tr><td>William Osler Health System&nbsp;\u2013&nbsp;H\u00f4pital Civic de Brampton<\/td><td>Centre<\/td><\/tr><tr><td>William Osler Health System&nbsp;\u2013&nbsp;H\u00f4pital g\u00e9n\u00e9ral <a>d&rsquo;Etobicoke<\/a><a href=\"#_msocom_1\">[NAT1]<\/a>&nbsp;<\/td><td>Centre &nbsp; &nbsp; &nbsp; &nbsp; &nbsp;<\/td><\/tr><\/tbody><\/table><\/figure>\n\n\n\n<h2 class=\"wp-block-heading\">\u00ab \u00c9toile&nbsp;\u00bb Est | L\u2019H\u00f4pital d\u2019Ottawa<\/h2>\n\n\n\n<figure class=\"wp-block-table\"><table><tbody><tr><td><a><strong>\u00ab&nbsp;Rayons&nbsp;\u00bb&nbsp;:<\/strong><\/a><\/td><td><strong>R\u00e9gion&nbsp;:<\/strong><\/td><\/tr><tr><td>Blanche River Health&nbsp;\u2013&nbsp;Kirkland<\/td><td>Nord<\/td><\/tr><tr><td>H\u00f4pital g\u00e9n\u00e9ral de Brockville&nbsp;\u2013&nbsp;Charles St. Site<\/td><td>Est<\/td><\/tr><tr><td>H\u00f4pital g\u00e9n\u00e9ral de Hawkesbury et district<\/td><td>Est<\/td><\/tr><tr><td>H\u00f4pital Montfort<\/td><td>Est<\/td><\/tr><tr><td>Kingston Health Sciences Centre&nbsp;\u2013&nbsp;H\u00f4pital g\u00e9n\u00e9ral de Kingston<\/td><td>Est<\/td><\/tr><tr><td>H\u00f4pital g\u00e9n\u00e9ral du comt\u00e9 de Lennox and Addington<\/td><td>Est<\/td><\/tr><tr><td>H\u00f4pital r\u00e9gional de Pembroke<\/td><td>Est<\/td><\/tr><tr><td>H\u00f4pital Queensway Carleton<\/td><td>Est<\/td><\/tr><tr><td>Association des soins de sant\u00e9 de Quinte&nbsp;\u2013&nbsp;Belleville<\/td><td>Est<\/td><\/tr><tr><td>H\u00f4pital g\u00e9n\u00e9ral St-Joseph<\/td><td>Nord<\/td><\/tr><tr><td>L\u2019H\u00f4pital d\u2019Ottawa&nbsp;\u2013&nbsp;Campus Civic<\/td><td>Est<\/td><\/tr><\/tbody><\/table><\/figure>\n\n\n\n<p><a id=\"_msocom_1\"><\/a><\/p>\n\n\n\n<p><\/p>\n","protected":false},"excerpt":{"rendered":"<p>L\u2019H\u00f4pital d\u2019Ottawa et le programme CANVent collaborent avec le minist\u00e8re de la Sant\u00e9 et plusieurs autres h\u00f4pitaux dans le cadre d\u2019un projet pilote sur trois ans visant \u00e0 am\u00e9liorer les transitions cliniques et la qualit\u00e9 de vie des patients qui ont besoin d\u2019une ventilation \u00e0 long terme. Voici les objectifs du projet pilote\u00a0: S\u2019assurer de [&hellip;]<\/p>\n","protected":false},"author":25,"featured_media":0,"parent":7866,"menu_order":0,"comment_status":"closed","ping_status":"closed","template":"","meta":{"_acf_changed":false,"_mc_calendar":[],"footnotes":""},"class_list":["post-72633","page","type-page","status-publish","hentry"],"acf":[],"wps_subtitle":"","_links":{"self":[{"href":"https:\/\/www.ottawahospital.on.ca\/fr\/wp-json\/wp\/v2\/pages\/72633","targetHints":{"allow":["GET"]}}],"collection":[{"href":"https:\/\/www.ottawahospital.on.ca\/fr\/wp-json\/wp\/v2\/pages"}],"about":[{"href":"https:\/\/www.ottawahospital.on.ca\/fr\/wp-json\/wp\/v2\/types\/page"}],"author":[{"embeddable":true,"href":"https:\/\/www.ottawahospital.on.ca\/fr\/wp-json\/wp\/v2\/users\/25"}],"replies":[{"embeddable":true,"href":"https:\/\/www.ottawahospital.on.ca\/fr\/wp-json\/wp\/v2\/comments?post=72633"}],"version-history":[{"count":0,"href":"https:\/\/www.ottawahospital.on.ca\/fr\/wp-json\/wp\/v2\/pages\/72633\/revisions"}],"up":[{"embeddable":true,"href":"https:\/\/www.ottawahospital.on.ca\/fr\/wp-json\/wp\/v2\/pages\/7866"}],"wp:attachment":[{"href":"https:\/\/www.ottawahospital.on.ca\/fr\/wp-json\/wp\/v2\/media?parent=72633"}],"curies":[{"name":"wp","href":"https:\/\/api.w.org\/{rel}","templated":true}]}}