{"id":7263,"date":"2016-11-15T11:40:57","date_gmt":"2016-11-15T16:40:57","guid":{"rendered":"http:\/\/52.229.122.34\/fr\/?page_id=7263"},"modified":"2017-01-05T13:36:36","modified_gmt":"2017-01-05T18:36:36","slug":"infirmieres-de-pratique-avancee","status":"publish","type":"page","link":"https:\/\/www.ottawahospital.on.ca\/fr\/notre-modele-de-soins\/notre-equipe-de-professionnels-de-la-sante\/soins-infirmiers\/infirmieres-de-pratique-avancee\/","title":{"rendered":"Infirmi\u00e8res de pratique avanc\u00e9e"},"content":{"rendered":"<p>Le champ d\u2019exercice de la profession infirmi\u00e8re \u00e9volue constamment en fonction du contexte socio\u00e9conomique et du syst\u00e8me de sant\u00e9. Les infirmi\u00e8res de pratique avanc\u00e9e (IPA) jonglent diff\u00e9rentes responsabilit\u00e9s dans leurs fonctions cliniques, y compris la formation, la recherche, la gestion, le leadership, la consultation avec d\u2019autres disciplines.<\/p>\n<h2>Vision<\/h2>\n<p>Les infirmi\u00e8res de pratique avanc\u00e9e favorisent l\u2019excellence clinique dans leur domaine d\u2019expertise en faisant preuve de leadership et en menant des activit\u00e9s de formation, de consultation et de recherche. Ces activit\u00e9s contribuent \u00e0 \u00e9tablir un milieu de soins infirmiers ax\u00e9 sur le d\u00e9veloppement du savoir \u00e0 L\u2019H\u00f4pital d\u2019Ottawa.<\/p>\n<h2>Historique<\/h2>\n<p>En 1999, le tout nouvel H\u00f4pital d\u2019Ottawa a mis sur pied le Groupe de travail sur la pratique infirmi\u00e8re avanc\u00e9e. Ce groupe avait pour mandat de d\u00e9finir le r\u00f4le des infirmi\u00e8res de pratique avanc\u00e9e et d\u2019\u00e9laborer un plan de mise en \u0153uvre.<\/p>\n<p>\u00c0 la suite d\u2019un examen complet, les membres du groupe de travail ont recommand\u00e9 ce qui suit :<\/p>\n<ol>\n<li>Le r\u00f4le de l\u2019infirmi\u00e8re de pratique avanc\u00e9e doit comprendre cinq \u00e9l\u00e9ments :\n<ul>\n<li>Pratique clinique<\/li>\n<li>Consultation<\/li>\n<li>Formation<\/li>\n<li>Leadership<\/li>\n<li>Recherche<\/li>\n<\/ul>\n<\/li>\n<li>L&rsquo;IPA doit d\u00e9tenir une ma\u00eetrise en sciences infirmi\u00e8res ou dans une discipline connexe.<\/li>\n<li>L&rsquo;IPA se rapporte \u00e0 la directrice clinique et \u00e0 la chef des Soins infirmiers.<\/li>\n<li>Il faut \u00e9laborer des crit\u00e8res et un service de consultation pour aider le personnel des programmes cliniques \u00e0 \u00e9valuer le nouveau r\u00f4le des IPA \u00e0 L\u2019HO.<\/li>\n<li><a title=\"Advanced Practice Nurses Article\" href=\"\/fr\/documents\/2017\/01\/advanced-practice-nurses-article.pdf\" target=\"_blank\">De Grasse, C. et W. Nicklin. \u00ab Advanced Nursing Practice: Old Hat, New Design. Canadian Journal of Nursing Leadership \u00bb, vol. 14, n<sup>o<\/sup> 4, (d\u00e9c. 2001), p. 7-12.<\/a><br \/>\nR\u00e9imprim\u00e9 avec la permission du Canadian Journal of Nursing Leadership.<\/li>\n<\/ol>\n<h2>Personnes-ressources<\/h2>\n<p><a href=\"mailto:lwilding@toh.on.ca\">Laura Wilding<\/a>, IA, B.Sc.inf., MGSS, CSU(C)<br \/>\nGestion des urgences g\u00e9riatriques<br \/>\n613-737-8899, poste 17086<\/p>\n","protected":false},"excerpt":{"rendered":"<p>Le champ d\u2019exercice de la profession infirmi\u00e8re \u00e9volue constamment en fonction du contexte socio\u00e9conomique et du syst\u00e8me de sant\u00e9. Les infirmi\u00e8res de pratique avanc\u00e9e (IPA) jonglent diff\u00e9rentes responsabilit\u00e9s dans leurs fonctions cliniques, y compris la formation, la recherche, la gestion, le leadership, la consultation avec d\u2019autres disciplines. Vision Les infirmi\u00e8res de pratique avanc\u00e9e favorisent l\u2019excellence [&hellip;]<\/p>\n","protected":false},"author":25,"featured_media":0,"parent":7212,"menu_order":2,"comment_status":"closed","ping_status":"closed","template":"","meta":{"_acf_changed":false,"_mc_calendar":[],"footnotes":""},"class_list":["post-7263","page","type-page","status-publish","hentry"],"acf":[],"wps_subtitle":"","_links":{"self":[{"href":"https:\/\/www.ottawahospital.on.ca\/fr\/wp-json\/wp\/v2\/pages\/7263","targetHints":{"allow":["GET"]}}],"collection":[{"href":"https:\/\/www.ottawahospital.on.ca\/fr\/wp-json\/wp\/v2\/pages"}],"about":[{"href":"https:\/\/www.ottawahospital.on.ca\/fr\/wp-json\/wp\/v2\/types\/page"}],"author":[{"embeddable":true,"href":"https:\/\/www.ottawahospital.on.ca\/fr\/wp-json\/wp\/v2\/users\/25"}],"replies":[{"embeddable":true,"href":"https:\/\/www.ottawahospital.on.ca\/fr\/wp-json\/wp\/v2\/comments?post=7263"}],"version-history":[{"count":0,"href":"https:\/\/www.ottawahospital.on.ca\/fr\/wp-json\/wp\/v2\/pages\/7263\/revisions"}],"up":[{"embeddable":true,"href":"https:\/\/www.ottawahospital.on.ca\/fr\/wp-json\/wp\/v2\/pages\/7212"}],"wp:attachment":[{"href":"https:\/\/www.ottawahospital.on.ca\/fr\/wp-json\/wp\/v2\/media?parent=7263"}],"curies":[{"name":"wp","href":"https:\/\/api.w.org\/{rel}","templated":true}]}}