{"id":72618,"date":"2022-06-20T12:09:49","date_gmt":"2022-06-20T16:09:49","guid":{"rendered":"https:\/\/www.ottawahospital.on.ca\/?page_id=72618"},"modified":"2025-07-09T10:34:45","modified_gmt":"2025-07-09T14:34:45","slug":"dr-jocelyn-zwicker","status":"publish","type":"page","link":"https:\/\/www.ottawahospital.on.ca\/fr\/about-us\/notre-equipe-de-direction\/conseil-des-gouverneurs\/membres-du-conseil\/dr-jocelyn-zwicker\/","title":{"rendered":"Dr Jocelyn Zwicker"},"content":{"rendered":"<div class=\"wp-block-image is-style-default\">\n<figure class=\"alignleft size-full\"><img decoding=\"async\" width=\"135\" height=\"169\" src=\"https:\/\/www.ottawahospital.on.ca\/wp-content\/uploads\/2022\/06\/JocelynZwicker.jpg\" alt=\"Dr Jocelyn Zwicker \" class=\"wp-image-72615\"\/><figcaption class=\"wp-element-caption\"><strong>Dr Jocelyn Zwicker<\/strong><\/figcaption><\/figure>\n<\/div>\n\n\n<p>La Dre Jocelyn Zwicker est pr\u00e9sidente de l\u2019Association du personnel m\u00e9dical de L\u2019H\u00f4pital d\u2019Ottawa, neurologue \u00e0 L\u2019H\u00f4pital d\u2019Ottawa et professeure adjointe de m\u00e9decine \u00e0 l\u2019Universit\u00e9 d\u2019Ottawa. Elle a fait ses \u00e9tudes de m\u00e9decine \u00e0 l\u2019Universit\u00e9 de Toronto, avant de faire sa r\u00e9sidence en neurologie et une sursp\u00e9cialisation sur les troubles neuromusculaires \u00e0 la Cleveland Clinic \u00e0 Cleveland, en Ohio. Cela fait plus de 20 ans qu\u2019elle exerce comme neurologue et sp\u00e9cialiste des troubles neuromusculaires. La Dre Zwicker a suivi le Programme de leadership pour l\u2019am\u00e9lioration de la qualit\u00e9 des soins et de la s\u00e9curit\u00e9 des patients de l\u2019\u00c9cole de gestion Telfer en 2015. Entre 2013 et 2021, elle a \u00e9t\u00e9 directrice, Qualit\u00e9 et S\u00e9curit\u00e9 des patients, au sein de la Division de neurologie \u00e0 L\u2019H\u00f4pital d\u2019Ottawa. Ses champs de recherche englobent les soins palliatifs pour les patients atteints de troubles neurologiques, y compris la SLA.<\/p>\n\n\n\n<p><em>Les membres d\u2019office du Conseil des gouverneurs sont nomm\u00e9s pour aussi longtemps qu\u2019ils occupent le poste, au sein de L\u2019H\u00f4pital d\u2019Ottawa ou de tout autre organisme, qui leur permet de si\u00e9ger au Conseil conform\u00e9ment au r\u00e8glement administratif.<\/em><\/p>\n","protected":false},"excerpt":{"rendered":"<p>La Dre Jocelyn Zwicker est pr\u00e9sidente de l\u2019Association du personnel m\u00e9dical de L\u2019H\u00f4pital d\u2019Ottawa, neurologue \u00e0 L\u2019H\u00f4pital d\u2019Ottawa et professeure adjointe de m\u00e9decine \u00e0 l\u2019Universit\u00e9 d\u2019Ottawa. Elle a fait ses \u00e9tudes de m\u00e9decine \u00e0 l\u2019Universit\u00e9 de Toronto, avant de faire sa r\u00e9sidence en neurologie et une sursp\u00e9cialisation sur les troubles neuromusculaires \u00e0 la Cleveland Clinic [&hellip;]<\/p>\n","protected":false},"author":25,"featured_media":0,"parent":4561,"menu_order":21,"comment_status":"closed","ping_status":"closed","template":"","meta":{"_acf_changed":false,"_mc_calendar":[],"footnotes":""},"class_list":["post-72618","page","type-page","status-publish","hentry"],"acf":[],"wps_subtitle":"","_links":{"self":[{"href":"https:\/\/www.ottawahospital.on.ca\/fr\/wp-json\/wp\/v2\/pages\/72618","targetHints":{"allow":["GET"]}}],"collection":[{"href":"https:\/\/www.ottawahospital.on.ca\/fr\/wp-json\/wp\/v2\/pages"}],"about":[{"href":"https:\/\/www.ottawahospital.on.ca\/fr\/wp-json\/wp\/v2\/types\/page"}],"author":[{"embeddable":true,"href":"https:\/\/www.ottawahospital.on.ca\/fr\/wp-json\/wp\/v2\/users\/25"}],"replies":[{"embeddable":true,"href":"https:\/\/www.ottawahospital.on.ca\/fr\/wp-json\/wp\/v2\/comments?post=72618"}],"version-history":[{"count":0,"href":"https:\/\/www.ottawahospital.on.ca\/fr\/wp-json\/wp\/v2\/pages\/72618\/revisions"}],"up":[{"embeddable":true,"href":"https:\/\/www.ottawahospital.on.ca\/fr\/wp-json\/wp\/v2\/pages\/4561"}],"wp:attachment":[{"href":"https:\/\/www.ottawahospital.on.ca\/fr\/wp-json\/wp\/v2\/media?parent=72618"}],"curies":[{"name":"wp","href":"https:\/\/api.w.org\/{rel}","templated":true}]}}