{"id":72590,"date":"2022-06-20T09:40:50","date_gmt":"2022-06-20T13:40:50","guid":{"rendered":"https:\/\/www.ottawahospital.on.ca\/?page_id=72590"},"modified":"2025-07-09T10:04:58","modified_gmt":"2025-07-09T14:04:58","slug":"dr-tim-asmis","status":"publish","type":"page","link":"https:\/\/www.ottawahospital.on.ca\/fr\/about-us\/notre-equipe-de-direction\/conseil-des-gouverneurs\/membres-du-conseil\/dr-tim-asmis\/","title":{"rendered":"Dr Tim Asmis"},"content":{"rendered":"<div class=\"wp-block-image is-style-default\">\n<figure class=\"alignleft size-full\"><img decoding=\"async\" width=\"135\" height=\"169\" src=\"https:\/\/www.ottawahospital.on.ca\/wp-content\/uploads\/2022\/06\/Tim-Asmis.jpg\" alt=\"Tim Asmis\" class=\"wp-image-72586\"\/><figcaption class=\"wp-element-caption\"><strong>Dr Tim Asmis <\/strong><\/figcaption><\/figure>\n<\/div>\n\n\n<p>Le Dr Asmis est oncologue m\u00e9dical au Centre de canc\u00e9rologie de L\u2019H\u00f4pital d\u2019Ottawa, professeur agr\u00e9g\u00e9 et directeur du programme de sursp\u00e9cialisation en oncologie m\u00e9dicale au D\u00e9partement de m\u00e9decine de l\u2019Universit\u00e9 d\u2019Ottawa. C\u2019est \u00e0 l\u2019Universit\u00e9 d\u2019Ottawa que le Dr Asmis a obtenu son dipl\u00f4me en m\u00e9decine, puis a effectu\u00e9 sa formation postdoctorale en m\u00e9decine interne et en oncologie m\u00e9dicale. Apr\u00e8s sa formation postdoctorale, il a pass\u00e9 une ann\u00e9e \u00e0 faire une sursp\u00e9cialisation en oncologie gastro-intestinale au Memorial Sloan Kettering Cancer Center \u00e0 New York. Le Dr Asmis se consacre \u00e0 am\u00e9liorer les soins aux patients en oncologie. \u00c0 la t\u00eate du Groupe d\u2019oncologie gastro-intestinale de L\u2019H\u00f4pital d\u2019Ottawa, il y supervise les soins prodigu\u00e9s aux patients atteints de cancers gastro-intestinaux. Il a aussi dirig\u00e9 l\u2019\u00e9laboration de lignes directrices cliniques avec Action Cancer Ontario, ce qui a permis d\u2019am\u00e9liorer directement les soins fournis aux patients canc\u00e9reux en Ontario. En outre, le Dr Asmis assure actuellement la vice-pr\u00e9sidence de l\u2019Association du personnel m\u00e9dical de L\u2019H\u00f4pital d\u2019Ottawa. Il est membre en bonne et due forme du Groupe canadien des essais sur le cancer (GCEC), de l\u2019Association canadienne des oncologues m\u00e9dicaux (ACOM), de l\u2019American Society of Clinical Oncology (ASCO) et de la European Society of Medical Oncology (ESMO).<\/p>\n\n\n\n<p><em>Les membres d\u2019office du Conseil des gouverneurs sont nomm\u00e9s pour aussi longtemps qu\u2019ils occupent le poste, au sein de L\u2019H\u00f4pital d\u2019Ottawa ou de tout autre organisme, qui leur permet de si\u00e9ger au Conseil conform\u00e9ment au r\u00e8glement administratif.<\/em><\/p>\n\n\n\n<p><\/p>\n","protected":false},"excerpt":{"rendered":"<p>Le Dr Asmis est oncologue m\u00e9dical au Centre de canc\u00e9rologie de L\u2019H\u00f4pital d\u2019Ottawa, professeur agr\u00e9g\u00e9 et directeur du programme de sursp\u00e9cialisation en oncologie m\u00e9dicale au D\u00e9partement de m\u00e9decine de l\u2019Universit\u00e9 d\u2019Ottawa. C\u2019est \u00e0 l\u2019Universit\u00e9 d\u2019Ottawa que le Dr Asmis a obtenu son dipl\u00f4me en m\u00e9decine, puis a effectu\u00e9 sa formation postdoctorale en m\u00e9decine interne et [&hellip;]<\/p>\n","protected":false},"author":25,"featured_media":0,"parent":4561,"menu_order":0,"comment_status":"closed","ping_status":"closed","template":"","meta":{"_acf_changed":false,"_mc_calendar":[],"footnotes":""},"class_list":["post-72590","page","type-page","status-publish","hentry"],"acf":[],"wps_subtitle":"","_links":{"self":[{"href":"https:\/\/www.ottawahospital.on.ca\/fr\/wp-json\/wp\/v2\/pages\/72590","targetHints":{"allow":["GET"]}}],"collection":[{"href":"https:\/\/www.ottawahospital.on.ca\/fr\/wp-json\/wp\/v2\/pages"}],"about":[{"href":"https:\/\/www.ottawahospital.on.ca\/fr\/wp-json\/wp\/v2\/types\/page"}],"author":[{"embeddable":true,"href":"https:\/\/www.ottawahospital.on.ca\/fr\/wp-json\/wp\/v2\/users\/25"}],"replies":[{"embeddable":true,"href":"https:\/\/www.ottawahospital.on.ca\/fr\/wp-json\/wp\/v2\/comments?post=72590"}],"version-history":[{"count":0,"href":"https:\/\/www.ottawahospital.on.ca\/fr\/wp-json\/wp\/v2\/pages\/72590\/revisions"}],"up":[{"embeddable":true,"href":"https:\/\/www.ottawahospital.on.ca\/fr\/wp-json\/wp\/v2\/pages\/4561"}],"wp:attachment":[{"href":"https:\/\/www.ottawahospital.on.ca\/fr\/wp-json\/wp\/v2\/media?parent=72590"}],"curies":[{"name":"wp","href":"https:\/\/api.w.org\/{rel}","templated":true}]}}