{"id":7250,"date":"2016-11-15T11:28:42","date_gmt":"2016-11-15T16:28:42","guid":{"rendered":"http:\/\/52.229.122.34\/fr\/?page_id=7250"},"modified":"2020-02-21T11:17:33","modified_gmt":"2020-02-21T16:17:33","slug":"comites","status":"publish","type":"page","link":"https:\/\/www.ottawahospital.on.ca\/fr\/notre-modele-de-soins\/notre-equipe-de-professionnels-de-la-sante\/soins-infirmiers\/pratique-professionnelle-en-soins-infirmiers\/comites\/","title":{"rendered":"Comit\u00e9s"},"content":{"rendered":"<p>La recherche men\u00e9e sur les h\u00f4pitaux reconnus par le Magnet Recognition Program souligne le lien entre l\u2019existence d\u2019un solide mod\u00e8le de pratique professionnelle et la qualit\u00e9 exceptionnelle des soins, un milieu ax\u00e9 sur les pratiques exemplaires de soins infirmiers et des strat\u00e9gies d\u2019embauche et de maintien en poste du personnel infirmier. Le Service de la pratique professionnelle en soins infirmiers se f\u00e9licite d\u2019avoir mis en place un cadre de pratique professionnelle durable, des conseils d\u2019unit\u00e9 en soins infirmiers, le Comit\u00e9 sur la pratique clinique en soins infirmiers et le Comit\u00e9 de la pratique professionnelle en soins infirmiers.<\/p>\n<h2>Conseils d\u2019unit\u00e9 en soins infirmiers<\/h2>\n<p>Un conseil d\u2019unit\u00e9 en soins infirmiers est un forum qui permet aux infirmi\u00e8res (infirmi\u00e8res autoris\u00e9es et infirmi\u00e8res auxiliaires autoris\u00e9es) de participer aux discussions, aux recommandations et \u00e0 la prise de d\u00e9cisions sur des questions cliniques concernant leur unit\u00e9. \u00a0On y aborde notamment les soins aux patients, la pratique des soins infirmiers et la pratique professionnelle. Pr\u00e9sid\u00e9 par une infirmi\u00e8re clinicienne, chaque conseil suit un ordre du jour \u00e9tabli et produit un proc\u00e8s-verbal, en plus de tenir le Comit\u00e9 sur la pratique clinique en soins infirmiers au courant de ses activit\u00e9s selon des \u00e9ch\u00e9ances fixes. Le conseil d\u2019unit\u00e9 est un catalyseur du Mod\u00e8le de pratique infirmi\u00e8re clinique de L\u2019H\u00f4pital d\u2019Ottawa.<\/p>\n<h2>Comit\u00e9 sur la pratique clinique en soins infirmiers<\/h2>\n<p>Le Comit\u00e9 sert de forum aux infirmi\u00e8res cliniciennes repr\u00e9sentant de 60 \u00e0 70 unit\u00e9s et prenant part \u00e0 des discussions, des recommandations et la prise de d\u00e9cisions se r\u00e9percutant sur certains dossiers de pratique infirmi\u00e8re et de soins. En septembre chaque ann\u00e9e, les th\u00e8mes \u00e0 aborder sont choisis pendant un remue-m\u00e9ninge avec tous les membres, qui se r\u00e9unissent une fois par mois pour mener des projets importants en soins infirmiers. Chaque membre est tenu de fournir des renseignements et des mises \u00e0 jour \u00e0 son conseil d\u2019unit\u00e9 et sert ainsi de lien direct avec le cadre de pratique infirmi\u00e8re professionnelle de l\u2019H\u00f4pital.<br \/>\n<!--\n\n\n<h2>Comit\u00e9 de la pratique professionnelle en soins infirmiers<\/h2>\n\n\nCe comit\u00e9 vise \u00e0 concr\u00e9tiser la vision de L\u2019H\u00f4pital d\u2019Ottawa et du Service de la pratique professionnelle en soins infirmiers en coordonnant des activit\u00e9s et en orientant des groupes de travail, des groupes de r\u00e9flexion et des comit\u00e9s en soins infirmiers.--><\/p>\n<p>Pour de plus amples renseignements, veuillez composer le 613-798-5555 poste 14976.<\/p>\n","protected":false},"excerpt":{"rendered":"<p>La recherche men\u00e9e sur les h\u00f4pitaux reconnus par le Magnet Recognition Program souligne le lien entre l\u2019existence d\u2019un solide mod\u00e8le de pratique professionnelle et la qualit\u00e9 exceptionnelle des soins, un milieu ax\u00e9 sur les pratiques exemplaires de soins infirmiers et des strat\u00e9gies d\u2019embauche et de maintien en poste du personnel infirmier. Le Service de la [&hellip;]<\/p>\n","protected":false},"author":25,"featured_media":0,"parent":7218,"menu_order":2,"comment_status":"closed","ping_status":"closed","template":"","meta":{"_acf_changed":false,"_mc_calendar":[],"footnotes":""},"class_list":["post-7250","page","type-page","status-publish","hentry"],"acf":[],"wps_subtitle":"","_links":{"self":[{"href":"https:\/\/www.ottawahospital.on.ca\/fr\/wp-json\/wp\/v2\/pages\/7250","targetHints":{"allow":["GET"]}}],"collection":[{"href":"https:\/\/www.ottawahospital.on.ca\/fr\/wp-json\/wp\/v2\/pages"}],"about":[{"href":"https:\/\/www.ottawahospital.on.ca\/fr\/wp-json\/wp\/v2\/types\/page"}],"author":[{"embeddable":true,"href":"https:\/\/www.ottawahospital.on.ca\/fr\/wp-json\/wp\/v2\/users\/25"}],"replies":[{"embeddable":true,"href":"https:\/\/www.ottawahospital.on.ca\/fr\/wp-json\/wp\/v2\/comments?post=7250"}],"version-history":[{"count":0,"href":"https:\/\/www.ottawahospital.on.ca\/fr\/wp-json\/wp\/v2\/pages\/7250\/revisions"}],"up":[{"embeddable":true,"href":"https:\/\/www.ottawahospital.on.ca\/fr\/wp-json\/wp\/v2\/pages\/7218"}],"wp:attachment":[{"href":"https:\/\/www.ottawahospital.on.ca\/fr\/wp-json\/wp\/v2\/media?parent=7250"}],"curies":[{"name":"wp","href":"https:\/\/api.w.org\/{rel}","templated":true}]}}