{"id":7218,"date":"2016-11-15T11:14:46","date_gmt":"2016-11-15T16:14:46","guid":{"rendered":"http:\/\/52.229.122.34\/fr\/?page_id=7218"},"modified":"2021-03-10T12:34:05","modified_gmt":"2021-03-10T17:34:05","slug":"pratique-professionnelle-en-soins-infirmiers","status":"publish","type":"page","link":"https:\/\/www.ottawahospital.on.ca\/fr\/notre-modele-de-soins\/notre-equipe-de-professionnels-de-la-sante\/soins-infirmiers\/pratique-professionnelle-en-soins-infirmiers\/","title":{"rendered":"Pratique professionnelle en soins infirmiers"},"content":{"rendered":"<h2>Bienvenue \u00e0 notre milieu bilingue de pratique professionnelle<\/h2>\n<p>Le Service de la pratique infirmi\u00e8re professionnelle, fort dynamique, est compos\u00e9 de dirigeants cr\u00e9ateurs et cr\u00e9dibles qui travaillent avec des infirmi\u00e8res et infirmiers et d&rsquo;autres partenaires dans un environnement complexe en constante \u00e9volution. Nous pr\u00e9conisons l&rsquo;apprentissage continu, l&rsquo;autonomie, la responsabilisation et le leadership des infirmi\u00e8res et infirmiers dans un contexte qui respecte la collaboration, la prise de risques et l&rsquo;\u00e9panouissement professionnel.<\/p>\n<p>La formation en soins <a href=\"\/fr\/notre-modele-de-soins\/notre-equipe-de-professionnels-de-la-sante\/soins-infirmiers\/formation\/\">infirmier<\/a>&nbsp;et la <a href=\"\/fr\/notre-modele-de-soins\/notre-equipe-de-professionnels-de-la-sante\/soins-infirmiers\/recherche\/\">recherche en soins infirmiers<\/a> encouragent et soutiennent l&rsquo;int\u00e9gration de nouvelles connaissances et d&rsquo;activit\u00e9s scientifiques \u00e0 une pratique fond\u00e9e sur l&rsquo;exp\u00e9rience clinique. La recherche en soins infirmiers est mise en valeur et appuy\u00e9e sur tous les campus.<\/p>\n<p>L&rsquo;H\u00f4pital d&rsquo;Ottawa compte le plus important regroupement de personnel infirmier professionnel en Ontario. Nous sommes guid\u00e9s par nos valeurs et notre vision des soins infirmiers, qui appuient \u00e0 leur tour la <a href=\"\/fr\/about-us\/notre-vision\/\">vision de L&rsquo;H\u00f4pital<\/a>. Nous nous sommes engag\u00e9s \u00e0 prodiguer des soins ax\u00e9s sur le patient et sa famille, et ce, par l&rsquo;excellence en soins infirmiers.<\/p>\n<p>La Pratique infirmi\u00e8re clinique supervise le champ d&rsquo;exercice de 4&nbsp;500 infirmi\u00e8res et infirmiers de L\u2019H\u00f4pital d\u2019Ottawa, par des consultations sur la pratique, l\u2019\u00e9laboration et la r\u00e9vision de politiques sur les soins infirmiers, les directives m\u00e9dicales et la d\u00e9l\u00e9gation d\u2019actes autoris\u00e9s. De plus, nous formons des gestionnaires cliniques responsables et habilit\u00e9s en leur offrant des ateliers et un soutien continu dans les unit\u00e9s cliniques. Les infirmi\u00e8res peuvent influencer directement le changement dans les pratiques de soins gr\u00e2ce \u00e0 une s\u00e9rie de <a href=\"\/fr\/notre-modele-de-soins\/notre-equipe-de-professionnels-de-la-sante\/soins-infirmiers\/pratique-professionnelle-en-soins-infirmiers\/groupes-de-travail\/\">groupes de travail<\/a>, de groupes de r\u00e9flexion et de <a href=\"\/fr\/notre-modele-de-soins\/notre-equipe-de-professionnels-de-la-sante\/soins-infirmiers\/pratique-professionnelle-en-soins-infirmiers\/comites\/\">comit\u00e9s<\/a>.<\/p>\n<p>Nous facilitons et appuyons la mise en \u0153uvre et l\u2019\u00e9valuation d\u2019une pratique infirmi\u00e8re professionnelle fond\u00e9e sur des donn\u00e9es probantes. Nous le faisons en cr\u00e9ant des programmes, en appliquant et en surveillant des indicateurs de soins infirmiers et en dirigeant des initiatives vari\u00e9es&nbsp;: am\u00e9liorations cr\u00e9\u00e9es par l\u2019unit\u00e9, \u00e9tudes de pr\u00e9valence en soins infirmiers et plans cliniques.<\/p>\n<p>N&rsquo;h\u00e9sitez pas \u00e0 communiquer avec nous. Nous faisons partie d&rsquo;un grand r\u00e9seau de professionnels et nous reconnaissons les avantages des liens r\u00e9gionaux, provinciaux, nationaux et internationaux.<\/p>\n<p>Pour plus de renseignements au sujet des soins infirmiers \u00e0 L\u2019H\u00f4pital d\u2019Ottawa, veuillez composer le num\u00e9ro 613-798-5555 poste 14976.<\/p>\n","protected":false},"excerpt":{"rendered":"<p>Bienvenue \u00e0 notre milieu bilingue de pratique professionnelle Le Service de la pratique infirmi\u00e8re professionnelle, fort dynamique, est compos\u00e9 de dirigeants cr\u00e9ateurs et cr\u00e9dibles qui travaillent avec des infirmi\u00e8res et infirmiers et d&rsquo;autres partenaires dans un environnement complexe en constante \u00e9volution. Nous pr\u00e9conisons l&rsquo;apprentissage continu, l&rsquo;autonomie, la responsabilisation et le leadership des infirmi\u00e8res et infirmiers [&hellip;]<\/p>\n","protected":false},"author":25,"featured_media":0,"parent":7212,"menu_order":1,"comment_status":"closed","ping_status":"closed","template":"","meta":{"_acf_changed":false,"_mc_calendar":[],"footnotes":""},"class_list":["post-7218","page","type-page","status-publish","hentry"],"acf":[],"wps_subtitle":"","_links":{"self":[{"href":"https:\/\/www.ottawahospital.on.ca\/fr\/wp-json\/wp\/v2\/pages\/7218","targetHints":{"allow":["GET"]}}],"collection":[{"href":"https:\/\/www.ottawahospital.on.ca\/fr\/wp-json\/wp\/v2\/pages"}],"about":[{"href":"https:\/\/www.ottawahospital.on.ca\/fr\/wp-json\/wp\/v2\/types\/page"}],"author":[{"embeddable":true,"href":"https:\/\/www.ottawahospital.on.ca\/fr\/wp-json\/wp\/v2\/users\/25"}],"replies":[{"embeddable":true,"href":"https:\/\/www.ottawahospital.on.ca\/fr\/wp-json\/wp\/v2\/comments?post=7218"}],"version-history":[{"count":0,"href":"https:\/\/www.ottawahospital.on.ca\/fr\/wp-json\/wp\/v2\/pages\/7218\/revisions"}],"up":[{"embeddable":true,"href":"https:\/\/www.ottawahospital.on.ca\/fr\/wp-json\/wp\/v2\/pages\/7212"}],"wp:attachment":[{"href":"https:\/\/www.ottawahospital.on.ca\/fr\/wp-json\/wp\/v2\/media?parent=7218"}],"curies":[{"name":"wp","href":"https:\/\/api.w.org\/{rel}","templated":true}]}}