{"id":7212,"date":"2016-11-15T11:07:49","date_gmt":"2016-11-15T16:07:49","guid":{"rendered":"http:\/\/52.229.122.34\/fr\/?page_id=7212"},"modified":"2017-05-15T11:41:51","modified_gmt":"2017-05-15T15:41:51","slug":"soins-infirmiers","status":"publish","type":"page","link":"https:\/\/www.ottawahospital.on.ca\/fr\/notre-modele-de-soins\/notre-equipe-de-professionnels-de-la-sante\/soins-infirmiers\/","title":{"rendered":"Soins infirmiers"},"content":{"rendered":"<p>L&rsquo;H\u00f4pital d&rsquo;Ottawa est charg\u00e9 d&rsquo;espoir pour ses patients et leur famille, son personnel, ses m\u00e9decins, ses b\u00e9n\u00e9voles et ses futurs employ\u00e9s. Formant l\u2019un des plus grands h\u00f4pitaux de soins de courte dur\u00e9e et le plus important centre d&rsquo;enseignement des sciences de la sant\u00e9 au Canada, nous sommes extr\u00eamement fiers des progr\u00e8s r\u00e9alis\u00e9s depuis notre fusion le 1<sup>er<\/sup> avril 1998.<\/p>\n<p>Tous les efforts d\u00e9ploy\u00e9s par notre personnel sont ax\u00e9s sur les patients et leur famille. Notre engagement envers la formation et la recherche (composantes fondamentales nous permettant de prodiguer des soins de qualit\u00e9) porte ses fruits dans tous les secteurs de l&rsquo;H\u00f4pital.<\/p>\n<p>La grande famille de L&rsquo;H\u00f4pital d&rsquo;Ottawa a d\u00fb relever d\u2019importants d\u00e9fis au cours des derni\u00e8res ann\u00e9es. Malgr\u00e9 cette r\u00e9alit\u00e9, nous visons \u00e0 renforcer notre engagement \u00e0 la formation et \u00e0 la recherche et, par le fait m\u00eame, \u00e0 am\u00e9liorer la qualit\u00e9 des soins.<\/p>\n<p>Repr\u00e9sentant le plus grand corps professionnel en soins infirmiers de l\u2019Ontario, gr\u00e2ce \u00e0 nos comp\u00e9tences et \u00e0 notre enthousiasme, nous participons activement \u00e0 la planification et \u00e0 la mise en \u0153uvre de nombreuses initiatives. Nous concentrons une grande part de nos efforts sur l&rsquo;am\u00e9lioration du milieu de travail afin de favoriser le maintien de l&rsquo;effectif et l\u2019application d\u2019un plan de recrutement bien structur\u00e9.<\/p>\n<p>En explorant ce site Web, vous aurez un avant-go\u00fbt de notre \u00e9tablissement. \u00c0 L&rsquo;H\u00f4pital d&rsquo;Ottawa, nous pr\u00e9conisons des soins de qualit\u00e9 dans les deux langues officielles, nous sommes engag\u00e9s \u00e0 fa\u00e7onner l&rsquo;avenir, et estimons que toutes les d\u00e9cisions doivent s&rsquo;appuyer sur l&rsquo;am\u00e9lioration continue des soins offerts aux r\u00e9sidants d&rsquo;Ottawa ainsi qu\u2019aux patients qui nous sont recommand\u00e9s de l&rsquo;ext\u00e9rieur de notre r\u00e9gion. En plus de prodiguer des soins d\u2019excellente qualit\u00e9 \u00e0 nos patients et \u00e0 leur famille, notre \u00e9quipe de soins poss\u00e8de les connaissances, l&rsquo;expertise et la motivation n\u00e9cessaires pour influencer les soins de sant\u00e9 \u00e0 l&rsquo;\u00e9chelle nationale et sur le plan international.<\/p>\n<p>Bienvenue \u00e0 notre organisme de soins de sant\u00e9 de premi\u00e8re qualit\u00e9!<\/p>\n","protected":false},"excerpt":{"rendered":"<p>L&rsquo;H\u00f4pital d&rsquo;Ottawa est charg\u00e9 d&rsquo;espoir pour ses patients et leur famille, son personnel, ses m\u00e9decins, ses b\u00e9n\u00e9voles et ses futurs employ\u00e9s. Formant l\u2019un des plus grands h\u00f4pitaux de soins de courte dur\u00e9e et le plus important centre d&rsquo;enseignement des sciences de la sant\u00e9 au Canada, nous sommes extr\u00eamement fiers des progr\u00e8s r\u00e9alis\u00e9s depuis notre fusion [&hellip;]<\/p>\n","protected":false},"author":25,"featured_media":0,"parent":7014,"menu_order":7,"comment_status":"closed","ping_status":"closed","template":"","meta":{"_acf_changed":false,"_mc_calendar":[],"footnotes":""},"class_list":["post-7212","page","type-page","status-publish","hentry"],"acf":[],"wps_subtitle":"","_links":{"self":[{"href":"https:\/\/www.ottawahospital.on.ca\/fr\/wp-json\/wp\/v2\/pages\/7212","targetHints":{"allow":["GET"]}}],"collection":[{"href":"https:\/\/www.ottawahospital.on.ca\/fr\/wp-json\/wp\/v2\/pages"}],"about":[{"href":"https:\/\/www.ottawahospital.on.ca\/fr\/wp-json\/wp\/v2\/types\/page"}],"author":[{"embeddable":true,"href":"https:\/\/www.ottawahospital.on.ca\/fr\/wp-json\/wp\/v2\/users\/25"}],"replies":[{"embeddable":true,"href":"https:\/\/www.ottawahospital.on.ca\/fr\/wp-json\/wp\/v2\/comments?post=7212"}],"version-history":[{"count":0,"href":"https:\/\/www.ottawahospital.on.ca\/fr\/wp-json\/wp\/v2\/pages\/7212\/revisions"}],"up":[{"embeddable":true,"href":"https:\/\/www.ottawahospital.on.ca\/fr\/wp-json\/wp\/v2\/pages\/7014"}],"wp:attachment":[{"href":"https:\/\/www.ottawahospital.on.ca\/fr\/wp-json\/wp\/v2\/media?parent=7212"}],"curies":[{"name":"wp","href":"https:\/\/api.w.org\/{rel}","templated":true}]}}