{"id":7208,"date":"2016-11-15T11:03:51","date_gmt":"2016-11-15T16:03:51","guid":{"rendered":"http:\/\/52.229.122.34\/fr\/?page_id=7208"},"modified":"2016-11-15T11:03:51","modified_gmt":"2016-11-15T16:03:51","slug":"programmes-detudes","status":"publish","type":"page","link":"https:\/\/www.ottawahospital.on.ca\/fr\/notre-modele-de-soins\/notre-equipe-de-professionnels-de-la-sante\/technologues-en-radiation-medicale-trm\/programmes-detudes\/","title":{"rendered":"Programmes d&rsquo;\u00e9tudes"},"content":{"rendered":"<p>Vous trouverez ci-dessous une liste des programmes de formation propres \u00e0 chacune des quatre disciplines de la technologie en radiation m\u00e9dicale. Au Canada, ces programmes peuvent mener \u00e0 l\u2019obtention d\u2019un dipl\u00f4me universitaire ou coll\u00e9gial. Certains \u00e9tablissement offrent m\u00eame les deux types de dipl\u00f4me. Le type de programme offert par chacun des \u00e9tablissements est pr\u00e9cis\u00e9.<\/p>\n<div>\n<ul>\n<li><a href=\"https:\/\/www.camrt.ca\/fr\/resonance-magnetique\/\" target=\"_blank\">R\u00e9sonance magn\u00e9tique<\/a> (comme 1<sup>re<\/sup> ou 2<sup>e<\/sup> discipline)<\/li>\n<li><a href=\"https:\/\/www.camrt.ca\/fr\/medecine-nucleaire\/\" target=\"_blank\">M\u00e9decine nucl\u00e9aire<\/a><\/li>\n<li><a href=\"https:\/\/www.camrt.ca\/fr\/technologie-de-radiologie\/\" target=\"_blank\">Technique de radiologie<\/a><\/li>\n<li><a href=\"https:\/\/www.camrt.ca\/fr\/radio-oncologie\/\" target=\"_blank\">Radio-oncologie<\/a><\/li>\n<\/ul>\n<\/div>\n<p>Les renseignements ci-dessus proviennent de l\u2019Association canadienne des technologies en radiation m\u00e9dicale, qui en approuve la diffusion.<\/p>\n<p>Pour en savoir plus, consultez le site\u00a0Web : <a href=\"https:\/\/www.camrt.ca\/fr\/profession-de-trm\/\" target=\"_blank\">https:\/\/www.camrt.ca\/fr\/profession-de-trm\/<\/a><\/p>\n","protected":false},"excerpt":{"rendered":"<p>Vous trouverez ci-dessous une liste des programmes de formation propres \u00e0 chacune des quatre disciplines de la technologie en radiation m\u00e9dicale. Au Canada, ces programmes peuvent mener \u00e0 l\u2019obtention d\u2019un dipl\u00f4me universitaire ou coll\u00e9gial. Certains \u00e9tablissement offrent m\u00eame les deux types de dipl\u00f4me. Le type de programme offert par chacun des \u00e9tablissements est pr\u00e9cis\u00e9. R\u00e9sonance [&hellip;]<\/p>\n","protected":false},"author":25,"featured_media":0,"parent":7188,"menu_order":5,"comment_status":"closed","ping_status":"closed","template":"","meta":{"_acf_changed":false,"_mc_calendar":[],"footnotes":""},"class_list":["post-7208","page","type-page","status-publish","hentry"],"acf":[],"wps_subtitle":"","_links":{"self":[{"href":"https:\/\/www.ottawahospital.on.ca\/fr\/wp-json\/wp\/v2\/pages\/7208","targetHints":{"allow":["GET"]}}],"collection":[{"href":"https:\/\/www.ottawahospital.on.ca\/fr\/wp-json\/wp\/v2\/pages"}],"about":[{"href":"https:\/\/www.ottawahospital.on.ca\/fr\/wp-json\/wp\/v2\/types\/page"}],"author":[{"embeddable":true,"href":"https:\/\/www.ottawahospital.on.ca\/fr\/wp-json\/wp\/v2\/users\/25"}],"replies":[{"embeddable":true,"href":"https:\/\/www.ottawahospital.on.ca\/fr\/wp-json\/wp\/v2\/comments?post=7208"}],"version-history":[{"count":0,"href":"https:\/\/www.ottawahospital.on.ca\/fr\/wp-json\/wp\/v2\/pages\/7208\/revisions"}],"up":[{"embeddable":true,"href":"https:\/\/www.ottawahospital.on.ca\/fr\/wp-json\/wp\/v2\/pages\/7188"}],"wp:attachment":[{"href":"https:\/\/www.ottawahospital.on.ca\/fr\/wp-json\/wp\/v2\/media?parent=7208"}],"curies":[{"name":"wp","href":"https:\/\/api.w.org\/{rel}","templated":true}]}}