{"id":7204,"date":"2016-11-15T11:02:35","date_gmt":"2016-11-15T16:02:35","guid":{"rendered":"http:\/\/52.229.122.34\/fr\/?page_id=7204"},"modified":"2016-11-15T11:02:35","modified_gmt":"2016-11-15T16:02:35","slug":"technologue-en-radiologie","status":"publish","type":"page","link":"https:\/\/www.ottawahospital.on.ca\/fr\/notre-modele-de-soins\/notre-equipe-de-professionnels-de-la-sante\/technologues-en-radiation-medicale-trm\/technologue-en-radiologie\/","title":{"rendered":"Technologue en radiologie"},"content":{"rendered":"<p>Les technologues en radiologie (c\u2019est-\u00e0-dire en rayons X) repr\u00e9sentent environ 80 % des 10 000 membres de l&rsquo;Association canadienne des technologues en radiation m\u00e9dicale (ACTRM). La radiologie est une profession qui renferme une vaste gamme de m\u00e9thodologies et plusieurs sous-sp\u00e9cialisations, notamment :<\/p>\n<ul>\n<li>la radiographie sans produit de contraste (p. ex. \u00a0poitrine, os, articulations, colonne vert\u00e9brale et syst\u00e8me digestif)<\/li>\n<li>la mammographie pour d\u00e9celer le cancer du sein \u00e0 un stade pr\u00e9coce<\/li>\n<li>l&rsquo;angiographie pour examiner le cour, les vaisseaux sanguins et le d\u00e9bit sanguin<\/li>\n<li>la fluoroscopie (images en temps r\u00e9el qui d\u00e9montrent le mouvement)<\/li>\n<li>la tomodensitom\u00e9trie (un tomodensitogramme est une image d\u00e9taill\u00e9e du corps en coupe transversale).<\/li>\n<\/ul>\n<p>Suivant l\u2019ordonnance d&rsquo;un m\u00e9decin, le technologue en radiologie produit des images d&rsquo;une partie ou d&rsquo;un syst\u00e8me du corps \u00e0 l&rsquo;aide d\u2019un appareil qui \u00e9met des rayons X. Le radiologue, qui est un m\u00e9decin sp\u00e9cialis\u00e9 dans l\u2019interpr\u00e9tation des radiographies, \u00e9tudie les images et formule des recommandations qui permettront au m\u00e9decin traitant de poser un diagnostic et de planifier un traitement appropri\u00e9 pour le patient.<\/p>\n<p>Dans le cadre de ses responsabilit\u00e9s professionnelles, le technologue en radiologie :<\/p>\n<ul>\n<li>explique les \u00e9tapes de l\u2019intervention au patient<\/li>\n<li>r\u00e9pond aux questions du patient dans la mesure du possible<\/li>\n<li>participe \u00e0 l&rsquo;\u00e9ducation du patient<\/li>\n<li>r\u00e9conforte le patient et lui offre un soutien \u00e9motif<\/li>\n<li>positionne correctement le patient et l&rsquo;\u00e9quipement<\/li>\n<li>prot\u00e8ge des rayonnements les patients, le personnel et les visiteurs<\/li>\n<li>surveille le patient pendant l\u2019intervention<\/li>\n<li>aide le radiologue dans le cadre d\u2019une angiographie et d\u2019autres interventions<\/li>\n<li>fait fonctionner divers appareils de pointe.<\/li>\n<\/ul>\n<p>La majorit\u00e9 des interventions radiologiques n&rsquo;entra\u00eenent qu&rsquo;une exposition de courte dur\u00e9e \u00e0 de faibles rayonnements. Des bavettes ou des tabliers de protection recouvrent le patient pour r\u00e9duire au minimum son exposition aux rayonnements. Pour s\u2019en prot\u00e9ger, le technologue en radiologie porte des v\u00eatements protecteurs ou se place derri\u00e8re un \u00e9cran de radioprotection.<\/p>\n<p>Le technologue en radiologie est responsable d\u2019assurer la qualit\u00e9 des images radiologiques, qui doivent illustrer avec exactitude des structures ou syst\u00e8mes du corps, sur film ou \u00e0 l\u2019\u00e9cran.<\/p>\n<p>Certaines interventions exigent l&rsquo;administration de baryum ou d&rsquo;une substance de contraste afin de mettre en \u00e9vidence certains organes et structures qui ne seraient autrement pas visibles.<\/p>\n<p>Les renseignements ci-dessus proviennent de l\u2019Association canadienne des technologies en radiation m\u00e9dicale, qui en approuve la diffusion.<\/p>\n<p>Pour en savoir plus, consultez le site\u00a0Web : <a href=\"https:\/\/www.camrt.ca\/fr\/profession-de-trm\/\" target=\"_blank\">https:\/\/www.camrt.ca\/fr\/profession-de-trm\/<\/a><\/p>\n","protected":false},"excerpt":{"rendered":"<p>Les technologues en radiologie (c\u2019est-\u00e0-dire en rayons X) repr\u00e9sentent environ 80 % des 10 000 membres de l&rsquo;Association canadienne des technologues en radiation m\u00e9dicale (ACTRM). La radiologie est une profession qui renferme une vaste gamme de m\u00e9thodologies et plusieurs sous-sp\u00e9cialisations, notamment : la radiographie sans produit de contraste (p. ex. \u00a0poitrine, os, articulations, colonne vert\u00e9brale [&hellip;]<\/p>\n","protected":false},"author":25,"featured_media":0,"parent":7188,"menu_order":4,"comment_status":"closed","ping_status":"closed","template":"","meta":{"_acf_changed":false,"_mc_calendar":[],"footnotes":""},"class_list":["post-7204","page","type-page","status-publish","hentry"],"acf":[],"wps_subtitle":"","_links":{"self":[{"href":"https:\/\/www.ottawahospital.on.ca\/fr\/wp-json\/wp\/v2\/pages\/7204","targetHints":{"allow":["GET"]}}],"collection":[{"href":"https:\/\/www.ottawahospital.on.ca\/fr\/wp-json\/wp\/v2\/pages"}],"about":[{"href":"https:\/\/www.ottawahospital.on.ca\/fr\/wp-json\/wp\/v2\/types\/page"}],"author":[{"embeddable":true,"href":"https:\/\/www.ottawahospital.on.ca\/fr\/wp-json\/wp\/v2\/users\/25"}],"replies":[{"embeddable":true,"href":"https:\/\/www.ottawahospital.on.ca\/fr\/wp-json\/wp\/v2\/comments?post=7204"}],"version-history":[{"count":0,"href":"https:\/\/www.ottawahospital.on.ca\/fr\/wp-json\/wp\/v2\/pages\/7204\/revisions"}],"up":[{"embeddable":true,"href":"https:\/\/www.ottawahospital.on.ca\/fr\/wp-json\/wp\/v2\/pages\/7188"}],"wp:attachment":[{"href":"https:\/\/www.ottawahospital.on.ca\/fr\/wp-json\/wp\/v2\/media?parent=7204"}],"curies":[{"name":"wp","href":"https:\/\/api.w.org\/{rel}","templated":true}]}}