{"id":71986,"date":"2022-04-29T09:34:08","date_gmt":"2022-04-29T13:34:08","guid":{"rendered":"https:\/\/www.ottawahospital.on.ca\/?page_id=71986"},"modified":"2022-06-17T14:25:46","modified_gmt":"2022-06-17T18:25:46","slug":"information-sur-la-covid-19-pour-les-greffes-du-rein","status":"publish","type":"page","link":"https:\/\/www.ottawahospital.on.ca\/fr\/services-cliniques\/deptpgrmcs\/departements\/nephrologie\/cliniques-et-programmes\/programme-de-la-transplantation-renal\/information-sur-la-covid-19-pour-les-greffes-du-rein\/","title":{"rendered":"Information sur la COVID-19 pour les greff\u00e9s du rein"},"content":{"rendered":"\n<p>Nous sommes conscients que vous pourriez avoir des questions au sujet des options th\u00e9rapeutiques qui s\u2019offrent \u00e0 vous si vous deviez \u00eatre atteint de la COVID-19. C\u2019est la raison pour laquelle nous avons regroup\u00e9 des renseignements importants destin\u00e9s tout particuli\u00e8rement aux patients greff\u00e9s du rein pour assurer votre s\u00e9curit\u00e9 et vous prot\u00e9ger contre la COVID-19.<\/p>\n\n\n\n<p>N\u2019oubliez pas que la vaccination reste votre meilleure protection contre les formes grave de la COVID-19. Les patients greff\u00e9s du rein sont admissibles \u00e0 une 4<sup>e<\/sup>&nbsp;dose de vaccin et \u00e0 une 5<sup>e<\/sup>&nbsp;dose s\u2019ils sont \u00e2g\u00e9s de 60&nbsp;ans et plus. Lisez la suite pour conna\u00eetre les intervalles recommand\u00e9s entre les doses. Nous vous conseillons fortement de recevoir votre 4<sup>e<\/sup>&nbsp;dose si ce n\u2019est d\u00e9j\u00e0 fait, ainsi que la 5<sup>e<\/sup>&nbsp;dose si vous y \u00eates admissible.<\/p>\n\n\n\n<p>Intervalles recommand\u00e9s&nbsp;:<\/p>\n\n\n\n<ul class=\"wp-block-list\"><li>4<sup>e<\/sup>&nbsp;dose&nbsp;: Au moins 84&nbsp;jours apr\u00e8s la date de votre 3<sup>e<\/sup>&nbsp;dose<\/li><li>5<sup>e<\/sup>&nbsp;dose&nbsp;: Entre 84 et 140&nbsp;jours apr\u00e8s la date de votre 4<sup>e<\/sup>&nbsp;dose<ul><li>Le minist\u00e8re de la Sant\u00e9 de l\u2019Ontario recommande l\u2019intervalle prolong\u00e9 de 140&nbsp;jours, qui offrirait une meilleure r\u00e9ponse immunitaire, une efficacit\u00e9 sup\u00e9rieure du vaccin et une protection prolong\u00e9e.<\/li><\/ul><\/li><\/ul>\n\n\n\n<p>Pour obtenir plus d\u2019information, veuillez consulter le site Web intitul\u00e9 <a href=\"https:\/\/covid-19.ontario.ca\/fr\/expose\">Que faire si vous avez \u00e9t\u00e9 expos\u00e9 \u00e0 la COVID-19<\/a>, pr\u00e9par\u00e9 par le minist\u00e8re de la Sant\u00e9 de l\u2019Ontario.<strong><u><\/u><\/strong><\/p>\n\n\n\n<h2 class=\"wp-block-heading\">Traitements<\/h2>\n\n\n\n<h3 class=\"wp-block-heading\">Paxlovid<\/h3>\n\n\n\n<p>Le Paxlovid est un m\u00e9dicament qui s\u2019est av\u00e9r\u00e9 efficace pour \u00e9viter l\u2019hospitalisation de personnes \u00e0 risque \u00e9lev\u00e9 admissibles qui sont atteintes de la COVID-19. Voici quelques renseignements importants que vous devriez conna\u00eetre au sujet de l\u2019utilisation s\u00e9curitaire de Paxlovid&nbsp;:<\/p>\n\n\n\n<ul class=\"wp-block-list\"><li>Ce m\u00e9dicament doit \u00eatre pris dans les <strong>5<\/strong> jours suivant l\u2019apparition de vos sympt\u00f4mes.<\/li><li>Comme il a d\u2019importantes interactions m\u00e9dicamenteuses, notamment avec l\u2019Advagraf (Tacrolimus) et la Cyclosporine (Neoral), son administration <strong>doit \u00eatre surveill\u00e9e tr\u00e8s attentivement par l\u2019\u00e9quipe de transplantation.<\/strong><\/li><li>Il faudra changer les m\u00e9dicaments que vous prenez <strong>avant de commencer le Paxlovid.<\/strong><\/li><li>Il faudra aussi surveiller la concentration de m\u00e9dicaments dans votre sang.<\/li><\/ul>\n\n\n\n<p>Si c\u2019est un autre m\u00e9decin qui vous prescrit ce m\u00e9dicament, veuillez appeler imm\u00e9diatement la clinique de transplantation r\u00e9nale, <strong>avant de prendre du Paxlovid<\/strong>. Vous pouvez vous informer davantage sur le Paxlovid en consultant la <a href=\"https:\/\/www.ontariohealth.ca\/sites\/ontariohealth\/files\/2022-04\/Paxlovid-PatientFactSheet-FR.pdf\">brochure destin\u00e9e aux patients pr\u00e9par\u00e9e par le minist\u00e8re de la Sant\u00e9 de l\u2019Ontario<\/a>.<\/p>\n\n\n\n<h3 class=\"wp-block-heading\">Evusheld<\/h3>\n\n\n\n<p>Evusheld est un traitement par anticorps destin\u00e9 \u00e0 pr\u00e9venir une infection \u00e0 la COVID-19 chez des patients sains qui sont susceptibles d\u2019\u00eatre moins prot\u00e9g\u00e9s par la vaccination, parmi lesquels les patients greff\u00e9s.<\/p>\n\n\n\n<p>L\u2019H\u00f4pital d\u2019Ottawa \u00e9labore des plans afin d\u2019offrir aux patients admissibles ce m\u00e9dicament d\u00e8s qu\u2019il sera disponible. Le Programme de transplantation fournira de l\u2019information mise \u00e0 jour le moment venu.<\/p>\n\n\n\n<h3 class=\"wp-block-heading\">MyChart<\/h3>\n\n\n\n<p>Le Programme de transplantation fournit des renseignements mis \u00e0 jour par le biais des communications affich\u00e9es dans MyChart. Si vous n\u2019\u00eates pas encore inscrit \u00e0 MyChart, veuillez contacter le Programme de transplantation pour ce faire.<\/p>\n\n\n\n<h3 class=\"wp-block-heading\">Contact<\/h3>\n\n\n\n<p>Programme de transplantation r\u00e9nale<br>L\u2019H\u00f4pital d\u2019Ottawa<br>613-738-8400, poste&nbsp;82742<\/p>\n","protected":false},"excerpt":{"rendered":"<p>Nous sommes conscients que vous pourriez avoir des questions au sujet des options th\u00e9rapeutiques qui s\u2019offrent \u00e0 vous si vous deviez \u00eatre atteint de la COVID-19. C\u2019est la raison pour laquelle nous avons regroup\u00e9 des renseignements importants destin\u00e9s tout particuli\u00e8rement aux patients greff\u00e9s du rein pour assurer votre s\u00e9curit\u00e9 et vous prot\u00e9ger contre la COVID-19. [&hellip;]<\/p>\n","protected":false},"author":25,"featured_media":0,"parent":29965,"menu_order":0,"comment_status":"closed","ping_status":"closed","template":"","meta":{"_acf_changed":false,"_mc_calendar":[],"footnotes":""},"class_list":["post-71986","page","type-page","status-publish","hentry"],"acf":[],"wps_subtitle":"","_links":{"self":[{"href":"https:\/\/www.ottawahospital.on.ca\/fr\/wp-json\/wp\/v2\/pages\/71986","targetHints":{"allow":["GET"]}}],"collection":[{"href":"https:\/\/www.ottawahospital.on.ca\/fr\/wp-json\/wp\/v2\/pages"}],"about":[{"href":"https:\/\/www.ottawahospital.on.ca\/fr\/wp-json\/wp\/v2\/types\/page"}],"author":[{"embeddable":true,"href":"https:\/\/www.ottawahospital.on.ca\/fr\/wp-json\/wp\/v2\/users\/25"}],"replies":[{"embeddable":true,"href":"https:\/\/www.ottawahospital.on.ca\/fr\/wp-json\/wp\/v2\/comments?post=71986"}],"version-history":[{"count":0,"href":"https:\/\/www.ottawahospital.on.ca\/fr\/wp-json\/wp\/v2\/pages\/71986\/revisions"}],"up":[{"embeddable":true,"href":"https:\/\/www.ottawahospital.on.ca\/fr\/wp-json\/wp\/v2\/pages\/29965"}],"wp:attachment":[{"href":"https:\/\/www.ottawahospital.on.ca\/fr\/wp-json\/wp\/v2\/media?parent=71986"}],"curies":[{"name":"wp","href":"https:\/\/api.w.org\/{rel}","templated":true}]}}