{"id":7196,"date":"2016-11-15T10:59:55","date_gmt":"2016-11-15T15:59:55","guid":{"rendered":"http:\/\/52.229.122.34\/fr\/?page_id=7196"},"modified":"2016-11-15T10:59:55","modified_gmt":"2016-11-15T15:59:55","slug":"technologue-en-medecine-nucleaire","status":"publish","type":"page","link":"https:\/\/www.ottawahospital.on.ca\/fr\/notre-modele-de-soins\/notre-equipe-de-professionnels-de-la-sante\/technologues-en-radiation-medicale-trm\/technologue-en-medecine-nucleaire\/","title":{"rendered":"Technologue en m\u00e9decine nucl\u00e9aire"},"content":{"rendered":"<p>Les technologues en m\u00e9decine nucl\u00e9aire produisent des images diagnostiques et r\u00e9alisent certaines interventions de traitement dans des h\u00f4pitaux et des cliniques m\u00e9dicales priv\u00e9es. Les images cr\u00e9\u00e9es permettent aux m\u00e9decins de pr\u00e9ciser la nature d&rsquo;une maladie et son effet sur le corps, ou alors de surveiller la r\u00e9action du corps \u00e0 un traitement.<\/p>\n<p>La m\u00e9decine nucl\u00e9aire sert principalement \u00e0 :<\/p>\n<ul>\n<li>\u00e9valuer une coronaropathie<\/li>\n<li>\u00e9tudier le fonctionnement du cerveau, du cour, des poumons, des reins ou d\u2019autres organes<\/li>\n<li>cerner l&#8217;emplacement d\u2019une tumeur<\/li>\n<li>surveiller l&rsquo;\u00e9volution du cancer et les r\u00e9sultats d\u2019un traitement<\/li>\n<li>diagnostiquer des troubles hormonaux.<\/li>\n<\/ul>\n<p>La m\u00e9decine nucl\u00e9aire a recours \u00e0 des agents radioactifs, appel\u00e9s traceurs, qui se concentrent dans certains organes une fois introduits dans la circulation sanguine du patient. Administr\u00e9 en petites quantit\u00e9s, habituellement par injection, un traceur expose le patient \u00e0 de faibles rayonnements pour une dur\u00e9e de temps limit\u00e9e.<\/p>\n<p>Le rayonnement est d\u00e9tectable par une cam\u00e9ra gamma, qui transmet ces donn\u00e9es \u00e0 un ordinateur. L\u2019ordinateur traite les donn\u00e9es pour produire des images de l&rsquo;organe cibl\u00e9 vu de divers angles, m\u00eame en coupe transversale. Les images sont g\u00e9n\u00e9ralement affich\u00e9es \u00e0 l\u2019\u00e9cran d\u2019un ordinateur, ou encore sous la forme de photographies ou d&rsquo;imprim\u00e9s.<\/p>\n<p>Dans le cadre de ses responsabilit\u00e9s professionnelles, le technologue en m\u00e9decine nucl\u00e9aire :<\/p>\n<ul>\n<li>explique les \u00e9tapes de l\u2019intervention au patient<\/li>\n<li>r\u00e9pond aux questions du patient dans la mesure du possible<\/li>\n<li>participe \u00e0 l&rsquo;\u00e9ducation du patient<\/li>\n<li>pr\u00e9pare le traceur prescrit par le m\u00e9decin du patient<\/li>\n<li>observe les techniques convenables de manipulation et de radioprotection<\/li>\n<li>administre le traceur au patient<\/li>\n<li>positionne le patient<\/li>\n<li>ex\u00e9cute les analyses requises<\/li>\n<li>surveille le patient pendant l\u2019intervention<\/li>\n<li>r\u00e9conforte le patient et lui offre un soutien \u00e9motif<\/li>\n<li>effectue l&rsquo;analyse informatique afin de produire l\u2019imagerie m\u00e9dicale.<\/li>\n<\/ul>\n<p>Les renseignements ci-dessus proviennent de l\u2019Association canadienne des technologies en radiation m\u00e9dicale, qui en approuve la diffusion.<\/p>\n<p>Pour en savoir plus, consultez le site\u00a0Web : <a href=\"https:\/\/www.camrt.ca\/fr\/profession-de-trm\/\" target=\"_blank\">https:\/\/www.camrt.ca\/fr\/profession-de-trm\/<\/a><\/p>\n","protected":false},"excerpt":{"rendered":"<p>Les technologues en m\u00e9decine nucl\u00e9aire produisent des images diagnostiques et r\u00e9alisent certaines interventions de traitement dans des h\u00f4pitaux et des cliniques m\u00e9dicales priv\u00e9es. Les images cr\u00e9\u00e9es permettent aux m\u00e9decins de pr\u00e9ciser la nature d&rsquo;une maladie et son effet sur le corps, ou alors de surveiller la r\u00e9action du corps \u00e0 un traitement. La m\u00e9decine nucl\u00e9aire [&hellip;]<\/p>\n","protected":false},"author":25,"featured_media":0,"parent":7188,"menu_order":2,"comment_status":"closed","ping_status":"closed","template":"","meta":{"_acf_changed":false,"_mc_calendar":[],"footnotes":""},"class_list":["post-7196","page","type-page","status-publish","hentry"],"acf":[],"wps_subtitle":"","_links":{"self":[{"href":"https:\/\/www.ottawahospital.on.ca\/fr\/wp-json\/wp\/v2\/pages\/7196","targetHints":{"allow":["GET"]}}],"collection":[{"href":"https:\/\/www.ottawahospital.on.ca\/fr\/wp-json\/wp\/v2\/pages"}],"about":[{"href":"https:\/\/www.ottawahospital.on.ca\/fr\/wp-json\/wp\/v2\/types\/page"}],"author":[{"embeddable":true,"href":"https:\/\/www.ottawahospital.on.ca\/fr\/wp-json\/wp\/v2\/users\/25"}],"replies":[{"embeddable":true,"href":"https:\/\/www.ottawahospital.on.ca\/fr\/wp-json\/wp\/v2\/comments?post=7196"}],"version-history":[{"count":0,"href":"https:\/\/www.ottawahospital.on.ca\/fr\/wp-json\/wp\/v2\/pages\/7196\/revisions"}],"up":[{"embeddable":true,"href":"https:\/\/www.ottawahospital.on.ca\/fr\/wp-json\/wp\/v2\/pages\/7188"}],"wp:attachment":[{"href":"https:\/\/www.ottawahospital.on.ca\/fr\/wp-json\/wp\/v2\/media?parent=7196"}],"curies":[{"name":"wp","href":"https:\/\/api.w.org\/{rel}","templated":true}]}}