{"id":71953,"date":"2022-04-28T15:34:35","date_gmt":"2022-04-28T19:34:35","guid":{"rendered":"https:\/\/www.ottawahospital.on.ca\/?page_id=71953"},"modified":"2022-05-17T11:12:33","modified_gmt":"2022-05-17T15:12:33","slug":"etude-decoulement-de-liquide-cephalorachidien","status":"publish","type":"page","link":"https:\/\/www.ottawahospital.on.ca\/fr\/services-cliniques\/deptpgrmcs\/departements\/medecine-nucleaire\/examens-et-interventions\/etude-decoulement-de-liquide-cephalorachidien\/","title":{"rendered":"\u00c9tude d\u2019\u00e9coulement de liquide c\u00e9phalorachidien"},"content":{"rendered":"\n<h2 class=\"wp-block-heading\">Cisternographie isotopique \u2013 D\u00e9pistage de fuites<\/h2>\n\n\n\n<p class=\"intro-text1\">Votre m\u00e9decin vous envoie passer une \u00e9tude de d\u00e9pistage de fuites par cisternographie isotopique, ou \u00e9tude d\u2019\u00e9coulement de liquide c\u00e9phalorachidien. Ce guide r\u00e9pondra \u00e0 certaines de vos questions \u00e0 ce sujet.&nbsp;<\/p>\n\n\n\n<h2 class=\"wp-block-heading\">Qu\u2019est-ce qu\u2019une \u00e9tude d\u2019\u00e9coulement de liquide c\u00e9phalorachidien?&nbsp;<\/h2>\n\n\n\n<p>Une cisternographie isotopique ou \u00e9tude d\u2019\u00e9coulement de liquide c\u00e9phalorachidien est un examen d\u2019imagerie qui permet de suivre la circulation du liquide c\u00e9phalorachidien dans la colonne vert\u00e9brale et le cerveau. On peut ainsi d\u00e9terminer s\u2019il y a des blocages. Votre m\u00e9decin aimerait surtout v\u00e9rifier s\u2019il y a une fuite de liquide c\u00e9phalorachidien.&nbsp;<\/p>\n\n\n\n<h2 class=\"wp-block-heading\">En quoi consiste l\u2019examen?&nbsp;<\/h2>\n\n\n\n<p>Vous devrez venir au moins <strong>2\u202ffois<\/strong> \u00e0 l\u2019h\u00f4pital pour passer toutes les parties de l\u2019examen. Le <strong>premier rendez-vous durera presque toute la journ\u00e9e. L\u2019autre durera environ une heure.<\/strong>&nbsp;<\/p>\n\n\n\n<p>Si vous prenez des anticoagulants, vous devrez cesser de les prendre 5\u202fjours avant le rendez-vous. Si vous prenez du Diamox (ac\u00e9tazolamide), vous devrez aussi cesser de prendre ce m\u00e9dicament la semaine pr\u00e9c\u00e9dant l\u2019examen. Nous vous conseillons de v\u00e9rifier aupr\u00e8s de votre m\u00e9decin de famille avant de cesser de prendre tout m\u00e9dicament. Nous vous conseillons aussi de vous faire accompagner au premier rendez-vous, car l\u2019injection du traceur radioactif pourrait vous donner un l\u00e9ger mal de t\u00eate. Vous ne vous sentirez peut-\u00eatre pas assez bien pour conduire ou prendre l\u2019autobus seul.&nbsp;<\/p>\n\n\n\n<p>Votre rendez-vous commencera en Radiologie. \u00c0 votre arriv\u00e9e, un m\u00e9decin sp\u00e9cialis\u00e9 vous expliquera d\u2019abord l\u2019examen en entier et vous demandera de signer un formulaire de consentement. On vous demandera ensuite de vous allonger sur une table d\u2019examen. Le m\u00e9decin vous injectera une petite quantit\u00e9 d\u2019anesth\u00e9sique dans le bas du dos pour engourdir l\u2019endroit o\u00f9 il fera la deuxi\u00e8me injection. On prendra ensuite des radiographies du bas du dos pour rep\u00e9rer l\u2019endroit exact o\u00f9 il fera la deuxi\u00e8me injection. Il injectera une petite quantit\u00e9 de traceur radioactif dans votre colonne vert\u00e9brale. Ce produit ne cause aucun effet secondaire connu. On vous demandera ensuite de descendre de la table d\u2019examen et de vous allonger sur une civi\u00e8re. Puis, on vous am\u00e8nera au Service de m\u00e9decine nucl\u00e9aire. Vous devrez y attendre allong\u00e9 pendant 1\u202fheure. Ensuite, un technologue en m\u00e9decine nucl\u00e9aire prendra une image de votre dos pour s\u2019assurer que le traceur radioactif est bien distribu\u00e9. On pr\u00e9l\u00e8vera aussi une petite quantit\u00e9 de votre sang.&nbsp;&nbsp;<\/p>\n\n\n\n<p>Ensuite, vous serez transf\u00e9r\u00e9 \u00e0 la Clinique d\u2019oto-rhino-laryngologie, o\u00f9 un m\u00e9decin sp\u00e9cialis\u00e9 ins\u00e9rera plusieurs gazes de coton dans le fond de votre cavit\u00e9 nasale (nez). Elles pourront ainsi absorber toute fuite de liquide c\u00e9phalorachidien, au besoin. Elles demeureront dans votre nez jusqu\u2019\u00e0 ce que toutes les images aient \u00e9t\u00e9 prises, c\u2019est-\u00e0-dire jusqu\u2019\u00e0 la fin de la journ\u00e9e.&nbsp;&nbsp;<\/p>\n\n\n\n<p>On vous ram\u00e8nera ensuite au Service de m\u00e9decine nucl\u00e9aire, o\u00f9 vous attendrez environ 2\u202fheures avant que l\u2019examen d\u2019imagerie puisse avoir lieu. Pendant cette p\u00e9riode, vous pourrez manger. Une fois l\u2019attente termin\u00e9e, un technologue vous am\u00e8nera dans une salle d\u2019imagerie et vous demandera de vous allonger sur une table d\u2019examen. Il positionnera un d\u00e9tecteur appel\u00e9 \u00ab\u202fcam\u00e9ra gamma\u202f\u00bb pr\u00e8s de votre t\u00eate. Il prendra ensuite plusieurs images pour voir le d\u00e9placement du traceur. On prendra aussi des images en trois\u202fdimensions de votre t\u00eate. La prise d\u2019images prend environ une heure.&nbsp;&nbsp;<\/p>\n\n\n\n<p>Une fois l\u2019examen d\u2019imagerie termin\u00e9e, on pr\u00e9l\u00e8vera de nouveau une petite quantit\u00e9 de votre sang. On retirera alors les gazes de coton de votre nez. On examinera plus tard les gazes de coton pour v\u00e9rifier si elles contiennent du liquide c\u00e9phalorachidien.&nbsp;<\/p>\n\n\n\n<p>Pour qu\u2019on puisse bien voir le liquide c\u00e9phalorachidien circuler dans le cerveau et d\u00e9terminer s\u2019il y a des fuites, vous devrez revenir le lendemain pour d\u2019autres prises d\u2019images. Dans certains cas, on pourrait devoir prendre d\u2019autres images apr\u00e8s 48\u202fheures, selon l\u2019avis du m\u00e9decin de m\u00e9decine nucl\u00e9aire. On vous dira \u00e0 quelle heure revenir avant votre d\u00e9part.&nbsp;<\/p>\n\n\n\n<h2 class=\"wp-block-heading\">Comment devez-vous vous pr\u00e9parer pour l\u2019examen?&nbsp;<\/h2>\n\n\n\n<ul class=\"wp-block-list\"><li>Apportez votre carte d\u2019assurance-sant\u00e9.&nbsp;<\/li><\/ul>\n\n\n\n<ul class=\"wp-block-list\"><li>Vous devrez cesser de prendre tout anticoagulant pendant au moins 5\u202fjours avant votre rendez-vous, apr\u00e8s avoir consult\u00e9 votre m\u00e9decin.\u00a0<\/li><li>Vous devrez cesser de prendre du Diamox (ac\u00e9tazolamide) pendant une semaine avant votre rendez-vous, apr\u00e8s avoir consult\u00e9 votre m\u00e9decin.\u00a0\u00a0<\/li><li>Il est pr\u00e9f\u00e9rable de vous faire accompagner \u00e0 votre premier rendez-vous, qui prendra une bonne partie de la journ\u00e9e, puisque vous ne serez peut-\u00eatre pas en mesure de conduire.\u00a0<\/li><li>Laissez tout objet de valeur \u00e0 la maison.\u00a0<\/li><li>Lorsque vous prendrez rendez-vous, veuillez indiquer au commis du bureau des rendez-vous si vous \u00eates claustrophobe ou si vous avez de la difficult\u00e9 \u00e0 rester allong\u00e9 sans bouger, avez besoin d\u2019un l\u00e8ve-personne pour votre transfert sur la table d\u2019examen ou si vous avez tout autre besoin particulier (p.\u202fex. besoin d\u2019un interpr\u00e8te). Ainsi, nous prendrons les mesures n\u00e9cessaires pour vous offrir les meilleurs soins qui soient.\u00a0<\/li><\/ul>\n\n\n\n<h3 class=\"wp-block-heading\">L\u2019examen est-il douloureux&nbsp;<\/h3>\n\n\n\n<p>L\u2019anesth\u00e9sique inject\u00e9 au bas du dos devrait soulager la douleur. Vous pourriez toutefois sentir une certaine pression lors de l\u2019injection du traceur radioactif. Cette sensation dispara\u00eet normalement en quelques minutes.&nbsp;<\/p>\n\n\n\n<p>Les gazes de coton ins\u00e9r\u00e9es dans le nez pourraient causer un certain inconfort pendant qu\u2019elles sont en place.&nbsp;<\/p>\n\n\n\n<h2 class=\"wp-block-heading\">Les radiations sont-elles dangereuses?&nbsp;<\/h2>\n\n\n\n<p>Nous utilisons une tr\u00e8s petite quantit\u00e9 de radiations pour r\u00e9aliser l\u2019examen. Le corps \u00e9limine presque tout le traceur radioactif peu apr\u00e8s l\u2019examen (les traces restantes dispara\u00eetront dans la semaine qui suit). Les r\u00e9sultats de votre examen fourniront de l\u2019information utile sur votre \u00e9tat de sant\u00e9 \u00e0 votre m\u00e9decin et l\u2019aideront \u00e0 planifier votre traitement. Les avantages de passer cet examen l\u2019emportent nettement sur les risques possibles d\u2019une petite dose de rayonnement.<strong>&nbsp;<\/strong>&nbsp;<\/p>\n\n\n\n<h2 class=\"wp-block-heading\">Que devez-vous faire apr\u00e8s l\u2019examen?&nbsp;<\/h2>\n\n\n\n<p>L\u2019examen provoque un mal de t\u00eate chez certaines personnes. La meilleure fa\u00e7on de l\u2019\u00e9viter est de rester allong\u00e9 les premi\u00e8res heures apr\u00e8s l\u2019injection. Si vous avez mal \u00e0 la t\u00eate, allongez-vous et prenez des antidouleurs en vente libre. Nous vous encourageons \u00e0 boire plus de liquides les 24\u202fheures suivant l\u2019injection. L\u2019examen peut aussi causer un mal de t\u00eate, au dos, aux jambes ou aux hanches. Rendez-vous \u00e0 l\u2019Urgence la plus proche si ces sympt\u00f4mes s\u2019intensifient.&nbsp;<\/p>\n\n\n\n<p>Si vous devez voyager \u00e0 l\u2019\u00e9tranger dans les deux semaines suivant l\u2019examen, veuillez nous en aviser pour obtenir des conseils. Les d\u00e9tecteurs de radiation des ports, des a\u00e9roports et des postes frontaliers sont tr\u00e8s sensibles et peuvent d\u00e9tecter les minuscules traces de radioactivit\u00e9. Nous vous donnerons une lettre que vous pourrez montrer aux agents des douanes.&nbsp;<\/p>\n\n\n\n<h2 class=\"wp-block-heading\">Y a-t-il quelque chose que vous devriez mentionner au personnel avant l\u2019injection?&nbsp;<\/h2>\n\n\n\n<p>Veuillez nous dire si vous \u00eates enceinte ou si vous allaitez.&nbsp;&nbsp;<\/p>\n\n\n\n<h2 class=\"wp-block-heading\">Comment obtiendrez-vous les r\u00e9sultats de votre examen?&nbsp;<\/h2>\n\n\n\n<p>Un m\u00e9decin sp\u00e9cialiste examinera les images peu apr\u00e8s l\u2019examen, puis il enverra un rapport au m\u00e9decin qui a demand\u00e9 l\u2019examen. Votre m\u00e9decin devrait le recevoir dans la semaine qui suit l\u2019examen. Vous aurez acc\u00e8s au rapport dans MyChart d\u00e8s qu\u2019il sera disponible.&nbsp;<\/p>\n\n\n\n<p>Si vous avez des questions sur les r\u00e9sultats ou le rapport d\u2019examen, veuillez communiquer directement avec votre m\u00e9decin. Il est le mieux plac\u00e9 pour interpr\u00e9ter les r\u00e9sultats pour vous.&nbsp;<\/p>\n\n\n\n<h2 class=\"wp-block-heading\">Y a-t-il des frais pour cet examen?&nbsp;<\/h2>\n\n\n\n<p>Non. L\u2019examen est pay\u00e9 par le syst\u00e8me de sant\u00e9. Comme il nous en co\u00fbte plusieurs centaines de dollars, nous vous prions de nous aviser au 613\u202f761-4831 si vous ne pouvez pas venir \u00e0 votre rendez-vous.&nbsp;<\/p>\n\n\n\n<h2 class=\"wp-block-heading\">Que devriez-vous faire si vous ne pouvez pas venir \u00e0 votre rendez-vous?&nbsp;<\/h2>\n\n\n\n<p>Si vous ne pouvez pas venir \u00e0 votre rendez-vous, il est important de nous en aviser d\u00e8s que possible au 613\u202f761-4831. Autrement, votre absence entra\u00eenera un gaspillage de mat\u00e9riel co\u00fbteux command\u00e9 sp\u00e9cialement pour votre examen en plus de r\u00e9duire l\u2019acc\u00e8s \u00e0 ce service pour d\u2019autres patients. Un rendez-vous manqu\u00e9 peut aussi entra\u00eener un retard dans vos traitements.&nbsp;<\/p>\n\n\n\n<h2 class=\"wp-block-heading\">Comment vous rendre et o\u00f9 vous stationner&nbsp;<\/h2>\n\n\n\n<figure class=\"wp-block-table is-style-stripes\"><table><tbody><tr><td>Campus Civic&nbsp;&nbsp;1053, avenue Carling, 1<sup>er<\/sup>\u202f\u00e9tage&nbsp;T\u00e9l\u00e9phone\u202f: 613\u202f761-4831 (option\u202f8)&nbsp;Heures d\u2019ouverture\u202f: Du lundi au vendredi, de 8\u202fh \u00e0 16\u202fh&nbsp;Pour nous trouver\u202f: Une fois dans le Campus Civic, prenez l\u2019ascenseur C pour vous rendre au 1<sup>er<\/sup>\u202f\u00e9tage, puis suivez les panneaux de la M\u00e9decine nucl\u00e9aire. Vous pouvez aussi demander le chemin au bureau d\u2019information.&nbsp;<\/td><td>Campus G\u00e9n\u00e9ral&nbsp;&nbsp;501, chemin Smyth, rez-de-chauss\u00e9e&nbsp;T\u00e9l\u00e9phone\u202f: 613\u202f761-4831 (option\u202f8)&nbsp;Heures d\u2019ouverture\u202f: Du lundi au vendredi, de 7\u202fh \u00e0 16\u202fh&nbsp;Pour nous trouver\u202f: \u00c0 partir de l\u2019entr\u00e9e principale de l\u2019h\u00f4pital, rendez-vous aux ascenseurs, puis suivez les panneaux de la M\u00e9decine nucl\u00e9aire. Vous pouvez aussi demander le chemin au bureau d\u2019information.&nbsp;<\/td><\/tr><tr><td>Stationnez-vous dans le stationnement accessible depuis l\u2019avenue Carling (P7) <strong>ou<\/strong> dans le stationnement \u00e0 \u00e9tages (P1).&nbsp;&nbsp;<\/td><td>Stationnez-vous dans le stationnement \u00e0 \u00e9tages \u00e0 c\u00f4t\u00e9 de l\u2019entr\u00e9e principale qui donne sur le\u202fchemin Smyth.&nbsp;&nbsp;<\/td><\/tr><\/tbody><\/table><\/figure>\n\n\n\n<h3 class=\"wp-block-heading\">Instructions pour le stationnement&nbsp;<\/h3>\n\n\n\n<ul class=\"wp-block-list\"><li>Tous nos stationnements sont automatis\u00e9s.&nbsp;&nbsp;<\/li><li>Gardez le billet de stationnement sur vous.&nbsp;&nbsp;<\/li><li>\u00c0 la fin de votre visite, vous pourrez payer \u00e0 l\u2019un des guichets de paiement automatis\u00e9s (argent comptant ou carte de cr\u00e9dit) ou \u00e0 une sortie rapide dans le stationnement (carte de cr\u00e9dit). Vous avez 20\u202fminutes pour sortir du stationnement apr\u00e8s avoir pay\u00e9.&nbsp;<\/li><li>Modes de paiement&nbsp;<ul><li>Guichets de paiement\u202f: Argent comptant ou carte de cr\u00e9dit (Visa, MasterCard ou American Express)&nbsp;<\/li><\/ul><\/li><li>Frais de stationnement\u202f: maximum de 13\u202f$ par jour&nbsp;<\/li><\/ul>\n\n\n\n<p>Visitez le site Web de L\u2019H\u00f4pital d\u2019Ottawa pour en savoir plus sur le <a href=\"https:\/\/www.ottawahospital.on.ca\/fr\/patients-et-visiteurs\/visites-a-lhopital\">chemin \u00e0 prendre et le stationnement.<\/a> Vous y trouverez des plans des lieux.&nbsp;<\/p>\n","protected":false},"excerpt":{"rendered":"<p>Cisternographie isotopique \u2013 D\u00e9pistage de fuites Votre m\u00e9decin vous envoie passer une \u00e9tude de d\u00e9pistage de fuites par cisternographie isotopique, ou \u00e9tude d\u2019\u00e9coulement de liquide c\u00e9phalorachidien. Ce guide r\u00e9pondra \u00e0 certaines de vos questions \u00e0 ce sujet.&nbsp; Qu\u2019est-ce qu\u2019une \u00e9tude d\u2019\u00e9coulement de liquide c\u00e9phalorachidien?&nbsp; Une cisternographie isotopique ou \u00e9tude d\u2019\u00e9coulement de liquide c\u00e9phalorachidien est un [&hellip;]<\/p>\n","protected":false},"author":25,"featured_media":0,"parent":12427,"menu_order":11,"comment_status":"closed","ping_status":"closed","template":"","meta":{"_acf_changed":false,"_mc_calendar":[],"footnotes":""},"class_list":["post-71953","page","type-page","status-publish","hentry"],"acf":[],"wps_subtitle":"","_links":{"self":[{"href":"https:\/\/www.ottawahospital.on.ca\/fr\/wp-json\/wp\/v2\/pages\/71953","targetHints":{"allow":["GET"]}}],"collection":[{"href":"https:\/\/www.ottawahospital.on.ca\/fr\/wp-json\/wp\/v2\/pages"}],"about":[{"href":"https:\/\/www.ottawahospital.on.ca\/fr\/wp-json\/wp\/v2\/types\/page"}],"author":[{"embeddable":true,"href":"https:\/\/www.ottawahospital.on.ca\/fr\/wp-json\/wp\/v2\/users\/25"}],"replies":[{"embeddable":true,"href":"https:\/\/www.ottawahospital.on.ca\/fr\/wp-json\/wp\/v2\/comments?post=71953"}],"version-history":[{"count":0,"href":"https:\/\/www.ottawahospital.on.ca\/fr\/wp-json\/wp\/v2\/pages\/71953\/revisions"}],"up":[{"embeddable":true,"href":"https:\/\/www.ottawahospital.on.ca\/fr\/wp-json\/wp\/v2\/pages\/12427"}],"wp:attachment":[{"href":"https:\/\/www.ottawahospital.on.ca\/fr\/wp-json\/wp\/v2\/media?parent=71953"}],"curies":[{"name":"wp","href":"https:\/\/api.w.org\/{rel}","templated":true}]}}